{"id":124486,"date":"2024-11-23T16:49:50","date_gmt":"2024-11-23T15:49:50","guid":{"rendered":"https:\/\/www.seaflowerstore.com\/?post_type=product&#038;p=124486"},"modified":"2024-11-23T16:52:47","modified_gmt":"2024-11-23T15:52:47","slug":"reef-factory-cobalt-co-150-ml","status":"publish","type":"product","link":"https:\/\/www.seaflowerstore.com\/de\/reef-factory-cobalt-co-150-ml\/","title":{"rendered":"Reef Factory Cobalt (Co) &#8211; 150 ml"},"content":{"rendered":"<h2>Reef Factory Cobalt (Co) &#8211; 150 ml Wichtig f\u00fcr das Wachstum von Tieren<\/h2>\n<h3>Dosierung und Hauptmerkmale von Cobalt Reef Minerals<\/h3>\n<p><strong>Dosierung:<\/strong> Das Hinzuf\u00fcgen von 1 ml Cobalt Reef Minerals erh\u00f6ht den Kobaltniveau (Co) um 1 \u00b5g\/L in einem 100 L Meerwasseraquarium. Die chemische Zusammensetzung von Cobalt Reef Minerals wurde entwickelt, um Defizite und pl\u00f6tzliche Abf\u00e4lle des Kobalts im Meerwasser schnell auszugleichen. Die Anwendung ist sicher und erm\u00f6glicht eine schnelle und effektive Erh\u00f6hung des Kobaltniveaus auf die optimalen Werte in einem Meerwasseraquarium.<\/p>\n<h2>Wichtige Merkmale<\/h2>\n<ul>\n<li><strong>Wichtig f\u00fcr das Wachstum von Tieren.<\/strong><\/li>\n<li><strong>F\u00f6rdert das Algenwachstum.<\/strong><\/li>\n<li><strong>Wird auch von Foraminiferen und Schw\u00e4mmen genutzt.<\/strong><\/li>\n<li><strong>Von gro\u00dfer Bedeutung f\u00fcr Stoffwechselprozesse in Tieren.<\/strong><\/li>\n<\/ul>\n<p>Jedes Aquarium ist einzigartig, und die Dosierung h\u00e4ngt von der Korallenpopulation und den individuellen Bed\u00fcrfnissen der Meerestiere ab. Es ist entscheidend, die richtige Menge an Mineralien bereitzustellen, um das Wohlbefinden der Tiere zu gew\u00e4hrleisten. Daher sollte die Dosierung regelm\u00e4\u00dfig angepasst werden, basierend auf den Tests im Reef Factory LAB Labor.<\/p>\n<p><strong>Der empfohlene Kobaltniveau im Aquariumwasser liegt bei 0,1-1,6 \u00b5g\/L.<\/strong><\/p>\n<p>Die maximale sichere Tagesdosis betr\u00e4gt 1 ml pro 100 Liter Wasser.<\/p>\n<p><strong>Wir empfehlen, es schrittweise in kleineren Portionen zu verabreichen,<\/strong> um die Meerestiere vor \u00fcberm\u00e4\u00dfigem Stress zu sch\u00fctzen.<\/p>\n<p><strong>Der empfohlene Chromgehalt im Aquariumwasser liegt bei 0,1-0,4 \u00b5g\/L.<\/strong><\/p>\n<p>Die maximale sichere Tagesdosis betr\u00e4gt 0,25 ml pro 100 Liter Wasser.<\/p>\n<p><strong>Wir empfehlen, es schrittweise in kleineren Portionen zu verabreichen,<\/strong> um die Meerestiere vor \u00fcberm\u00e4\u00dfigem Stress zu sch\u00fctzen.<\/p>\n","protected":false},"excerpt":{"rendered":"<p>Reef Factory Cobalt (Co) &#8211; 150 ml Wichtig f\u00fcr das Wachstum von Tieren<\/p>\n","protected":false},"featured_media":124484,"template":"","meta":[],"pwb-brand":[2285],"product_cat":[1391],"product_tag":[],"class_list":{"0":"post-124486","1":"product","2":"type-product","3":"status-publish","4":"has-post-thumbnail","6":"pwb-brand-reef-factory","7":"product_cat-ergaenzungen","9":"first","10":"outofstock","11":"taxable","12":"shipping-taxable","13":"purchasable","14":"product-type-simple"},"acf":[],"brands":[{"id":2285,"name":"Reef Factory","slug":"reef-factory"}],"_links":{"self":[{"href":"https:\/\/www.seaflowerstore.com\/de\/wp-json\/wp\/v2\/product\/124486","targetHints":{"allow":["GET"]}}],"collection":[{"href":"https:\/\/www.seaflowerstore.com\/de\/wp-json\/wp\/v2\/product"}],"about":[{"href":"https:\/\/www.seaflowerstore.com\/de\/wp-json\/wp\/v2\/types\/product"}],"wp:featuredmedia":[{"embeddable":true,"href":"https:\/\/www.seaflowerstore.com\/de\/wp-json\/wp\/v2\/media\/124484"}],"wp:attachment":[{"href":"https:\/\/www.seaflowerstore.com\/de\/wp-json\/wp\/v2\/media?parent=124486"}],"wp:term":[{"taxonomy":"pwb-brand","embeddable":true,"href":"https:\/\/www.seaflowerstore.com\/de\/wp-json\/wp\/v2\/pwb-brand?post=124486"},{"taxonomy":"product_cat","embeddable":true,"href":"https:\/\/www.seaflowerstore.com\/de\/wp-json\/wp\/v2\/product_cat?post=124486"},{"taxonomy":"product_tag","embeddable":true,"href":"https:\/\/www.seaflowerstore.com\/de\/wp-json\/wp\/v2\/product_tag?post=124486"}],"curies":[{"name":"wp","href":"https:\/\/api.w.org\/{rel}","templated":true}]}}