{"id":124499,"date":"2024-11-23T17:07:36","date_gmt":"2024-11-23T16:07:36","guid":{"rendered":"https:\/\/www.seaflowerstore.com\/?post_type=product&#038;p=124499"},"modified":"2025-10-27T20:38:20","modified_gmt":"2025-10-27T19:38:20","slug":"reef-factory-zinc-zn-150-ml","status":"publish","type":"product","link":"https:\/\/www.seaflowerstore.com\/de\/reef-factory-zinc-zn-150-ml\/","title":{"rendered":"Reef Factory Zinc (Zn) &#8211; 150 ml"},"content":{"rendered":"<h2>Reef Factory Zinc (Zn) &#8211; 150 ml beeinflusst die Gewebereparatur und stimuliert das Wachstum von Korallen<\/h2>\n<p><strong>Dosierung:<\/strong> Das Hinzuf\u00fcgen von 1 ml Zinc Reef Minerals erh\u00f6ht den Zink (Zn) Wert um 2 \u00b5g\/L in einem 100 L Meerwasseraquarium.<\/p>\n<p>Die chemische Zusammensetzung von Zinc Reef Minerals wurde entwickelt, um Zinkm\u00e4ngel und pl\u00f6tzliche Abf\u00e4lle schnell auszugleichen. Die Verwendung ist sicher und erm\u00f6glicht eine schnelle und effektive Erh\u00f6hung des Zinkniveaus im Meerwasseraquarium auf die optimalen Werte.<\/p>\n<h2>Wichtige Merkmale:<\/h2>\n<ul>\n<li>Zink spielt eine entscheidende Rolle in den Stoffwechselzyklen von Korallen.<\/li>\n<li>Es beeinflusst die Gewebereparatur und stimuliert das Wachstum von Korallen.<\/li>\n<li>Zink ist an der Biofilm-Bildung beteiligt und beeinflusst die Beweglichkeit von Bakterien.<\/li>\n<li>Es reguliert oxidative Prozesse und sch\u00fctzt Korallen vor \u00fcbersch\u00fcssiger Beleuchtungsenergie.<\/li>\n<li>Zink beeinflusst auch viele Prozesse, die mit der F\u00e4rbung von Korallen zu tun haben.<\/li>\n<li>Es reguliert den Symbiontenalgengehalt im Skelett der Korallen.<\/li>\n<\/ul>\n<p>Jedes Aquarium ist einzigartig und die Dosierung h\u00e4ngt von der Korallenpopulation und den individuellen Bed\u00fcrfnissen der Meerestiere ab. Die richtige Menge an Mineralien bereitzustellen, ist entscheidend f\u00fcr das Wohlbefinden der Tiere. Daher sollte die Dosierung entsprechend angepasst und modifiziert werden, basierend auf regelm\u00e4\u00dfigen Wasseranalysen im Reef Factory LAB Labor.<\/p>\n<p>Der empfohlene Zinkwert im Aquariumwasser liegt bei 2-5 \u00b5g\/L.<\/p>\n<p><strong>Maximale sichere Tagesdosis:<\/strong> 1 ml pro 100 Liter Wasser.<\/p>\n<p>Wir empfehlen, das Produkt schrittweise in kleineren Portionen zu verabreichen, um die Meerestiere vor \u00fcberm\u00e4\u00dfigen Stress zu sch\u00fctzen.<\/p>\n","protected":false},"excerpt":{"rendered":"<p>Reef Factory Zinc (Zn) &#8211; 150 ml beeinflusst die Gewebereparatur und stimuliert das Wachstum von Korallen<\/p>\n","protected":false},"featured_media":124497,"template":"","meta":[],"pwb-brand":[2285],"product_cat":[1391],"product_tag":[],"class_list":{"0":"post-124499","1":"product","2":"type-product","3":"status-publish","4":"has-post-thumbnail","6":"pwb-brand-reef-factory","7":"product_cat-ergaenzungen","9":"first","10":"outofstock","11":"taxable","12":"shipping-taxable","13":"purchasable","14":"product-type-simple"},"acf":[],"brands":[{"id":2285,"name":"Reef Factory","slug":"reef-factory"}],"_links":{"self":[{"href":"https:\/\/www.seaflowerstore.com\/de\/wp-json\/wp\/v2\/product\/124499","targetHints":{"allow":["GET"]}}],"collection":[{"href":"https:\/\/www.seaflowerstore.com\/de\/wp-json\/wp\/v2\/product"}],"about":[{"href":"https:\/\/www.seaflowerstore.com\/de\/wp-json\/wp\/v2\/types\/product"}],"wp:featuredmedia":[{"embeddable":true,"href":"https:\/\/www.seaflowerstore.com\/de\/wp-json\/wp\/v2\/media\/124497"}],"wp:attachment":[{"href":"https:\/\/www.seaflowerstore.com\/de\/wp-json\/wp\/v2\/media?parent=124499"}],"wp:term":[{"taxonomy":"pwb-brand","embeddable":true,"href":"https:\/\/www.seaflowerstore.com\/de\/wp-json\/wp\/v2\/pwb-brand?post=124499"},{"taxonomy":"product_cat","embeddable":true,"href":"https:\/\/www.seaflowerstore.com\/de\/wp-json\/wp\/v2\/product_cat?post=124499"},{"taxonomy":"product_tag","embeddable":true,"href":"https:\/\/www.seaflowerstore.com\/de\/wp-json\/wp\/v2\/product_tag?post=124499"}],"curies":[{"name":"wp","href":"https:\/\/api.w.org\/{rel}","templated":true}]}}