{"id":124505,"date":"2024-11-23T17:17:41","date_gmt":"2024-11-23T16:17:41","guid":{"rendered":"https:\/\/www.seaflowerstore.com\/?post_type=product&#038;p=124505"},"modified":"2025-05-13T09:22:38","modified_gmt":"2025-05-13T07:22:38","slug":"reef-factory-iodine-1000-ml","status":"publish","type":"product","link":"https:\/\/www.seaflowerstore.com\/de\/reef-factory-iodine-1000-ml\/","title":{"rendered":"Reef Factory Iodine &#8211; 1000 ml"},"content":{"rendered":"<h2>Reef Factory Jod &#8211; 1000 ml Wird auch von Schw\u00e4mmen und Korallen genutzt<\/h2>\n<p><strong>Dosierung:<\/strong> Das Hinzuf\u00fcgen von 10 ml Iodine Reef Minerals erh\u00f6ht den Jod (I) Wert um 0,2 mg\/L (ppm) in einem 100 L Meerwasseraquarium.<\/p>\n<p>Die chemische Zusammensetzung von Iodine Reef Minerals ist speziell entwickelt, um Jodmangel und pl\u00f6tzliche R\u00fcckg\u00e4nge im Meerwasser auszugleichen. Die Anwendung ist sicher und erm\u00f6glicht eine schnelle und effektive Erh\u00f6hung des Jodspiegels, um den optimalen Wert im Meerwasseraquarium zu erreichen.<\/p>\n<h2>Hauptmerkmale:<\/h2>\n<ul>\n<li>F\u00f6rdert das Wachstum von Algen.<\/li>\n<li>Wird auch von Schw\u00e4mmen und Korallen genutzt.<\/li>\n<li>Beteiligt sich an den Stoffwechselprozessen von Meerestieren.<\/li>\n<\/ul>\n<p>Jedes Aquarium ist einzigartig, und die Dosierung sollte basierend auf der Korallenpopulation und den individuellen Bed\u00fcrfnissen der Meerestiere angepasst werden. Die Bereitstellung der richtigen Menge Mineralien ist entscheidend f\u00fcr das Wohlbefinden der Tiere. Daher sollte die Dosierung entsprechend angepasst und anhand regelm\u00e4\u00dfiger Wasseranalysen im Reef Factory LAB-Laboratorium modifiziert werden.<\/p>\n<p><strong>Empfohlener Jodwert im Aquariumwasser:<\/strong> 50-80 \u03bcg\/L.<\/p>\n<p><strong>Die maximal sichere Tagesdosis:<\/strong> 1 ml pro 100 Liter Wasser.<\/p>\n<p>Wir empfehlen, das Jod schrittweise in kleineren Portionen zu verabreichen, um Meerestiere vor \u00fcberm\u00e4\u00dfigem Stress zu sch\u00fctzen.<\/p>\n","protected":false},"excerpt":{"rendered":"<p>Reef Factory Jod &#8211; 1000 ml Wird auch von Schw\u00e4mmen und Korallen genutzt<\/p>\n","protected":false},"featured_media":124503,"template":"","meta":[],"pwb-brand":[2285],"product_cat":[1391],"product_tag":[],"class_list":{"0":"post-124505","1":"product","2":"type-product","3":"status-publish","4":"has-post-thumbnail","6":"pwb-brand-reef-factory","7":"product_cat-ergaenzungen","9":"first","10":"outofstock","11":"sale","12":"taxable","13":"shipping-taxable","14":"purchasable","15":"product-type-simple"},"acf":[],"brands":[{"id":2285,"name":"Reef Factory","slug":"reef-factory"}],"_links":{"self":[{"href":"https:\/\/www.seaflowerstore.com\/de\/wp-json\/wp\/v2\/product\/124505","targetHints":{"allow":["GET"]}}],"collection":[{"href":"https:\/\/www.seaflowerstore.com\/de\/wp-json\/wp\/v2\/product"}],"about":[{"href":"https:\/\/www.seaflowerstore.com\/de\/wp-json\/wp\/v2\/types\/product"}],"wp:featuredmedia":[{"embeddable":true,"href":"https:\/\/www.seaflowerstore.com\/de\/wp-json\/wp\/v2\/media\/124503"}],"wp:attachment":[{"href":"https:\/\/www.seaflowerstore.com\/de\/wp-json\/wp\/v2\/media?parent=124505"}],"wp:term":[{"taxonomy":"pwb-brand","embeddable":true,"href":"https:\/\/www.seaflowerstore.com\/de\/wp-json\/wp\/v2\/pwb-brand?post=124505"},{"taxonomy":"product_cat","embeddable":true,"href":"https:\/\/www.seaflowerstore.com\/de\/wp-json\/wp\/v2\/product_cat?post=124505"},{"taxonomy":"product_tag","embeddable":true,"href":"https:\/\/www.seaflowerstore.com\/de\/wp-json\/wp\/v2\/product_tag?post=124505"}],"curies":[{"name":"wp","href":"https:\/\/api.w.org\/{rel}","templated":true}]}}