{"id":124682,"date":"2024-12-13T16:00:06","date_gmt":"2024-12-13T15:04:24","guid":{"rendered":"https:\/\/www.seaflowerstore.com\/?post_type=product&#038;p=124682"},"modified":"2024-12-13T16:04:25","modified_gmt":"2024-12-13T15:04:25","slug":"ati-phosphat-stop","status":"publish","type":"product","link":"https:\/\/www.seaflowerstore.com\/de\/ati-phosphat-stop\/","title":{"rendered":"ATI Phosphat Stop"},"content":{"rendered":"<h2>ATI Phosphat Stop Phosphat Zuverl\u00e4ssig und Dauerhaft Binden<\/h2>\n<p>ATI Phosphate Stop ist ein leistungsstarker Phosphatabsorber auf Eisenhydroxidbasis. Es entfernt Phosphat effektiv aus Meerwasser, S\u00fc\u00dfwasser und Teichwasser. Einmal gebundenes Phosphat wird nicht wieder ins Wasser abgegeben. Selbst nach l\u00e4ngerer Nutzung gibt das Filtermaterial kein Phosphat an das Aquarienwasser ab. Dies macht ATI Phosphate Stop ideal f\u00fcr Riffaquarien, da es keine Schadstoffe ins Wasser abgibt.<\/p>\n<h3>Empfohlene Verwendung<\/h3>\n<p>Wir empfehlen, <strong>150ml ATI Phosphate Stop pro 100 Liter Wasser<\/strong> zu verwenden. Jedes Aquarium ist jedoch einzigartig, daher sollten die Phosphatwerte (PO4) genau \u00fcberwacht werden, um die optimale Dosierung f\u00fcr Ihr Aquarium zu ermitteln.<\/p>\n<h3>Gebrauchsanweisung<\/h3>\n<ul>\n<li><strong>Sp\u00fclen Sie das Produkt gr\u00fcndlich<\/strong> mit sauberem Osmosewasser (RO), bevor Sie es verwenden.<\/li>\n<li>Verwenden Sie ATI Phosphate Stop mit so wenig Bewegung wie m\u00f6glich. Zu starke Bewegung kann die Bariumwerte im Aquarium erh\u00f6hen, was jedoch nicht sch\u00e4dlich ist. Verwenden Sie <strong>ATI Phosphate Stop AL<\/strong>, um das Barium zu absorbieren und gleichzeitig die Phosphatwerte zu senken.<\/li>\n<li>Bewegen Sie das Filtermaterial alle paar Tage leicht, um Kanalbildung zu verhindern und die Wirksamkeit zu erhalten.<\/li>\n<\/ul>\n<h3>F\u00fcr Hohe Phosphatwerte<\/h3>\n<p>Wenn Ihr Aquarium sehr hohe Phosphatwerte aufweist, verwenden Sie zun\u00e4chst <strong>ATI Phosphate Stop AL<\/strong> anstelle von ATI Phosphate Stop f\u00fcr bessere Anfangsergebnisse.<\/p>\n","protected":false},"excerpt":{"rendered":"<p>ATI Phosphat Stop Phosphat Zuverl\u00e4ssig und Dauerhaft Binden<\/p>\n","protected":false},"featured_media":124677,"template":"","meta":[],"pwb-brand":[2131],"product_cat":[1453,1395],"product_tag":[],"class_list":{"0":"post-124682","1":"product","2":"type-product","3":"status-publish","4":"has-post-thumbnail","6":"pwb-brand-ati","7":"product_cat-nitrat-und-phosphatentferner","8":"product_cat-ati-de","9":"pa_inhoud-1000-ml-de","10":"pa_inhoud-2000-ml-de","11":"pa_inhoud-5000-ml-de","13":"first","14":"outofstock","15":"taxable","16":"shipping-taxable","17":"purchasable","18":"product-type-variable"},"acf":[],"brands":[{"id":2131,"name":"ATI","slug":"ati"}],"_links":{"self":[{"href":"https:\/\/www.seaflowerstore.com\/de\/wp-json\/wp\/v2\/product\/124682","targetHints":{"allow":["GET"]}}],"collection":[{"href":"https:\/\/www.seaflowerstore.com\/de\/wp-json\/wp\/v2\/product"}],"about":[{"href":"https:\/\/www.seaflowerstore.com\/de\/wp-json\/wp\/v2\/types\/product"}],"wp:featuredmedia":[{"embeddable":true,"href":"https:\/\/www.seaflowerstore.com\/de\/wp-json\/wp\/v2\/media\/124677"}],"wp:attachment":[{"href":"https:\/\/www.seaflowerstore.com\/de\/wp-json\/wp\/v2\/media?parent=124682"}],"wp:term":[{"taxonomy":"pwb-brand","embeddable":true,"href":"https:\/\/www.seaflowerstore.com\/de\/wp-json\/wp\/v2\/pwb-brand?post=124682"},{"taxonomy":"product_cat","embeddable":true,"href":"https:\/\/www.seaflowerstore.com\/de\/wp-json\/wp\/v2\/product_cat?post=124682"},{"taxonomy":"product_tag","embeddable":true,"href":"https:\/\/www.seaflowerstore.com\/de\/wp-json\/wp\/v2\/product_tag?post=124682"}],"curies":[{"name":"wp","href":"https:\/\/api.w.org\/{rel}","templated":true}]}}