{"id":124695,"date":"2024-12-13T17:38:18","date_gmt":"2024-12-13T16:38:18","guid":{"rendered":"https:\/\/www.seaflowerstore.com\/?post_type=product&#038;p=124695"},"modified":"2026-02-23T16:08:28","modified_gmt":"2026-02-23T15:08:28","slug":"ati-icp-lab-analysis-pro-3set","status":"publish","type":"product","link":"https:\/\/www.seaflowerstore.com\/de\/ati-icp-lab-analysis-pro-3set\/","title":{"rendered":"ATI ICP Lab Analysis Pro &#8211; 3set"},"content":{"rendered":"<h2>ATI ICP Lab Analysis Pro &#8211; 3set f\u00fcr Ihr Salzwasseraquarium (3er-Set) (neuer Name f\u00fcr den ATI-Labortest der letzten Jahre)<\/h2>\n<p>Korrekt eingestellte, natur\u00e4hnliche Wasserwerte sind die Grundlage f\u00fcr ein gesundes Meerwasseraquarium. Abweichungen in der Wasserzusammensetzung sind h\u00e4ufige Ursachen f\u00fcr verschiedene Probleme im Aquarium wie Algenwachstum oder das Absterben von Korallen. Gleichzeitig stellt die genaue Messung der Wasserwerte eine gro\u00dfe Herausforderung dar.<\/p>\n<p>Die hochpr\u00e4zisen Analysen des ATI Labors bieten den Vorteil, dass wesentliche Wasserwerte (z. B. Kalzium, Magnesium, Salinit\u00e4t usw.) viel genauer und zuverl\u00e4ssiger ermittelt werden k\u00f6nnen, als dies mit handels\u00fcblichen Tropftests m\u00f6glich ist. Sie erhalten zudem einen umfassenden \u00dcberblick \u00fcber viele weitere relevante Elemente, die nur durch professionelle Laboranalysen genau bestimmt werden k\u00f6nnen.<\/p>\n<p>F\u00fcr die Analysen verwendet das ATI Labor eine Vielzahl hochspezialisierter Analyseger\u00e4te wie ICP-OES, ICP-MS, Ionenchromatografen und Titratoren. Je nach Element wird die am besten geeignete Messmethode angewandt.<\/p>\n<p>Unter der Leitung von Dr. Ben Funk bringt das ATI Labor jahrelange analytische Erfahrung mit. Wir garantieren zuverl\u00e4ssige und reproduzierbare Ergebnisse und stehen Ihnen bei Fragen zu den Messergebnissen zur Seite.<\/p>\n<p>Ihre Wasseranalyse ist bei uns in besten H\u00e4nden.<\/p>\n<h2>Drei Arten der Wasseranalyse von ATI<\/h2>\n<p>ATI bietet drei Arten von Wasseranalysen mit unterschiedlichen Messbereichen an: Standard, Pro und Ultimate.<\/p>\n<h2>ATI ICP Laboranalyse Ultimate<\/h2>\n<p>Die ATI Laboranalyse Ultimate kombiniert ICP-OES und ICP-MS und bietet h\u00f6chste Pr\u00e4zision in allen Bereichen sowie unsere umfangreichste Analyse. Diese Analyse bietet zahlreiche Vorteile:<\/p>\n<ul>\n<li><strong>H\u00f6here Pr\u00e4zision und signifikant niedrigere Nachweisgrenzen<\/strong>: ICP-MS erm\u00f6glicht eine Detektion bis in den Ultrareinbereich f\u00fcr Elemente wie Mangan, Selen, Vanadium und Arsen. Elemente k\u00f6nnen bis zu 0,001 \u00b5g\/l gemessen werden, verglichen mit den Nachweisgrenzen von ICP-OES (0,5 \u2013 3,5 \u00b5g\/l je nach Element).<\/li>\n<li><strong>Fr\u00fchzeitige Schadstofferkennung<\/strong>: Erm\u00f6glicht eine schnellere Reaktion, um Probleme zu vermeiden.<\/li>\n<li><strong>Doppelt validierte Ergebnisse<\/strong>: Viele Werte werden sowohl mit ICP-OES als auch ICP-MS gemessen, was die Plausibilit\u00e4t der Ergebnisse erh\u00f6ht und Messfehler noch zuverl\u00e4ssiger ausschlie\u00dft.<\/li>\n<li><strong>Erweitertes Elementportfolio<\/strong>: Enth\u00e4lt zus\u00e4tzliche MS-Spurenelemente und Schadstoffe wie Rubidium, Neodym und Zirkonium.<\/li>\n<li><strong>Angepasste Messmethoden<\/strong>: F\u00fcr jeden Wasserwert wird die geeignete Technik verwendet\u2014Mengenelemente mit ICP-OES, Spurenelemente und Ultrareinwerte mit ICP-MS.<\/li>\n<\/ul>\n<p>Dank der pr\u00e4zisen Messung, von Mengenelementen bis hin zu Ultra-Spurenelementen, erreicht die ATI Laboranalyse Ultimate eine bisher unerreichte Genauigkeit.<\/p>\n<h2>Vergleich der ATI Laboranalyse-Optionen<\/h2>\n<table>\n<tbody>\n<tr>\n<th>Analysewert<\/th>\n<th>Standard (ICP-OES)<\/th>\n<th><span style=\"background-color: #ffff00;\">Pro (ICP-OES, IC, Titration)<\/span><\/th>\n<th>Ultimate-MS (ICP-MS, ICP-OES, IC, Titration)<\/th>\n<\/tr>\n<tr>\n<td>Salinit\u00e4t<\/td>\n<td>\u2713 ICP-OES<\/td>\n<td>\u2713 ICP-OES<\/td>\n<td>\u2713 ICP-OES<\/td>\n<\/tr>\n<tr>\n<td>Mengenelemente (ohne Fluor)<\/td>\n<td>\u2713 ICP-OES (hohe Genauigkeit)<\/td>\n<td>\u2713 ICP-OES (hohe Genauigkeit)<\/td>\n<td>\u2713 ICP-OES (hohe Genauigkeit)<\/td>\n<\/tr>\n<tr>\n<td>OES Spurenelemente<\/td>\n<td><\/td>\n<td>\u2713 ICP-OES (mittlere Nachweisgrenzen)<\/td>\n<td>\u2713 ICP-MS (extrem niedrige Nachweisgrenzen bis in den Ultra-Spurenbereich) &amp; ICP-OES<\/td>\n<\/tr>\n<tr>\n<td>OES Schadstoffe<\/td>\n<td>\u2713 ICP-OES (mittlere Nachweisgrenzen)<\/td>\n<td>\u2713 ICP-OES (mittlere Nachweisgrenzen)<\/td>\n<td>\u2713 ICP-MS (extrem niedrige Nachweisgrenzen bis in den Ultra-Spurenbereich) &amp; ICP-OES<\/td>\n<\/tr>\n<tr>\n<td>Phosphor \/ Phosphat<\/td>\n<td>\u2713 ICP-OES (hohe Genauigkeit)<\/td>\n<td>\u2713 ICP-OES (hohe Genauigkeit)<\/td>\n<td>\u2713 ICP-OES (hohe Genauigkeit)<\/td>\n<\/tr>\n<tr>\n<td>Nitrat und Fluor<\/td>\n<td>X<\/td>\n<td>\u2713 Ionenchromatografie<\/td>\n<td>\u2713 Ionenchromatografie<\/td>\n<\/tr>\n<tr>\n<td>KH<\/td>\n<td>X<\/td>\n<td>\u2713 Titration<\/td>\n<td>\u2713 Titration<\/td>\n<\/tr>\n<tr>\n<td>Analyse von Osmosewasser<\/td>\n<td>X<\/td>\n<td>\u2713 ICP-OES (hohe Genauigkeit)<\/td>\n<td>\u2713 ICP-OES (hohe Genauigkeit)<\/td>\n<\/tr>\n<tr>\n<td>MS Spurenelemente<\/td>\n<td>X<\/td>\n<td>X<\/td>\n<td>\u2713 ICP-MS (extrem niedrige Nachweisgrenzen bis in den Ultra-Spurenbereich)<\/td>\n<\/tr>\n<tr>\n<td>MS Schadstoffe<\/td>\n<td>X<\/td>\n<td>X<\/td>\n<td>\u2713 ICP-MS (extrem niedrige Nachweisgrenzen bis in den Ultra-Spurenbereich)<\/td>\n<\/tr>\n<tr>\n<td><strong>Ideal f\u00fcr<\/strong><\/td>\n<td>Kosteng\u00fcnstige Basisanalyse<\/td>\n<td>Umfassende Analyse mit wichtigen Parametern<\/td>\n<td>Vollst\u00e4ndige Analyse inklusive aller Schadstoffe und Ultra-Spurenelemente<\/td>\n<\/tr>\n<\/tbody>\n<\/table>\n<h2>In der Analyse Enthaltene Elemente<\/h2>\n<p>Die Analyse umfasst die folgenden Elemente:<\/p>\n<ul>\n<li><strong>Salinit\u00e4t<\/strong> (PSU)<\/li>\n<li><strong>KH<\/strong> (Karbonath\u00e4rte \/ Alkalinit\u00e4t)<\/li>\n<li><strong>N\u00e4hrstoffe<\/strong>: Stickstoff \/ Nitrat, Phosphor \/ Phosphat<\/li>\n<li><strong>Mengenelemente<\/strong>: Natrium, Kalzium, Chlorid, Magnesium, Schwefel, Kalium, Brom, Strontium, Bor, Fluor<\/li>\n<li><strong>OES Spurenelemente<\/strong>: Barium, Beryllium, Eisen, Jod, Lithium, Molybd\u00e4n, Silber, Silizium<\/li>\n<li><strong>OES Schadstoffe<\/strong>: Aluminium, Antimon, Bismut, Cadmium, Lanthan, Thallium, Titan, Wolfram<\/li>\n<li><strong>MS Spurenelemente<\/strong>*: Arsen, Chrom, Kobalt, Kupfer, Mangan, Nickel, Rubidium, Selen, Vanadium, Zink, Zinn<\/li>\n<li><strong>MS Schadstoffe<\/strong>*: Blei, Neodym, Niob, Zirkonium, Indium, Germanium, Gallium, Quecksilber, Tellur<\/li>\n<\/ul>\n<p><em>* MS Spurenelemente\/Schadstoffe \u2013 Elemente, die nur mit ICP-MS im physiologisch aktiven Bereich gemessen werden k\u00f6nnen.<\/em><\/p>\n<h2>So Funktioniert die ATI Laboranalyse<\/h2>\n<ol>\n<li>Registrieren Sie sich auf <a href=\"https:\/\/lab.atiaquaristik.com\" rel=\"nofollow noopener\" target=\"_blank\">lab.atiaquaristik.com<\/a>, erstellen Sie ein Aquariumprofil und scannen Sie den QR-Code, um die Analyse zu aktivieren.<\/li>\n<li>F\u00fcllen Sie das Aquariumwasser in die mitgelieferten Prober\u00f6hrchen.<\/li>\n<li>Kleben Sie die Barcodes auf die R\u00f6hrchen und senden Sie diese an die Adresse auf der beiliegenden Karte.<\/li>\n<li>Wir best\u00e4tigen den Eingang Ihrer Probe per E-Mail.<\/li>\n<li>Sobald Ihre Probe analysiert wurde, erhalten Sie eine E-Mail mit einem Link zu den Messergebnissen und detaillierten Handlungsempfehlungen.<\/li>\n<\/ol>\n","protected":false},"excerpt":{"rendered":"<p>ATI ICP Lab Analysis Pro &#8211; 3set f\u00fcr Ihr Salzwasseraquarium (3er-Set)<\/p>\n","protected":false},"featured_media":128493,"template":"","meta":[],"pwb-brand":[2131],"product_cat":[1395,1452,1385],"product_tag":[],"class_list":{"0":"post-124695","1":"product","2":"type-product","3":"status-publish","4":"has-post-thumbnail","6":"pwb-brand-ati","7":"product_cat-ati-de","8":"product_cat-labortest","9":"product_cat-neue-produkte","11":"first","12":"instock","13":"sale","14":"taxable","15":"shipping-taxable","16":"purchasable","17":"product-type-simple"},"acf":[],"brands":[{"id":2131,"name":"ATI","slug":"ati"}],"_links":{"self":[{"href":"https:\/\/www.seaflowerstore.com\/de\/wp-json\/wp\/v2\/product\/124695","targetHints":{"allow":["GET"]}}],"collection":[{"href":"https:\/\/www.seaflowerstore.com\/de\/wp-json\/wp\/v2\/product"}],"about":[{"href":"https:\/\/www.seaflowerstore.com\/de\/wp-json\/wp\/v2\/types\/product"}],"wp:featuredmedia":[{"embeddable":true,"href":"https:\/\/www.seaflowerstore.com\/de\/wp-json\/wp\/v2\/media\/128493"}],"wp:attachment":[{"href":"https:\/\/www.seaflowerstore.com\/de\/wp-json\/wp\/v2\/media?parent=124695"}],"wp:term":[{"taxonomy":"pwb-brand","embeddable":true,"href":"https:\/\/www.seaflowerstore.com\/de\/wp-json\/wp\/v2\/pwb-brand?post=124695"},{"taxonomy":"product_cat","embeddable":true,"href":"https:\/\/www.seaflowerstore.com\/de\/wp-json\/wp\/v2\/product_cat?post=124695"},{"taxonomy":"product_tag","embeddable":true,"href":"https:\/\/www.seaflowerstore.com\/de\/wp-json\/wp\/v2\/product_tag?post=124695"}],"curies":[{"name":"wp","href":"https:\/\/api.w.org\/{rel}","templated":true}]}}