{"id":124738,"date":"2024-12-18T14:30:17","date_gmt":"2024-12-18T13:30:17","guid":{"rendered":"https:\/\/www.seaflowerstore.com\/?post_type=product&#038;p=124738"},"modified":"2024-12-18T14:32:48","modified_gmt":"2024-12-18T13:32:48","slug":"fauna-marin-elementals-s-1000-ml","status":"publish","type":"product","link":"https:\/\/www.seaflowerstore.com\/de\/fauna-marin-elementals-s-1000-ml\/","title":{"rendered":"Fauna Marin Elementals S &#8211; 1000 ml"},"content":{"rendered":"<h2>Fauna Marin Elementals S f\u00fcr Sichere und Pr\u00e4zise Korrektur von Schwefelm\u00e4ngeln<\/h2>\n<p>Die Elementals-Serie von Fauna Marin unterst\u00fctzt die Gesundheit Ihres Aquariums in Kombination mit regelm\u00e4\u00dfigen <strong>ICP-Analysen<\/strong>. Fauna Marin ICP-Analysen liefern nicht nur pr\u00e4zise Messwerte, sondern auch ma\u00dfgeschneiderte Dosierungsempfehlungen f\u00fcr die spezifischen Bed\u00fcrfnisse Ihres Aquariums.<\/p>\n<p>Neben essentiellen Salzen wie Calcium, Magnesium und Karbonath\u00e4rte bietet Fauna Marin eine Auswahl an speziellen Elementen, die eine wichtige Rolle in Meerwasseraquarien spielen. Im Gegensatz zu Spurenelementen wie Kupfer, Chrom, Mangan oder Selen kommen diese Elemente in h\u00f6heren Konzentrationen (\u00fcber 1 mg\/l) im Meerwasser vor. Dazu geh\u00f6ren <strong>Kalium, Strontium, Bor, Brom und Fluor<\/strong>.<\/p>\n<h3>Funktionen der Elemente Verstehen<\/h3>\n<p>Jedes Element erf\u00fcllt eine spezifische Funktion. F\u00fcr detaillierte Informationen besuchen Sie die <em>Wissensdatenbank<\/em> auf der Website von Fauna Marin. W\u00e4hrend einige Elemente durch verschiedene Substanzen ins Aquarienwasser gelangen k\u00f6nnen, f\u00fchren M\u00e4ngel zu erheblichen Problemen. Eine ausgewogene Versorgung aller wichtigen Elemente ist entscheidend f\u00fcr ein gesundes Riffaquarium.<\/p>\n<h3>Reine und Pr\u00e4zise L\u00f6sungen<\/h3>\n<p>Unsere Einzelelementl\u00f6sungen bestehen aus den reinsten Rohstoffen und werden je nach Funktion mit spezifischen organischen oder anorganischen Verbindungen hergestellt. Produktion und Qualit\u00e4tskontrolle erfolgen in unserer Korallenzucht und im firmeneigenen <strong>ICP-Labor<\/strong>.<\/p>\n<h3>Dosierungsempfehlungen<\/h3>\n<ul>\n<li>Entwickelt zur Behebung von Schwefelm\u00e4ngeln in Riffaquarien.<\/li>\n<li>Schwefelgehalt regelm\u00e4\u00dfig mit einem Wassertest \u00fcberpr\u00fcfen.<\/li>\n<li><strong>Dosierung:<\/strong> 10 ml pro 100 Liter erh\u00f6ht den Schwefelgehalt um ca. 7 mg\/l.<\/li>\n<li><strong>Hinweis:<\/strong> Magnesiumgehalt erh\u00f6ht sich gleichzeitig um 5 mg\/l.<\/li>\n<li><strong>Maximale Tagesdosis:<\/strong> Schwefelgehalt nicht um mehr als 20 mg\/l pro Tag erh\u00f6hen.<\/li>\n<\/ul>\n<h3>Lagerung<\/h3>\n<ul>\n<li>Nach dem \u00d6ffnen stets gut verschlie\u00dfen.<\/li>\n<li>K\u00fchl und dunkel bei Raumtemperatur lagern.<\/li>\n<\/ul>\n<h3>Inhaltsstoffe<\/h3>\n<ul>\n<li>Organische und anorganische Schwefelverbindungen<\/li>\n<li>Magnesiumsalze<\/li>\n<li>Stabilisator<\/li>\n<\/ul>\n<h3>Sicherheitshinweise<\/h3>\n<ul>\n<li>Nur zur Verwendung in Aquarien geeignet.<\/li>\n<li>Au\u00dfer Reichweite von Kindern aufbewahren.<\/li>\n<li>Nicht schlucken oder als Tierfutter verwenden.<\/li>\n<li>Bei Kontakt mit Haut oder Augen gr\u00fcndlich mit Wasser sp\u00fclen.<\/li>\n<\/ul>\n","protected":false},"excerpt":{"rendered":"<p>Fauna Marin Elementals S f\u00fcr Sichere und Pr\u00e4zise Korrektur von Schwefelm\u00e4ngeln<\/p>\n","protected":false},"featured_media":124736,"template":"","meta":[],"pwb-brand":[2177],"product_cat":[1391,1437],"product_tag":[],"class_list":{"0":"post-124738","1":"product","2":"type-product","3":"status-publish","4":"has-post-thumbnail","6":"pwb-brand-fauna-marin","7":"product_cat-ergaenzungen","8":"product_cat-fauna-marin-de","10":"first","11":"instock","12":"taxable","13":"shipping-taxable","14":"purchasable","15":"product-type-simple"},"acf":[],"brands":[{"id":2177,"name":"Fauna Marin","slug":"fauna-marin"}],"_links":{"self":[{"href":"https:\/\/www.seaflowerstore.com\/de\/wp-json\/wp\/v2\/product\/124738","targetHints":{"allow":["GET"]}}],"collection":[{"href":"https:\/\/www.seaflowerstore.com\/de\/wp-json\/wp\/v2\/product"}],"about":[{"href":"https:\/\/www.seaflowerstore.com\/de\/wp-json\/wp\/v2\/types\/product"}],"wp:featuredmedia":[{"embeddable":true,"href":"https:\/\/www.seaflowerstore.com\/de\/wp-json\/wp\/v2\/media\/124736"}],"wp:attachment":[{"href":"https:\/\/www.seaflowerstore.com\/de\/wp-json\/wp\/v2\/media?parent=124738"}],"wp:term":[{"taxonomy":"pwb-brand","embeddable":true,"href":"https:\/\/www.seaflowerstore.com\/de\/wp-json\/wp\/v2\/pwb-brand?post=124738"},{"taxonomy":"product_cat","embeddable":true,"href":"https:\/\/www.seaflowerstore.com\/de\/wp-json\/wp\/v2\/product_cat?post=124738"},{"taxonomy":"product_tag","embeddable":true,"href":"https:\/\/www.seaflowerstore.com\/de\/wp-json\/wp\/v2\/product_tag?post=124738"}],"curies":[{"name":"wp","href":"https:\/\/api.w.org\/{rel}","templated":true}]}}