{"id":124744,"date":"2024-12-18T14:43:02","date_gmt":"2024-12-18T13:43:02","guid":{"rendered":"https:\/\/www.seaflowerstore.com\/?post_type=product&#038;p=124744"},"modified":"2024-12-18T14:45:11","modified_gmt":"2024-12-18T13:45:11","slug":"reef-factory-iron-fe-150-ml","status":"publish","type":"product","link":"https:\/\/www.seaflowerstore.com\/de\/reef-factory-iron-fe-150-ml\/","title":{"rendered":"Reef Factory Iron (Fe) &#8211; 150 ml"},"content":{"rendered":"<h2>Reef Factory Iron (Fe) Schnelle und Effektive Eisenzufuhr f\u00fcr Meerwasseraquarien<\/h2>\n<p><strong>Nettovolumen:<\/strong> 150 ml \/ 5.07 fl. oz.<\/p>\n<p><strong>Dosierung:<\/strong> Die Zugabe von 1 ml Iron Reef Minerals erh\u00f6ht den Eisen (Fe)-Gehalt um 1 \u00b5g\/L in einem Meerwasseraquarium mit 100 L Volumen.<\/p>\n<p>Die chemische Zusammensetzung von Iron Reef Minerals wurde speziell entwickelt, um M\u00e4ngel schnell auszugleichen und pl\u00f6tzliche Bariumabf\u00e4lle im Meerwasser effektiv zu beheben. Die Anwendung ist <strong>sicher<\/strong> und erm\u00f6glicht eine schnelle und effiziente Erh\u00f6hung der Bariumwerte auf optimale Meerwasserwerte.<\/p>\n<h3>Wichtige Eigenschaften<\/h3>\n<ul>\n<li>Regelm\u00e4\u00dfige und ausgewogene Dosierung von Eisen f\u00f6rdert eine <strong>intensive gr\u00fcne F\u00e4rbung<\/strong> der Korallen.<\/li>\n<li>Unterst\u00fctzt den Prozess der <strong>Stickstoffumwandlung<\/strong> durch n\u00fctzliche Bakterien.<\/li>\n<li>Spielt eine entscheidende Rolle im Prozess der <strong>Photosynthese<\/strong>, was die Ern\u00e4hrung und Gesundheit der Korallen verbessert.<\/li>\n<\/ul>\n","protected":false},"excerpt":{"rendered":"<p>Reef Factory Iron (Fe) Schnelle und Effektive Eisenzufuhr f\u00fcr Meerwasseraquarien<\/p>\n","protected":false},"featured_media":124742,"template":"","meta":[],"pwb-brand":[2285],"product_cat":[1391],"product_tag":[],"class_list":{"0":"post-124744","1":"product","2":"type-product","3":"status-publish","4":"has-post-thumbnail","6":"pwb-brand-reef-factory","7":"product_cat-ergaenzungen","9":"first","10":"outofstock","11":"taxable","12":"shipping-taxable","13":"purchasable","14":"product-type-simple"},"acf":[],"brands":[{"id":2285,"name":"Reef Factory","slug":"reef-factory"}],"_links":{"self":[{"href":"https:\/\/www.seaflowerstore.com\/de\/wp-json\/wp\/v2\/product\/124744","targetHints":{"allow":["GET"]}}],"collection":[{"href":"https:\/\/www.seaflowerstore.com\/de\/wp-json\/wp\/v2\/product"}],"about":[{"href":"https:\/\/www.seaflowerstore.com\/de\/wp-json\/wp\/v2\/types\/product"}],"wp:featuredmedia":[{"embeddable":true,"href":"https:\/\/www.seaflowerstore.com\/de\/wp-json\/wp\/v2\/media\/124742"}],"wp:attachment":[{"href":"https:\/\/www.seaflowerstore.com\/de\/wp-json\/wp\/v2\/media?parent=124744"}],"wp:term":[{"taxonomy":"pwb-brand","embeddable":true,"href":"https:\/\/www.seaflowerstore.com\/de\/wp-json\/wp\/v2\/pwb-brand?post=124744"},{"taxonomy":"product_cat","embeddable":true,"href":"https:\/\/www.seaflowerstore.com\/de\/wp-json\/wp\/v2\/product_cat?post=124744"},{"taxonomy":"product_tag","embeddable":true,"href":"https:\/\/www.seaflowerstore.com\/de\/wp-json\/wp\/v2\/product_tag?post=124744"}],"curies":[{"name":"wp","href":"https:\/\/api.w.org\/{rel}","templated":true}]}}