{"id":124819,"date":"2024-12-23T09:29:51","date_gmt":"2024-12-23T08:32:58","guid":{"rendered":"https:\/\/www.seaflowerstore.com\/?post_type=product&#038;p=124819"},"modified":"2025-01-06T20:19:33","modified_gmt":"2025-01-06T19:19:33","slug":"vca-swf-pod-sample-water-pre-filter-kit","status":"publish","type":"product","link":"https:\/\/www.seaflowerstore.com\/de\/vca-swf-pod-sample-water-pre-filter-kit\/","title":{"rendered":"VCA SWF-POD &#8211; Sample Water Pre-Filter Kit"},"content":{"rendered":"<h2>VCA SWF-POD &#8211; Sample Water Pre-Filter Kit mit 255 Mikron Filter zum Schutz Ihrer Empfindlichsten Ger\u00e4te<\/h2>\n<p>Der SWF-POD wurde speziell entwickelt, um unerw\u00fcnschte Ablagerungen und Partikel zu filtern, die Ihre automatisierten Wasser-Testger\u00e4te, Reaktoren und andere Ger\u00e4te, die Wasser aus Ihrem Sumpf entnehmen, verstopfen k\u00f6nnten. Es sorgt f\u00fcr einen reibungslosen Betrieb und sch\u00fctzt Ihre empfindlichsten Systeme.<\/p>\n<h3>Kompatibilit\u00e4t<\/h3>\n<p>Der SWF-POD ist mit verschiedenen automatisierten Wasser-Testger\u00e4ten kompatibel, darunter die kommenden Hydros Maven, Neptune Trident, Reef Factory, Alkatronic und viele weitere.<\/p>\n<p><strong>Kompatible Ger\u00e4te umfassen:<\/strong><\/p>\n<ul>\n<li>Neptune Trident<\/li>\n<li>HYDROS Maven<\/li>\n<li>Reef Factory<\/li>\n<li>Alkatronic<\/li>\n<li>Mastertronic<\/li>\n<li>ReefBot<\/li>\n<li>Xepta<\/li>\n<li>&#8230;und mehr!<\/li>\n<\/ul>\n<h3>Verbindungen<\/h3>\n<ul>\n<li><strong>Hose Barb:<\/strong> Geeignet f\u00fcr Schl\u00e4uche mit einem Innendurchmesser von 1 bis 2 mm, wie sie von der Hydros Maven und dem Neptune Trident verwendet werden.<\/li>\n<li><strong>Tube Adapter (5mm bis 8,5mm):<\/strong> Der Adapter passt auf Schl\u00e4uche und Fittings mit einem Au\u00dfendurchmesser von 5 mm bis 8,5 mm.<\/li>\n<li><strong>90\u00ba Quick-Connect Elbow:<\/strong> Ein Schnellanschluss f\u00fcr Standard-1\/4-Zoll-RO-Schl\u00e4uche. Erweitern Sie die Kompatibilit\u00e4t mit dem mitgelieferten Adapter.<\/li>\n<\/ul>\n<h3>Wartungsfreundlich und Anpassbar<\/h3>\n<p> <strong>Das SWF-POD Zubeh\u00f6rpaket enth\u00e4lt:<\/strong> <\/p>\n<ul>\n<li><strong>Filter Screen:<\/strong> Das interne Filtergewebe besteht aus strapazierf\u00e4higem, 255-Mikron-gebundenem Nylon. Es ist leicht zu reinigen und zu ersetzen.<\/li>\n<li><strong>Color Ring:<\/strong> Die Vorderseite des SWF-POD enth\u00e4lt einen abnehmbaren Farbring, den Sie an Ihre sumpftum anpassen oder mehrere SWF-PODs unterscheiden k\u00f6nnen.<\/li>\n<\/ul>\n<p> <iframe loading=\"lazy\" title=\"YouTube video player\" src=\"https:\/\/www.youtube.com\/embed\/7Bb9r_Der2Y?si=8XNiMmSY25PoQywD\" width=\"560\" height=\"315\" frameborder=\"0\" allowfullscreen=\"allowfullscreen\"><\/iframe><\/p>\n","protected":false},"excerpt":{"rendered":"<p>VCA SWF-POD &#8211; Probenwasser-Vorfilter-Kit mit 255-Mikrometer-Filter Entwickelt, um Ihre empfindlichsten Ger\u00e4te zu sch\u00fctzen<\/p>\n","protected":false},"featured_media":124814,"template":"","meta":[],"pwb-brand":[2269],"product_cat":[1429,1385],"product_tag":[],"class_list":{"0":"post-124819","1":"product","2":"type-product","3":"status-publish","4":"has-post-thumbnail","6":"pwb-brand-vca","7":"product_cat-vivid-creative-aquatics-de","8":"product_cat-neue-produkte","10":"first","11":"instock","12":"taxable","13":"shipping-taxable","14":"purchasable","15":"product-type-simple"},"acf":[],"brands":[{"id":2269,"name":"VCA","slug":"vca"}],"_links":{"self":[{"href":"https:\/\/www.seaflowerstore.com\/de\/wp-json\/wp\/v2\/product\/124819","targetHints":{"allow":["GET"]}}],"collection":[{"href":"https:\/\/www.seaflowerstore.com\/de\/wp-json\/wp\/v2\/product"}],"about":[{"href":"https:\/\/www.seaflowerstore.com\/de\/wp-json\/wp\/v2\/types\/product"}],"wp:featuredmedia":[{"embeddable":true,"href":"https:\/\/www.seaflowerstore.com\/de\/wp-json\/wp\/v2\/media\/124814"}],"wp:attachment":[{"href":"https:\/\/www.seaflowerstore.com\/de\/wp-json\/wp\/v2\/media?parent=124819"}],"wp:term":[{"taxonomy":"pwb-brand","embeddable":true,"href":"https:\/\/www.seaflowerstore.com\/de\/wp-json\/wp\/v2\/pwb-brand?post=124819"},{"taxonomy":"product_cat","embeddable":true,"href":"https:\/\/www.seaflowerstore.com\/de\/wp-json\/wp\/v2\/product_cat?post=124819"},{"taxonomy":"product_tag","embeddable":true,"href":"https:\/\/www.seaflowerstore.com\/de\/wp-json\/wp\/v2\/product_tag?post=124819"}],"curies":[{"name":"wp","href":"https:\/\/api.w.org\/{rel}","templated":true}]}}