{"id":124823,"date":"2024-12-23T15:36:51","date_gmt":"2024-12-23T14:36:52","guid":{"rendered":"https:\/\/www.seaflowerstore.com\/?post_type=product&#038;p=124823"},"modified":"2024-12-23T15:42:40","modified_gmt":"2024-12-23T14:42:40","slug":"vca-swf-pod-zubehoerpaket","status":"publish","type":"product","link":"https:\/\/www.seaflowerstore.com\/de\/vca-swf-pod-zubehoerpaket\/","title":{"rendered":"VCA SWF-POD Zubeh\u00f6rpaket"},"content":{"rendered":"<h2>VCA SWF-POD <span class=\"Y2IQFc\" lang=\"de\">Zubeh\u00f6rpaket, zus\u00e4tzliche Filtersiebe und Farbringe<\/span><\/h2>\n<p>Der SWF-POD wurde entwickelt, um Detritus und andere Ablagerungen herauszufiltern, die Verstopfungen in Ihren automatisierten Wassertestger\u00e4ten, Reaktoren und anderen Ger\u00e4ten, die Wasser aus Ihrem Sumpf ziehen, verursachen k\u00f6nnten. Er sorgt f\u00fcr einen reibungslosen Betrieb und sch\u00fctzt Ihre empfindlichen Systeme.<\/p>\n<h3>Kompatibilit\u00e4t<\/h3>\n<p>Verwenden Sie den SWF-POD mit Ihren automatisierten Wassertestger\u00e4ten wie dem kommenden Hydros Maven, Neptune Trident, Reef Factory, Alkatronic und vielen anderen.<\/p>\n<p><strong>Kompatible Ger\u00e4te:<\/strong><\/p>\n<ul>\n<li>Neptune Trident<\/li>\n<li>HYDROS Maven<\/li>\n<li>Reef Factory<\/li>\n<li>Alkatronic<\/li>\n<li>Mastertronic<\/li>\n<li>ReefBot<\/li>\n<li>Xepta<\/li>\n<li>&#8230;und mehr!<\/li>\n<\/ul>\n<h3>Anschl\u00fcsse<\/h3>\n<ul>\n<li><strong>Schlauchanschluss:<\/strong> Geeignet f\u00fcr Schl\u00e4uche mit einem kleinen Durchmesser von 1 bis 2 mm Innendurchmesser, wie sie vom Hydros Maven und Neptune Trident verwendet werden.<\/li>\n<li><strong>Schlauchadapter (5mm bis 8.5mm):<\/strong> Verwenden Sie den Adapter f\u00fcr Schl\u00e4uche und Anschl\u00fcsse mit einem Au\u00dfendurchmesser von 5 mm bis 8.5 mm.<\/li>\n<li><strong>90\u00ba Schnellanschluss-Ellbogen:<\/strong> Schnellanschluss f\u00fcr Standard-1\/4-Zoll-R.O.-Schl\u00e4uche. Verwenden Sie den mitgelieferten Schlauchadapter, um die Kompatibilit\u00e4t zu erweitern.<\/li>\n<\/ul>\n<h3>Wartungsfreundlich und Anpassbar<\/h3>\n<p><strong>Mit dem SWF-POD-Zubeh\u00f6rset erhalten Sie:<\/strong><\/p>\n<ul>\n<li><strong>Filtersieb:<\/strong> Das interne SWF-POD-Filtersieb besteht aus strapazierf\u00e4higem, 255-Mikron gebundenem Nylon. Es ist leicht zu reinigen und noch einfacher zu ersetzen.<\/li>\n<li><strong>Farbring:<\/strong> Die Vorderseite des SWF-POD verf\u00fcgt \u00fcber einen einrastbaren Farbring, der ausgetauscht werden kann, um zu Ihrem Sumpf zu passen oder um mehrere SWF-PODs zu unterscheiden.<\/li>\n<\/ul>\n<p><iframe loading=\"lazy\" title=\"YouTube video player\" src=\"https:\/\/www.youtube.com\/embed\/7Bb9r_Der2Y?si=8XNiMmSY25PoQywD\" width=\"560\" height=\"315\" frameborder=\"0\" allowfullscreen=\"allowfullscreen\" data-mce-fragment=\"1\"><\/iframe><\/p>\n","protected":false},"excerpt":{"rendered":"<p>VCA SWF-POD <span class=\"Y2IQFc\" lang=\"de\">Zubeh\u00f6rpaket, zus\u00e4tzliche Filtersiebe und Farbringe<\/span><\/p>\n","protected":false},"featured_media":124829,"template":"","meta":[],"pwb-brand":[2269],"product_cat":[1429,1385],"product_tag":[],"class_list":{"0":"post-124823","1":"product","2":"type-product","3":"status-publish","4":"has-post-thumbnail","6":"pwb-brand-vca","7":"product_cat-vivid-creative-aquatics-de","8":"product_cat-neue-produkte","10":"first","11":"instock","12":"taxable","13":"shipping-taxable","14":"purchasable","15":"product-type-simple"},"acf":[],"brands":[{"id":2269,"name":"VCA","slug":"vca"}],"_links":{"self":[{"href":"https:\/\/www.seaflowerstore.com\/de\/wp-json\/wp\/v2\/product\/124823","targetHints":{"allow":["GET"]}}],"collection":[{"href":"https:\/\/www.seaflowerstore.com\/de\/wp-json\/wp\/v2\/product"}],"about":[{"href":"https:\/\/www.seaflowerstore.com\/de\/wp-json\/wp\/v2\/types\/product"}],"wp:featuredmedia":[{"embeddable":true,"href":"https:\/\/www.seaflowerstore.com\/de\/wp-json\/wp\/v2\/media\/124829"}],"wp:attachment":[{"href":"https:\/\/www.seaflowerstore.com\/de\/wp-json\/wp\/v2\/media?parent=124823"}],"wp:term":[{"taxonomy":"pwb-brand","embeddable":true,"href":"https:\/\/www.seaflowerstore.com\/de\/wp-json\/wp\/v2\/pwb-brand?post=124823"},{"taxonomy":"product_cat","embeddable":true,"href":"https:\/\/www.seaflowerstore.com\/de\/wp-json\/wp\/v2\/product_cat?post=124823"},{"taxonomy":"product_tag","embeddable":true,"href":"https:\/\/www.seaflowerstore.com\/de\/wp-json\/wp\/v2\/product_tag?post=124823"}],"curies":[{"name":"wp","href":"https:\/\/api.w.org\/{rel}","templated":true}]}}