{"id":124843,"date":"2024-12-23T17:15:07","date_gmt":"2024-12-23T16:19:32","guid":{"rendered":"https:\/\/www.seaflowerstore.com\/?post_type=product&#038;p=124843"},"modified":"2024-12-23T17:19:52","modified_gmt":"2024-12-23T16:19:52","slug":"sicce-shark-skimmer-300-eu","status":"publish","type":"product","link":"https:\/\/www.seaflowerstore.com\/de\/sicce-shark-skimmer-300-eu\/","title":{"rendered":"Sicce Shark Skimmer 300 EU"},"content":{"rendered":"<h2>Sicce Shark Skimmer 300 EU moderner interner Skimmer mit innovativem und kompaktem Shark-Design<\/h2>\n<p>Die Shark SKIMMER 150 und Shark SKIMMER 300 sind moderne interne Skimmer mit einem innovativen und kompakten Shark-Design, ideal f\u00fcr die nahtlose Integration in marine Biotope. Diese Skimmer vereinen die neuesten Technologien im Bereich der Meerwasseraquaristik und sind speziell f\u00fcr Aquarien bis 150 und 300 Liter, abh\u00e4ngig von der Belastung und dem Biotoptyp, konzipiert. Ihre au\u00dfergew\u00f6hnliche Energieeffizienz macht sie zu den wettbewerbsf\u00e4higsten Skimmern auf dem Markt f\u00fcr diese Kapazit\u00e4t.<\/p>\n<p>Diese Skimmer sind nicht nur \u00e4u\u00dferst effektiv, sondern auch extrem leise, benutzerfreundlich und einfach zu demontieren.<\/p>\n<p><strong>WASSERDICHTES MAGNETISCHES VERBINDUNGSSYSTEM.<\/strong><br \/>\nGeeignet f\u00fcr einen externen magnetischen Anschluss bis zu 15 mm unter Wasser.<\/p>\n<h3>Hauptmerkmale<\/h3>\n<table>\n<thead>\n<tr>\n<th>Merkmal<\/th>\n<th>Shark SKIMMER 150<\/th>\n<th><span style=\"background-color: #ffff00;\">Shark SKIMMER 300<\/span><\/th>\n<\/tr>\n<\/thead>\n<tbody>\n<tr>\n<td>Sofortige Eiwei\u00dfabsch\u00e4umung mit Diffusor<\/td>\n<td>\u2714<\/td>\n<td>\u2714<\/td>\n<\/tr>\n<tr>\n<td>Gegenstrom-Absch\u00e4umung mit einstellbarem Wassereinlass<\/td>\n<td>\u2714<\/td>\n<td>\u2714<\/td>\n<\/tr>\n<tr>\n<td>Unauff\u00e4lliges Design mit kompaktem Profil<\/td>\n<td>\u2714<\/td>\n<td>\u2714<\/td>\n<\/tr>\n<tr>\n<td>Ozonkompatibel<\/td>\n<td>\u2714<\/td>\n<td>\u2714<\/td>\n<\/tr>\n<tr>\n<td>Undurchsichtiger K\u00f6rper verhindert Algenwachstum<\/td>\n<td>\u2714<\/td>\n<td>\u2714<\/td>\n<\/tr>\n<tr>\n<td>Wasserdichtes magnetisches Verbindungssystem<\/td>\n<td>\u2714<\/td>\n<td>\u2714<\/td>\n<\/tr>\n<tr>\n<td>Effektive Eiwei\u00dfabsch\u00e4umung mit gro\u00dfer Bodenfl\u00e4che, ideal f\u00fcr Zuchtbecken oder interne Filterintegration<\/td>\n<td>\u2714<\/td>\n<td>\u2714<\/td>\n<\/tr>\n<tr>\n<td>Selbstreinigendes Impeller<\/td>\n<td>Micra Plus (optimiert f\u00fcr effiziente Absch\u00e4umung)<\/td>\n<td>Syncra Silent 1.0 (optimiert f\u00fcr effiziente Absch\u00e4umung)<\/td>\n<\/tr>\n<tr>\n<td>B\u00fcrste enthalten<\/td>\n<td>\u2714<\/td>\n<td>\u2714<\/td>\n<\/tr>\n<\/tbody>\n<\/table>\n<h2>Shark SKIMMER 150 und Shark SKIMMER 300 Spezifikationen<\/h2>\n<p>Die Shark SKIMMER 150 und Shark SKIMMER 300 bieten erstklassige Leistung f\u00fcr Meerwasseraquarien mit fortschrittlichen Funktionen und Spezifikationen, die den Bed\u00fcrfnissen verschiedener Biotope gerecht werden. Nachfolgend finden Sie eine Zusammenfassung der technischen Details und Empfehlungen f\u00fcr jedes Modell:<\/p>\n<table>\n<thead>\n<tr>\n<th>Merkmal<\/th>\n<th>Shark SKIMMER 150<\/th>\n<th><span style=\"background-color: #ffff00;\">Shark SKIMMER 300<\/span><\/th>\n<\/tr>\n<\/thead>\n<tbody>\n<tr>\n<td>Absch\u00e4umungstyp<\/td>\n<td>Sofort mit Diffusor<\/td>\n<td>Gegenstrom<\/td>\n<\/tr>\n<tr>\n<td>Maximale Luftkapazit\u00e4t<\/td>\n<td>150 l\/h<\/td>\n<td>180 l\/h (ozonkompatibel)<\/td>\n<\/tr>\n<tr>\n<td>Stromverbrauch<\/td>\n<td>4 Watt<\/td>\n<td>5 Watt<\/td>\n<\/tr>\n<tr>\n<td>Empfohlenes Aquarium (Fische &amp; Weichkorallen)<\/td>\n<td>30 Liter<\/td>\n<td>50 Liter<\/td>\n<\/tr>\n<tr>\n<td>Empfohlenes Aquarium (SPS)<\/td>\n<td>40 Liter<\/td>\n<td>80 Liter<\/td>\n<\/tr>\n<tr>\n<td>Empfehlung f\u00fcr gemischte Aquarien<\/td>\n<td>150 Liter<\/td>\n<td>300 Liter<\/td>\n<\/tr>\n<tr>\n<td>Glasdicke<\/td>\n<td>15 mm<\/td>\n<td>15 mm<\/td>\n<\/tr>\n<tr>\n<td>Abmessungen<\/td>\n<td>66 x 120 x 243 (h) mm<\/td>\n<td>83 x 125 x 243 (h) mm<\/td>\n<\/tr>\n<\/tbody>\n<\/table>\n","protected":false},"excerpt":{"rendered":"<p>Sicce Shark Skimmer 300 EU moderner interner Skimmer mit innovativem und kompaktem Shark-Design<\/p>\n","protected":false},"featured_media":124835,"template":"","meta":[],"pwb-brand":[2163],"product_cat":[1494,2104],"product_tag":[],"class_list":{"0":"post-124843","1":"product","2":"type-product","3":"status-publish","4":"has-post-thumbnail","6":"pwb-brand-sicce","7":"product_cat-eiwitafschuerzen","8":"product_cat-sicce-de","10":"first","11":"instock","12":"taxable","13":"shipping-taxable","14":"purchasable","15":"product-type-simple"},"acf":[],"brands":[{"id":2163,"name":"Sicce","slug":"sicce"}],"_links":{"self":[{"href":"https:\/\/www.seaflowerstore.com\/de\/wp-json\/wp\/v2\/product\/124843","targetHints":{"allow":["GET"]}}],"collection":[{"href":"https:\/\/www.seaflowerstore.com\/de\/wp-json\/wp\/v2\/product"}],"about":[{"href":"https:\/\/www.seaflowerstore.com\/de\/wp-json\/wp\/v2\/types\/product"}],"wp:featuredmedia":[{"embeddable":true,"href":"https:\/\/www.seaflowerstore.com\/de\/wp-json\/wp\/v2\/media\/124835"}],"wp:attachment":[{"href":"https:\/\/www.seaflowerstore.com\/de\/wp-json\/wp\/v2\/media?parent=124843"}],"wp:term":[{"taxonomy":"pwb-brand","embeddable":true,"href":"https:\/\/www.seaflowerstore.com\/de\/wp-json\/wp\/v2\/pwb-brand?post=124843"},{"taxonomy":"product_cat","embeddable":true,"href":"https:\/\/www.seaflowerstore.com\/de\/wp-json\/wp\/v2\/product_cat?post=124843"},{"taxonomy":"product_tag","embeddable":true,"href":"https:\/\/www.seaflowerstore.com\/de\/wp-json\/wp\/v2\/product_tag?post=124843"}],"curies":[{"name":"wp","href":"https:\/\/api.w.org\/{rel}","templated":true}]}}