{"id":124884,"date":"2024-12-27T20:51:36","date_gmt":"2024-12-27T19:51:36","guid":{"rendered":"https:\/\/www.seaflowerstore.com\/?post_type=product&#038;p=124884"},"modified":"2024-12-27T20:55:28","modified_gmt":"2024-12-27T19:55:28","slug":"stone-fix-250-g-coral-cement-aquaforest","status":"publish","type":"product","link":"https:\/\/www.seaflowerstore.com\/de\/stone-fix-250-g-coral-cement-aquaforest\/","title":{"rendered":"Stone fix 250 g \/ Coral cement (Aquaforest)"},"content":{"rendered":"<h2>Aquaforest Stone fix 1500 g Korallenzement zum Verkleben von Steinen und Korallen<\/h2>\n<p>Unser Aquascape-Spezialist verwendet ausschlie\u00dflich dieses Produkt. Es handelt sich um einen schnell bindenden Kleber auf Zementbasis, der zum Verbinden gro\u00dfer St\u00fccke von lebendem Stein oder Keramikstein entwickelt wurde. Das Beste daran ist, dass er keine giftigen Substanzen enth\u00e4lt und somit 100 % sicher f\u00fcr Ihre Fische und Wirbellosen ist.<\/p>\n<p><strong>Anwendung:<\/strong> Zur Herstellung des Klebers mischen Sie eine kleine Menge Kleber mit Wasser <strong>(ca. 10 ml Wasser pro Essl\u00f6ffel Stone Fix)<\/strong>, bis eine glatte, plastische Konsistenz erreicht ist. Nach dem Mischen verbinden Sie die Elemente sofort. Wir empfehlen, den Kleber \u201etrocken\u201c aufzutragen. Wenn Sie unter Wasser kleben m\u00fcssen, schalten Sie bitte alle Umw\u00e4lzpumpen aus, setzen Sie die Einzelteile zusammen und lassen Sie sie etwa 15 Minuten lang aush\u00e4rten. Eine vor\u00fcbergehende Tr\u00fcbung des Wassers ist v\u00f6llig normal und nicht sch\u00e4dlich.<\/p>\n<p>F\u00fcr Aquarien mit vielen Tieren empfehlen wir, nicht mehr als 2-3 Elemente pro Tag zu kleben. Dadurch wird verhindert, dass sich Sedimente bilden, die den pH-Wert im Aquarium leicht erh\u00f6hen k\u00f6nnten.<\/p>\n<p>Dieses Produkt ist nur f\u00fcr die Verwendung im Aquarium geeignet. Bitte lagern Sie es an einem trockenen, dunklen Ort und au\u00dferhalb der Reichweite von Kindern.<\/p>\n","protected":false},"excerpt":{"rendered":"<p>Aquaforest Stone fix 250 g Korallenzement zum Verkleben von Steinen und Korallen<\/p>\n","protected":false},"featured_media":124882,"template":"","meta":[],"pwb-brand":[2199],"product_cat":[1405,1414],"product_tag":[],"class_list":{"0":"post-124884","1":"product","2":"type-product","3":"status-publish","4":"has-post-thumbnail","6":"pwb-brand-aquaforest","7":"product_cat-korallenkleber-versiegelungsmittel","8":"product_cat-aquaforest-de","10":"first","11":"instock","12":"taxable","13":"shipping-taxable","14":"purchasable","15":"product-type-simple"},"acf":[],"brands":[{"id":2199,"name":"Aquaforest","slug":"aquaforest"}],"_links":{"self":[{"href":"https:\/\/www.seaflowerstore.com\/de\/wp-json\/wp\/v2\/product\/124884","targetHints":{"allow":["GET"]}}],"collection":[{"href":"https:\/\/www.seaflowerstore.com\/de\/wp-json\/wp\/v2\/product"}],"about":[{"href":"https:\/\/www.seaflowerstore.com\/de\/wp-json\/wp\/v2\/types\/product"}],"wp:featuredmedia":[{"embeddable":true,"href":"https:\/\/www.seaflowerstore.com\/de\/wp-json\/wp\/v2\/media\/124882"}],"wp:attachment":[{"href":"https:\/\/www.seaflowerstore.com\/de\/wp-json\/wp\/v2\/media?parent=124884"}],"wp:term":[{"taxonomy":"pwb-brand","embeddable":true,"href":"https:\/\/www.seaflowerstore.com\/de\/wp-json\/wp\/v2\/pwb-brand?post=124884"},{"taxonomy":"product_cat","embeddable":true,"href":"https:\/\/www.seaflowerstore.com\/de\/wp-json\/wp\/v2\/product_cat?post=124884"},{"taxonomy":"product_tag","embeddable":true,"href":"https:\/\/www.seaflowerstore.com\/de\/wp-json\/wp\/v2\/product_tag?post=124884"}],"curies":[{"name":"wp","href":"https:\/\/api.w.org\/{rel}","templated":true}]}}