{"id":124966,"date":"2025-01-02T14:25:29","date_gmt":"2025-01-02T13:25:29","guid":{"rendered":"https:\/\/www.seaflowerstore.com\/?post_type=product&#038;p=124966"},"modified":"2025-01-02T14:35:34","modified_gmt":"2025-01-02T13:35:34","slug":"netzteil-fuer-dosetronic-alkatronic","status":"publish","type":"product","link":"https:\/\/www.seaflowerstore.com\/de\/netzteil-fuer-dosetronic-alkatronic\/","title":{"rendered":"Netzteil f\u00fcr Dosetronic \/ Alkatronic"},"content":{"rendered":"<h2>Netzteil f\u00fcr Dosetronic \/ Alkatronic<\/h2>\n<p><strong>Netzteil f\u00fcr Dosetronic\/Alkatronic<\/strong><\/p>\n<p>1\ufe0f\u20e3 <strong>Zuverl\u00e4ssige Stromversorgung<\/strong><br \/>\nSorgen Sie f\u00fcr einen unterbrechungsfreien Betrieb Ihrer Dosetronic- oder Alkatronic-Ger\u00e4te mit diesem hochwertigen Netzteil. Entwickelt f\u00fcr eine konstante und effiziente Stromzufuhr f\u00fcr optimale Leistung.<\/p>\n<p>2\ufe0f\u20e3 <strong>Langlebig und robust<\/strong><br \/>\nHergestellt aus hochwertigen Materialien, bietet es Zuverl\u00e4ssigkeit und Haltbarkeit f\u00fcr den t\u00e4glichen Einsatz. Ideal f\u00fcr reibungslosen Betrieb in anspruchsvollen Umgebungen.<\/p>\n<p>3\ufe0f\u20e3 <strong>Einfache Handhabung<\/strong><br \/>\nPlug-and-Play-Design f\u00fcr m\u00fchelose Kompatibilit\u00e4t mit Dosetronic- und Alkatronic-Systemen.<\/p>\n<p>4\ufe0f\u20e3 <strong>Sicher und gesch\u00fctzt<\/strong><br \/>\nAusgestattet mit fortschrittlichen Sicherheitsfunktionen, die Ihre Ger\u00e4te vor \u00dcberspannungen, \u00dcberhitzung und Kurzschl\u00fcssen sch\u00fctzen.<\/p>\n<p>5\ufe0f\u20e3 <strong>Kompakt und leicht<\/strong><br \/>\nKompakte Bauweise, einfach zu installieren oder zu ersetzen, ohne unn\u00f6tigen Platz zu beanspruchen.<\/p>\n<p>\ud83d\udce6 <strong>Lieferumfang:<\/strong><\/p>\n<ul>\n<li>Netzteil<\/li>\n<li>Kompatibler Anschluss f\u00fcr Dosetronic\/Alkatronic<\/li>\n<\/ul>\n<p>Halten Sie Ihre Wasserverwaltungssysteme mit diesem unverzichtbaren Zubeh\u00f6r auf H\u00f6chstleistung! Einfache Bedienung bei Wartungsarbeiten an den Messsystemen<\/p>\n","protected":false},"excerpt":{"rendered":"<p>FosucTronic Netzteil f\u00fcr Dosetronic \/ Alkatronic<\/p>\n","protected":false},"featured_media":124962,"template":"","meta":[],"pwb-brand":[2261],"product_cat":[1387,1407],"product_tag":[],"class_list":{"0":"post-124966","1":"product","2":"type-product","3":"status-publish","4":"has-post-thumbnail","6":"pwb-brand-focustronic","7":"product_cat-messsysteme","8":"product_cat-focustronic-de","10":"first","11":"outofstock","12":"sale","13":"taxable","14":"shipping-taxable","15":"purchasable","16":"product-type-simple"},"acf":[],"brands":[{"id":2261,"name":"Focustronic","slug":"focustronic"}],"_links":{"self":[{"href":"https:\/\/www.seaflowerstore.com\/de\/wp-json\/wp\/v2\/product\/124966","targetHints":{"allow":["GET"]}}],"collection":[{"href":"https:\/\/www.seaflowerstore.com\/de\/wp-json\/wp\/v2\/product"}],"about":[{"href":"https:\/\/www.seaflowerstore.com\/de\/wp-json\/wp\/v2\/types\/product"}],"wp:featuredmedia":[{"embeddable":true,"href":"https:\/\/www.seaflowerstore.com\/de\/wp-json\/wp\/v2\/media\/124962"}],"wp:attachment":[{"href":"https:\/\/www.seaflowerstore.com\/de\/wp-json\/wp\/v2\/media?parent=124966"}],"wp:term":[{"taxonomy":"pwb-brand","embeddable":true,"href":"https:\/\/www.seaflowerstore.com\/de\/wp-json\/wp\/v2\/pwb-brand?post=124966"},{"taxonomy":"product_cat","embeddable":true,"href":"https:\/\/www.seaflowerstore.com\/de\/wp-json\/wp\/v2\/product_cat?post=124966"},{"taxonomy":"product_tag","embeddable":true,"href":"https:\/\/www.seaflowerstore.com\/de\/wp-json\/wp\/v2\/product_tag?post=124966"}],"curies":[{"name":"wp","href":"https:\/\/api.w.org\/{rel}","templated":true}]}}