{"id":124978,"date":"2025-01-02T18:19:33","date_gmt":"2025-01-02T17:19:33","guid":{"rendered":"https:\/\/www.seaflowerstore.com\/?post_type=product&#038;p=124978"},"modified":"2025-01-02T18:21:59","modified_gmt":"2025-01-02T17:21:59","slug":"tropic-marin-original-balling-liquid-set-3-x-1-l","status":"publish","type":"product","link":"https:\/\/www.seaflowerstore.com\/de\/tropic-marin-original-balling-liquid-set-3-x-1-l\/","title":{"rendered":"Tropic Marin Original Balling Liquid Set &#8211; 3 x 1 l"},"content":{"rendered":"<h2>Tropic Marin Original Balling Liquid Set auf der bekannten Balling-Methode basiert<\/h2>\n<p>Das Tropic Marin\u00ae Original Balling Liquid Set ist eine gebrauchsfertige L\u00f6sung f\u00fcr Riffaquarien, die auf der bekannten Balling-Methode basiert. Dieses Set besteht aus drei Komponenten: <strong>L\u00f6sung A<\/strong>, <strong>L\u00f6sung B<\/strong> und <strong>L\u00f6sung C<\/strong>. Es kann sowohl manuell als auch mit einer Dosierpumpe pr\u00e4zise und bequem angewendet werden.<\/p>\n<p><strong>Wie funktioniert es:<\/strong><\/p>\n<ul>\n<li><strong>L\u00f6sung A:<\/strong> F\u00fcgt Calciumchlorid-Dihydrat hinzu, um den Calciumgehalt zu erh\u00f6hen.<\/li>\n<li><strong>L\u00f6sung B:<\/strong> Enth\u00e4lt Natriumcarbonat und Bicarbonat zur Anpassung der Alkalinit\u00e4t.<\/li>\n<li><strong>L\u00f6sung C:<\/strong> Enth\u00e4lt natriumchloridfreies Meersalz zur Aufrechterhaltung des Ionenhaushalts.<\/li>\n<\/ul>\n<p>Dieses Drei-Komponenten-System schafft ideale Bedingungen f\u00fcr das Wachstum von Korallen und Kalkrotalgen und verhindert den Verlust wichtiger Elemente, der h\u00e4ufig bei Zweikomponenten-Dosierungsmethoden auftritt. Es ist perfekt ausbalanciert und einfach zu verwenden\u2014f\u00fcgen Sie t\u00e4glich gleiche Mengen jeder L\u00f6sung hinzu.<\/p>\n<p><strong>Wichtigste Vorteile:<\/strong><\/p>\n<ul>\n<li>Erh\u00e4lt den kritischen Ionenhaushalt im Aquariumwasser.<\/li>\n<li>Unterst\u00fctzt das Wachstum von Weichkorallen, LPS und SPS Korallen.<\/li>\n<li>Einfache Anwendung f\u00fcr manuelle Dosierung oder Dosierpumpen.<\/li>\n<li>Kompatibel mit dem Tropic Marin\u00ae Bio-Actif System.<\/li>\n<li>Sofort einsatzbereit ohne Vorbereitung.<\/li>\n<\/ul>\n<p><strong>Inhaltsstoffe:<\/strong><\/p>\n<ul>\n<li><strong>Teil A:<\/strong> Calciumchlorid-Dihydrat (20.000 ppm Ca)<\/li>\n<li><strong>Teil B:<\/strong> Natriumcarbonat\/Natriumbicarbonat (2.800 \u00b0dH\/l)<\/li>\n<li><strong>Teil C:<\/strong> Natriumchloridfreies Meersalz (~3.350 ppm Mg; ~980 ppm K)<\/li>\n<\/ul>\n<p><strong>Anwendung &amp; Dosierung:<\/strong><\/p>\n<ul>\n<li>F\u00fcgen Sie t\u00e4glich gleiche Mengen aller drei L\u00f6sungen separat dem Aquariumwasser hinzu (mischen Sie die L\u00f6sungen nicht).<\/li>\n<li>Jede Zugabe von 1 fl.oz.\/30 ml jeder L\u00f6sung erh\u00f6ht den Calciumgehalt in 10 US-Gal.\/35 l Wasser um etwa 15 ppm und die Alkalinit\u00e4t um 2,2 \u00b0dH.<\/li>\n<li>Maximale Tagesdosis: 2 fl.oz.\/60 ml pro 10 US-Gal.\/35 l Aquariumsvolumen.<\/li>\n<\/ul>\n<p>Mit dem Tropic Marin\u00ae Original Balling Liquid Set k\u00f6nnen Sie Ihr Riffaquarium einfach und pr\u00e4zise professionell pflegen.<\/p>\n","protected":false},"excerpt":{"rendered":"<p>Tropic Marin Original Balling Liquid Set auf der bekannten Balling-Methode basiert<\/p>\n","protected":false},"featured_media":124976,"template":"","meta":[],"pwb-brand":[2151],"product_cat":[1391,1385],"product_tag":[],"class_list":{"0":"post-124978","1":"product","2":"type-product","3":"status-publish","4":"has-post-thumbnail","6":"pwb-brand-tropic-marin","7":"product_cat-ergaenzungen","8":"product_cat-neue-produkte","10":"first","11":"instock","12":"taxable","13":"shipping-taxable","14":"purchasable","15":"product-type-simple"},"acf":[],"brands":[{"id":2151,"name":"Tropic Marin","slug":"tropic-marin"}],"_links":{"self":[{"href":"https:\/\/www.seaflowerstore.com\/de\/wp-json\/wp\/v2\/product\/124978","targetHints":{"allow":["GET"]}}],"collection":[{"href":"https:\/\/www.seaflowerstore.com\/de\/wp-json\/wp\/v2\/product"}],"about":[{"href":"https:\/\/www.seaflowerstore.com\/de\/wp-json\/wp\/v2\/types\/product"}],"wp:featuredmedia":[{"embeddable":true,"href":"https:\/\/www.seaflowerstore.com\/de\/wp-json\/wp\/v2\/media\/124976"}],"wp:attachment":[{"href":"https:\/\/www.seaflowerstore.com\/de\/wp-json\/wp\/v2\/media?parent=124978"}],"wp:term":[{"taxonomy":"pwb-brand","embeddable":true,"href":"https:\/\/www.seaflowerstore.com\/de\/wp-json\/wp\/v2\/pwb-brand?post=124978"},{"taxonomy":"product_cat","embeddable":true,"href":"https:\/\/www.seaflowerstore.com\/de\/wp-json\/wp\/v2\/product_cat?post=124978"},{"taxonomy":"product_tag","embeddable":true,"href":"https:\/\/www.seaflowerstore.com\/de\/wp-json\/wp\/v2\/product_tag?post=124978"}],"curies":[{"name":"wp","href":"https:\/\/api.w.org\/{rel}","templated":true}]}}