{"id":125384,"date":"2025-02-06T16:40:52","date_gmt":"2025-02-06T15:43:54","guid":{"rendered":"https:\/\/www.seaflowerstore.com\/?post_type=product&#038;p=125384"},"modified":"2025-03-26T20:59:03","modified_gmt":"2025-03-26T19:59:03","slug":"aiptasia-shot-50-ml","status":"publish","type":"product","link":"https:\/\/www.seaflowerstore.com\/de\/aiptasia-shot-50-ml\/","title":{"rendered":"Aiptasia Shot &#8211; 50 ml"},"content":{"rendered":"<h2>Aquaforest Aiptasia Shot &#8211; Schnellwirkende L\u00f6sung zur Bek\u00e4mpfung von Aiptasia<\/h2>\n<p>Aquaforest Aiptasia Shot ist ein gebrauchsfertiges, schnellwirkendes und effektives Produkt, das speziell entwickelt wurde, um die Population von problematischen Aiptasia- und Manjano-Anemonen in Meerwasseraquarien zu kontrollieren. Diese Anemonen breiten sich schnell aus und sind mechanisch schwer zu entfernen. Sie stellen eine Gefahr f\u00fcr empfindliche Korallen und andere marine Organismen dar, daher ist schnelles Handeln entscheidend, um eine \u00dcberwucherung zu verhindern.<\/p>\n<p>Die fortschrittliche Formel von Aiptasia Shot erm\u00f6glicht eine schnelle, einfache und effektive Entfernung dieser unerw\u00fcnschten Plagen innerhalb weniger Minuten nach der Anwendung. Das Produkt ver\u00e4ndert die Wasserparameter nicht und beeinflusst die Wasserqualit\u00e4t im Aquarium nicht.<\/p>\n<p>Mit Aiptasia Shot k\u00f6nnen Sie das Gleichgewicht in Ihrem Meerwasseraquarium wiederherstellen, st\u00f6rende Anemonen beseitigen und Ihre wertvollen Korallen sch\u00fctzen. Zus\u00e4tzliche Schritte wie Wasserwechsel oder Filtration sind nach der Behandlung nicht erforderlich.<\/p>\n<p>Schaffen Sie ein gesundes und sch\u00f6nes Meerwasseraquarium mit Aquaforest-Produkten!<\/p>\n<h3>Was Macht Aiptasia Shot Einzigartig?<\/h3>\n<ul>\n<li>Wirkt innerhalb weniger Minuten.<\/li>\n<li>Beeinflusst die Wasserbedingungen im Aquarium nicht.<\/li>\n<li>Einfach zu dosieren.<\/li>\n<\/ul>\n<h3>Anwendungshinweise<\/h3>\n<ul>\n<li>Vor Gebrauch gut sch\u00fctteln.<\/li>\n<li>Verwenden Sie die beiliegende Spritze, um die richtige Menge Fl\u00fcssigkeit aufzuziehen.<\/li>\n<li>Tragen Sie das Produkt vorsichtig auf die Mund\u00f6ffnung der Aiptasia auf.<\/li>\n<li>Sp\u00fclen Sie die Spritze und die Spitze nach dem Verfahren mit RO-Wasser aus.<\/li>\n<li>Wiederholen Sie die Behandlung bei Bedarf nach 48 Stunden.<\/li>\n<\/ul>\n<h3>Zus\u00e4tzliche Hinweise<\/h3>\n<ul>\n<li>Schalten Sie w\u00e4hrend der Anwendung die Str\u00f6mungspumpen aus. Schalten Sie diese nach etwa 15 Minuten wieder ein.<\/li>\n<li>Vermeiden Sie den Kontakt des Produkts mit Korallen.<\/li>\n<li>Sp\u00fclen Sie die Spritze und die Spitze nach jeder Anwendung gr\u00fcndlich mit RO-Wasser.<\/li>\n<\/ul>\n<h3>Warnhinweise<\/h3>\n<ul>\n<li>Dieses Produkt ist nur f\u00fcr Meerwasseraquarien bestimmt.<\/li>\n<li>Nicht f\u00fcr den menschlichen Verzehr geeignet.<\/li>\n<li>Au\u00dferhalb der Reichweite von Kindern aufbewahren.<\/li>\n<\/ul>\n","protected":false},"excerpt":{"rendered":"<p>Aquaforest Aiptasia Shot Schnellwirkende L\u00f6sung zur Kontrolle von Aiptasia in Meerwasseraquarien<\/p>\n","protected":false},"featured_media":125382,"template":"","meta":[],"pwb-brand":[2199],"product_cat":[1390,1414,1385],"product_tag":[],"class_list":{"0":"post-125384","1":"product","2":"type-product","3":"status-publish","4":"has-post-thumbnail","6":"pwb-brand-aquaforest","7":"product_cat-medikamente","8":"product_cat-aquaforest-de","9":"product_cat-neue-produkte","11":"first","12":"instock","13":"taxable","14":"shipping-taxable","15":"purchasable","16":"product-type-simple"},"acf":[],"brands":[{"id":2199,"name":"Aquaforest","slug":"aquaforest"}],"_links":{"self":[{"href":"https:\/\/www.seaflowerstore.com\/de\/wp-json\/wp\/v2\/product\/125384","targetHints":{"allow":["GET"]}}],"collection":[{"href":"https:\/\/www.seaflowerstore.com\/de\/wp-json\/wp\/v2\/product"}],"about":[{"href":"https:\/\/www.seaflowerstore.com\/de\/wp-json\/wp\/v2\/types\/product"}],"wp:featuredmedia":[{"embeddable":true,"href":"https:\/\/www.seaflowerstore.com\/de\/wp-json\/wp\/v2\/media\/125382"}],"wp:attachment":[{"href":"https:\/\/www.seaflowerstore.com\/de\/wp-json\/wp\/v2\/media?parent=125384"}],"wp:term":[{"taxonomy":"pwb-brand","embeddable":true,"href":"https:\/\/www.seaflowerstore.com\/de\/wp-json\/wp\/v2\/pwb-brand?post=125384"},{"taxonomy":"product_cat","embeddable":true,"href":"https:\/\/www.seaflowerstore.com\/de\/wp-json\/wp\/v2\/product_cat?post=125384"},{"taxonomy":"product_tag","embeddable":true,"href":"https:\/\/www.seaflowerstore.com\/de\/wp-json\/wp\/v2\/product_tag?post=125384"}],"curies":[{"name":"wp","href":"https:\/\/api.w.org\/{rel}","templated":true}]}}