{"id":125800,"date":"2025-03-28T14:09:43","date_gmt":"2025-03-28T13:09:43","guid":{"rendered":"https:\/\/www.seaflowerstore.com\/?post_type=product&#038;p=125800"},"modified":"2025-03-28T14:12:25","modified_gmt":"2025-03-28T13:12:25","slug":"dvh-gruenes-seealgenblatt","status":"publish","type":"product","link":"https:\/\/www.seaflowerstore.com\/de\/dvh-gruenes-seealgenblatt\/","title":{"rendered":"DVH Gr\u00fcnes Seealgenblatt"},"content":{"rendered":"<h2>DVH Gr\u00fcnes Seealgenblatt \u2013 Nat\u00fcrliches Futter f\u00fcr Pflanzenfressende Fische<\/h2>\n<p><strong>DVH Gr\u00fcnes Seealgenblatt<\/strong> ist ein super n\u00e4hrstoffreiches, 100% nat\u00fcrliches, getrocknetes Seealgenfutter aus wild wachsendem <em>Porphyra sp.<\/em>. Es ist reich an essenziellen Vitaminen und Spurenelementen und f\u00f6rdert die Vitalit\u00e4t, Farbintensit\u00e4t und das Immunsystem pflanzenfressender Meeres- und S\u00fc\u00dfwasserfische.<\/p>\n<h3>Geeignet f\u00fcr Viele Fischarten<\/h3>\n<ul>\n<li><strong>Meerwasserfische:<\/strong> Doktorfische, Kaiserfische, Moorish Idols, Papageifische, Lippfische und Riffbarsche.<\/li>\n<li><strong>S\u00fc\u00dfwasserfische:<\/strong> Welse, Buntbarsche, Schleierschw\u00e4nze, Lebendgeb\u00e4rende und K\u00fcssende Guramis.<\/li>\n<\/ul>\n<h3>F\u00fctterungsempfehlung f\u00fcr DVH Gr\u00fcnes Seealgenblatt<\/h3>\n<ul>\n<li>Erg\u00e4nzen Sie die t\u00e4gliche Ern\u00e4hrung mit <strong>DVH ReefPearls<\/strong> oder <strong>FreshPearls<\/strong>.<\/li>\n<li>Rei\u00dfen Sie ein St\u00fcck von ca. 7,5 cm \/ 3 Zoll ab.<\/li>\n<li>Befestigen Sie es mit einem Futterclip im Aquarium.<\/li>\n<li>Entfernen Sie nicht gefressenes Seealgenblatt nach einigen Stunden.<\/li>\n<li>Nach dem \u00d6ffnen trocken und k\u00fchl lagern.<\/li>\n<\/ul>\n<h3>Hochwertige Zutaten<\/h3>\n<ul>\n<li><strong>100% nat\u00fcrlich:<\/strong> Hergestellt aus wildwachsenden Pflanzen.<\/li>\n<li><strong>Hoher Proteingehalt:<\/strong> Mindestens 41,5% Rohprotein f\u00fcr optimales Wachstum.<\/li>\n<li><strong>Gesunde Fette:<\/strong> 4,1% Rohfett f\u00fcr Energie und Vitalit\u00e4t.<\/li>\n<li><strong>F\u00f6rdert die Verdauung:<\/strong> Nat\u00fcrlicher Ballaststoffgehalt (max. 5%) unterst\u00fctzt eine gesunde Darmflora.<\/li>\n<\/ul>\n<p>Versorgen Sie Ihre Fische mit <strong>DVH Gr\u00fcnes Seealgenblatt<\/strong> \u2013 der nat\u00fcrlichen und n\u00e4hrstoffreichen Wahl f\u00fcr optimale Fischgesundheit.<\/p>\n","protected":false},"excerpt":{"rendered":"<p>Gr\u00fcnes Seealgenblatt Nat\u00fcrliches Seealgenblatt f\u00fcr Pflanzenfresser, reich an N\u00e4hrstoffen<\/p>\n","protected":false},"featured_media":125793,"template":"","meta":[],"pwb-brand":[2193],"product_cat":[1438],"product_tag":[],"class_list":{"0":"post-125800","1":"product","2":"type-product","3":"status-publish","4":"has-post-thumbnail","6":"pwb-brand-dvh","7":"product_cat-fischfutter","8":"pa_inhoud-30-gr-de","10":"first","11":"instock","12":"taxable","13":"shipping-taxable","14":"purchasable","15":"product-type-variable"},"acf":[],"brands":[{"id":2193,"name":"DVH","slug":"dvh"}],"_links":{"self":[{"href":"https:\/\/www.seaflowerstore.com\/de\/wp-json\/wp\/v2\/product\/125800","targetHints":{"allow":["GET"]}}],"collection":[{"href":"https:\/\/www.seaflowerstore.com\/de\/wp-json\/wp\/v2\/product"}],"about":[{"href":"https:\/\/www.seaflowerstore.com\/de\/wp-json\/wp\/v2\/types\/product"}],"wp:featuredmedia":[{"embeddable":true,"href":"https:\/\/www.seaflowerstore.com\/de\/wp-json\/wp\/v2\/media\/125793"}],"wp:attachment":[{"href":"https:\/\/www.seaflowerstore.com\/de\/wp-json\/wp\/v2\/media?parent=125800"}],"wp:term":[{"taxonomy":"pwb-brand","embeddable":true,"href":"https:\/\/www.seaflowerstore.com\/de\/wp-json\/wp\/v2\/pwb-brand?post=125800"},{"taxonomy":"product_cat","embeddable":true,"href":"https:\/\/www.seaflowerstore.com\/de\/wp-json\/wp\/v2\/product_cat?post=125800"},{"taxonomy":"product_tag","embeddable":true,"href":"https:\/\/www.seaflowerstore.com\/de\/wp-json\/wp\/v2\/product_tag?post=125800"}],"curies":[{"name":"wp","href":"https:\/\/api.w.org\/{rel}","templated":true}]}}