{"id":126097,"date":"2025-04-29T12:54:07","date_gmt":"2025-04-29T10:57:46","guid":{"rendered":"https:\/\/www.seaflowerstore.com\/?post_type=product&#038;p=126097"},"modified":"2025-04-29T12:57:46","modified_gmt":"2025-04-29T10:57:46","slug":"tropic-marin-carbon-bag-400-g","status":"publish","type":"product","link":"https:\/\/www.seaflowerstore.com\/de\/tropic-marin-carbon-bag-400-g\/","title":{"rendered":"Tropic Marin Carbon Bag &#8211; 400 g"},"content":{"rendered":"<h2>Tropic Marin Carbon Bag &#8211; 400 g Entfernt Gelbstoffe, sorgt f\u00fcr klares Wasser<\/h2>\n<p><strong>Tropic Marin CARBON<\/strong> ist eine hocheffiziente Aktivkohle zur Entfernung von Gelbstoffen und Schadstoffen aus dem Meerwasseraquarium. Diese Verunreinigungen beeintr\u00e4chtigen die Lichtdurchl\u00e4ssigkeit und Wasserqualit\u00e4t und schw\u00e4chen die nat\u00fcrlichen Farben von Korallen, Pflanzen und Fischen.<\/p>\n<p>Die Kohle sorgt schnell f\u00fcr klares Wasser und verbessert die Lichtverh\u00e4ltnisse im Aquarium erheblich. Sie gibt nur sehr geringe Mengen an Phosphat und Silikat ab und ist daher ideal f\u00fcr den Einsatz im Riffaquarium geeignet.<\/p>\n<p><strong>Vorteile:<\/strong><\/p>\n<ul>\n<li>Hocheffektive Aktivkohle gegen Gelbstoffe und Schadstoffe<\/li>\n<li>Starke Adsorptionsleistung<\/li>\n<li>F\u00fcr optimale Lichtdurchl\u00e4ssigkeit und Farbintensit\u00e4t<\/li>\n<li>Sehr geringe Abgabe von Phosphat und Silikat<\/li>\n<li>F\u00f6rdert gesunde Korallen, Pflanzen und Fische<\/li>\n<\/ul>\n<p><strong>Anwendung:<\/strong><\/p>\n<ul>\n<li>400 g Tropic Marin\u00ae CARBON reichen f\u00fcr 800 Liter Aquarienwasser<\/li>\n<li>F\u00fcr Dauerbetrieb: etwa 1 % des Tankvolumens pro Stunde filtern<\/li>\n<li>Wechsel der Kohle sp\u00e4testens alle 8 Wochen empfohlen<\/li>\n<li>F\u00fcr akute Anwendungen (z.\u202fB. nach Medikamentengabe): Einsatz in Schnellfilter f\u00fcr 1\u20133 Tage<\/li>\n<\/ul>\n","protected":false},"excerpt":{"rendered":"<p>Tropic Marin Carbon Bag &#8211; 400 g Entfernt Gelbstoffe, sorgt f\u00fcr klares Wasser<\/p>\n","protected":false},"featured_media":126095,"template":"","meta":[],"pwb-brand":[2151],"product_cat":[1394,1385],"product_tag":[],"class_list":{"0":"post-126097","1":"product","2":"type-product","3":"status-publish","4":"has-post-thumbnail","6":"pwb-brand-tropic-marin","7":"product_cat-aktivkohle","8":"product_cat-neue-produkte","10":"first","11":"instock","12":"taxable","13":"shipping-taxable","14":"purchasable","15":"product-type-simple"},"acf":[],"brands":[{"id":2151,"name":"Tropic Marin","slug":"tropic-marin"}],"_links":{"self":[{"href":"https:\/\/www.seaflowerstore.com\/de\/wp-json\/wp\/v2\/product\/126097","targetHints":{"allow":["GET"]}}],"collection":[{"href":"https:\/\/www.seaflowerstore.com\/de\/wp-json\/wp\/v2\/product"}],"about":[{"href":"https:\/\/www.seaflowerstore.com\/de\/wp-json\/wp\/v2\/types\/product"}],"wp:featuredmedia":[{"embeddable":true,"href":"https:\/\/www.seaflowerstore.com\/de\/wp-json\/wp\/v2\/media\/126095"}],"wp:attachment":[{"href":"https:\/\/www.seaflowerstore.com\/de\/wp-json\/wp\/v2\/media?parent=126097"}],"wp:term":[{"taxonomy":"pwb-brand","embeddable":true,"href":"https:\/\/www.seaflowerstore.com\/de\/wp-json\/wp\/v2\/pwb-brand?post=126097"},{"taxonomy":"product_cat","embeddable":true,"href":"https:\/\/www.seaflowerstore.com\/de\/wp-json\/wp\/v2\/product_cat?post=126097"},{"taxonomy":"product_tag","embeddable":true,"href":"https:\/\/www.seaflowerstore.com\/de\/wp-json\/wp\/v2\/product_tag?post=126097"}],"curies":[{"name":"wp","href":"https:\/\/api.w.org\/{rel}","templated":true}]}}