{"id":126202,"date":"2025-05-08T16:46:39","date_gmt":"2025-05-08T14:46:39","guid":{"rendered":"https:\/\/www.seaflowerstore.com\/?post_type=product&#038;p=126202"},"modified":"2025-07-09T13:02:54","modified_gmt":"2025-07-09T11:02:54","slug":"esha-optima-20-ml","status":"publish","type":"product","link":"https:\/\/www.seaflowerstore.com\/de\/esha-optima-20-ml\/","title":{"rendered":"eSHa Optima &#8211; 20 ml"},"content":{"rendered":"<h2>eSHa Optima &#8211; 20 ml\u00a0Steigern Sie die Vitalit\u00e4t von Fischen mit essentiellen N\u00e4hrstoffen<\/h2>\n<p>eSHa OPTIMA ist ein gesundheitsf\u00f6rderndes Erg\u00e4nzungsmittel, das die Kondition und Widerstandskraft von tropischen und Kaltwasserfischen verbessert. Angereichert mit Spurenelementen, Mineralien und Vitaminen, ahmt es die vorteilhaften Bestandteile tropischen Wassers nach und f\u00f6rdert das allgemeine Wohlbefinden.<\/p>\n<p><strong>Hauptvorteile:<\/strong><\/p>\n<ul>\n<li>Unterst\u00fctzt die Erholung nach Krankheit oder Verletzung<\/li>\n<li>St\u00e4rkt die Widerstandsf\u00e4higkeit gegen Krankheiten und Parasiten<\/li>\n<li>F\u00f6rdert nat\u00fcrliches Verhalten wie das Laichen<\/li>\n<li>Geeignet f\u00fcr Arten wie Diskus und Salmoniden<\/li>\n<\/ul>\n<p><strong>Dosierung:<\/strong><\/p>\n<ul>\n<li>Standard: 20 Tropfen pro 100 Liter alle zwei Wochen<\/li>\n<li>Erholung: 20 Tropfen pro 100 Liter w\u00f6chentlich f\u00fcr 2\u20133 Wochen<\/li>\n<li>Laichen: Nach einem Wasserwechsel von 20\u201325%, 20 Tropfen pro 100 Liter w\u00f6chentlich f\u00fcr 2\u20133 Wochen oder bis zum Laichen<\/li>\n<\/ul>\n<p><em>Eine 20 ml Flasche behandelt bis zu 2000 Liter Aquarienwasser.<\/em><\/p>\n","protected":false},"excerpt":{"rendered":"<p>eSHa Optima N\u00e4hrstoffreiches Pr\u00e4parat f\u00fcr Fischvitalit\u00e4t<\/p>\n","protected":false},"featured_media":126200,"template":"","meta":[],"pwb-brand":[2287],"product_cat":[1432],"product_tag":[],"class_list":{"0":"post-126202","1":"product","2":"type-product","3":"status-publish","4":"has-post-thumbnail","6":"pwb-brand-esha","7":"product_cat-medikation","9":"first","10":"instock","11":"sale","12":"taxable","13":"shipping-taxable","14":"purchasable","15":"product-type-simple"},"acf":[],"brands":[{"id":2287,"name":"eSHa","slug":"esha"}],"_links":{"self":[{"href":"https:\/\/www.seaflowerstore.com\/de\/wp-json\/wp\/v2\/product\/126202","targetHints":{"allow":["GET"]}}],"collection":[{"href":"https:\/\/www.seaflowerstore.com\/de\/wp-json\/wp\/v2\/product"}],"about":[{"href":"https:\/\/www.seaflowerstore.com\/de\/wp-json\/wp\/v2\/types\/product"}],"wp:featuredmedia":[{"embeddable":true,"href":"https:\/\/www.seaflowerstore.com\/de\/wp-json\/wp\/v2\/media\/126200"}],"wp:attachment":[{"href":"https:\/\/www.seaflowerstore.com\/de\/wp-json\/wp\/v2\/media?parent=126202"}],"wp:term":[{"taxonomy":"pwb-brand","embeddable":true,"href":"https:\/\/www.seaflowerstore.com\/de\/wp-json\/wp\/v2\/pwb-brand?post=126202"},{"taxonomy":"product_cat","embeddable":true,"href":"https:\/\/www.seaflowerstore.com\/de\/wp-json\/wp\/v2\/product_cat?post=126202"},{"taxonomy":"product_tag","embeddable":true,"href":"https:\/\/www.seaflowerstore.com\/de\/wp-json\/wp\/v2\/product_tag?post=126202"}],"curies":[{"name":"wp","href":"https:\/\/api.w.org\/{rel}","templated":true}]}}