{"id":126361,"date":"2025-05-20T12:23:18","date_gmt":"2025-05-20T10:26:43","guid":{"rendered":"https:\/\/www.seaflowerstore.com\/?post_type=product&#038;p=126361"},"modified":"2025-05-20T12:26:55","modified_gmt":"2025-05-20T10:26:55","slug":"reef-zlements-mg-magnesium-1-l","status":"publish","type":"product","link":"https:\/\/www.seaflowerstore.com\/de\/reef-zlements-mg-magnesium-1-l\/","title":{"rendered":"Reef Zlements Mg Magnesium &#8211; 1 L"},"content":{"rendered":"<h2>Reef Zlements Mg Magnesium &#8211; 1 L Wichtiges Magnesiumpr\u00e4parat f\u00fcr Riffaquarien<\/h2>\n<p><strong>Reef Zlements Mg Magnesium<\/strong> ist ein hochwertiges Magnesiumpr\u00e4parat zur Unterst\u00fctzung stabiler Magnesiumwerte in Meerwasseraquarien. Magnesium (Mg) ist nach Natrium und Chlorid das dritth\u00e4ufigste Ion im Meerwasser und liegt bei etwa 1.350 mg\/L.<\/p>\n<p>Magnesium spielt eine zentrale Rolle in vielen biologischen, chemischen und \u00f6kologischen Prozessen. Es stabilisiert das Karbonatsystem, unterst\u00fctzt die Kalzifikation bei Korallen und tr\u00e4gt zur Gesundheit des gesamten Riff\u00f6kosystems bei. Ein ausgeglichener Magnesiumgehalt ist entscheidend f\u00fcr stabile Kalzium- und Alkalinit\u00e4tswerte.<\/p>\n<p>Laut Reef Zlements Mischklassifikation geh\u00f6rt Magnesium zu den <strong>Typ-C-Elementen<\/strong>, die f\u00fcr eine langfristige chemische Stabilit\u00e4t und Korallengesundheit unerl\u00e4sslich sind.<\/p>\n<p><strong>Dosierung:<\/strong> Geben Sie 10 ml Magnesium Zlement pro 100 Liter Aquarienwasser hinzu, um den Magnesiumgehalt um 10 mg\/L zu erh\u00f6hen. Pr\u00fcfen Sie stets die Wasserwerte vor und nach der Dosierung.<\/p>\n<p><strong>Tipp:<\/strong> Weitere Informationen und wissenschaftliche Hintergr\u00fcnde finden Sie im <em>H2P Methodology Manual<\/em> von Reef Zlements.<\/p>\n","protected":false},"excerpt":{"rendered":"<p>Reef Zlements Mg Magnesium &#8211; 1 L Wichtiges Magnesiumpr\u00e4parat f\u00fcr Riffaquarien<\/p>\n","protected":false},"featured_media":126359,"template":"","meta":[],"pwb-brand":[2321],"product_cat":[1391,1385],"product_tag":[],"class_list":{"0":"post-126361","1":"product","2":"type-product","3":"status-publish","4":"has-post-thumbnail","6":"pwb-brand-reef-zlements","7":"product_cat-ergaenzungen","8":"product_cat-neue-produkte","10":"first","11":"instock","12":"taxable","13":"shipping-taxable","14":"purchasable","15":"product-type-simple"},"acf":[],"brands":[{"id":2321,"name":"Reef Zlements","slug":"reef-zlements"}],"_links":{"self":[{"href":"https:\/\/www.seaflowerstore.com\/de\/wp-json\/wp\/v2\/product\/126361","targetHints":{"allow":["GET"]}}],"collection":[{"href":"https:\/\/www.seaflowerstore.com\/de\/wp-json\/wp\/v2\/product"}],"about":[{"href":"https:\/\/www.seaflowerstore.com\/de\/wp-json\/wp\/v2\/types\/product"}],"wp:featuredmedia":[{"embeddable":true,"href":"https:\/\/www.seaflowerstore.com\/de\/wp-json\/wp\/v2\/media\/126359"}],"wp:attachment":[{"href":"https:\/\/www.seaflowerstore.com\/de\/wp-json\/wp\/v2\/media?parent=126361"}],"wp:term":[{"taxonomy":"pwb-brand","embeddable":true,"href":"https:\/\/www.seaflowerstore.com\/de\/wp-json\/wp\/v2\/pwb-brand?post=126361"},{"taxonomy":"product_cat","embeddable":true,"href":"https:\/\/www.seaflowerstore.com\/de\/wp-json\/wp\/v2\/product_cat?post=126361"},{"taxonomy":"product_tag","embeddable":true,"href":"https:\/\/www.seaflowerstore.com\/de\/wp-json\/wp\/v2\/product_tag?post=126361"}],"curies":[{"name":"wp","href":"https:\/\/api.w.org\/{rel}","templated":true}]}}