{"id":127057,"date":"2025-08-03T13:58:13","date_gmt":"2025-08-03T11:58:13","guid":{"rendered":"https:\/\/www.seaflowerstore.com\/?post_type=product&#038;p=127057"},"modified":"2025-08-03T16:03:16","modified_gmt":"2025-08-03T14:03:16","slug":"ati-calcium-1-000ml","status":"publish","type":"product","link":"https:\/\/www.seaflowerstore.com\/de\/ati-calcium-1-000ml\/","title":{"rendered":"ATI Calcium 1.000ml"},"content":{"rendered":"<h2>ICP Element Calcium 1.000ml ist eine hochreine L\u00f6sung zur Erh\u00f6hung des Calciumgehalts im Riffaquarium<\/h2>\n<h2><span style=\"color: #555555; font-size: 14.4px;\">Die ATI\u00ae ICP Elemente wurden vollst\u00e4ndig \u00fcberarbeitet und bieten hochreine L\u00f6sungen zur Erh\u00f6hung einzelner Elemente im Riffaquarium. Sie eignen sich ideal zur Kompensation von Mangelzust\u00e4nden und zur t\u00e4glichen Erg\u00e4nzung.<\/span><\/h2>\n<p><strong>Wichtige Merkmale der ATI\u00ae ICP Elemente:<\/strong><\/p>\n<ul>\n<li>Sehr gutes Preis-Leistungs-Verh\u00e4ltnis mit transparenter Angabe der Gesamtmenge pro Element auf dem Etikett<\/li>\n<li>Produkte sind bei der Europ\u00e4ischen Chemikalienagentur (ECHA) registriert<\/li>\n<li>Entwickelt gem\u00e4\u00df der strengen CLP-Verordnung (EG) Nr. 1272\/2008 zum Schutz von Umwelt und Gesundheit<\/li>\n<li>Hergestellt und qualit\u00e4tsgepr\u00fcft in Deutschland mit hochreinen Rohstoffen<\/li>\n<li>Neue Einzelelemente verf\u00fcgbar: Alkalinit\u00e4t, Kupfer, Rubidium, Schwefel, Selen<\/li>\n<li>Farbkodierung unterst\u00fctzt die Auswahl je nach Erfahrungslevel (Anf\u00e4nger, Profi, Experte)<\/li>\n<\/ul>\n<p><strong>ATI\u00ae ICP Element Calcium<\/strong> ist eine hochreine L\u00f6sung zur Erh\u00f6hung des Calciumgehalts im Riffaquarium. Es eignet sich ideal zur t\u00e4glichen Anwendung und zur Behebung von Calciummangel.<\/p>\n<p><strong>Dosieranleitung:<\/strong><\/p>\n<ul>\n<li>1 ml pro 100 Liter (26 Gallonen) erh\u00f6ht Calcium um 2 mg\/l<\/li>\n<li>Calcium nicht mehr als 40 mg\/l (20 ml\/100 Liter oder 20 ml\/26 Gallonen) pro Tag erh\u00f6hen<\/li>\n<li>Die Flasche enth\u00e4lt 200.000 mg Calcium<\/li>\n<\/ul>\n<p><strong>Symptome von Calciummangel:<\/strong><\/p>\n<ul>\n<li>Verlangsamtes Wachstum von Steinkorallen und Rotalgen<\/li>\n<li>Weiche oder deformierte Skelette bei LPS- und SPS-Korallen<\/li>\n<li>Schlechte Polypenausdehnung und blasse Farben<\/li>\n<\/ul>\n<p><strong>Ursachen von Calciummangel:<\/strong><\/p>\n<ul>\n<li>Hoher Verbrauch durch schnellwachsende SPS- und LPS-Korallen<\/li>\n<li>Unzureichende oder falsche Dosierung<\/li>\n<li>Defekte Dosierpumpen oder verstopfte Dosierschl\u00e4uche<\/li>\n<\/ul>\n","protected":false},"excerpt":{"rendered":"<p>ICP Element Calcium 1.000ml ist eine hochreine L\u00f6sung zur Erh\u00f6hung des Calciumgehalts im Riffaquarium<\/p>\n","protected":false},"featured_media":127055,"template":"","meta":[],"pwb-brand":[2131],"product_cat":[1391,1395,1385],"product_tag":[],"class_list":{"0":"post-127057","1":"product","2":"type-product","3":"status-publish","4":"has-post-thumbnail","6":"pwb-brand-ati","7":"product_cat-ergaenzungen","8":"product_cat-ati-de","9":"product_cat-neue-produkte","11":"first","12":"outofstock","13":"taxable","14":"shipping-taxable","15":"purchasable","16":"product-type-simple"},"acf":[],"brands":[{"id":2131,"name":"ATI","slug":"ati"}],"_links":{"self":[{"href":"https:\/\/www.seaflowerstore.com\/de\/wp-json\/wp\/v2\/product\/127057","targetHints":{"allow":["GET"]}}],"collection":[{"href":"https:\/\/www.seaflowerstore.com\/de\/wp-json\/wp\/v2\/product"}],"about":[{"href":"https:\/\/www.seaflowerstore.com\/de\/wp-json\/wp\/v2\/types\/product"}],"wp:featuredmedia":[{"embeddable":true,"href":"https:\/\/www.seaflowerstore.com\/de\/wp-json\/wp\/v2\/media\/127055"}],"wp:attachment":[{"href":"https:\/\/www.seaflowerstore.com\/de\/wp-json\/wp\/v2\/media?parent=127057"}],"wp:term":[{"taxonomy":"pwb-brand","embeddable":true,"href":"https:\/\/www.seaflowerstore.com\/de\/wp-json\/wp\/v2\/pwb-brand?post=127057"},{"taxonomy":"product_cat","embeddable":true,"href":"https:\/\/www.seaflowerstore.com\/de\/wp-json\/wp\/v2\/product_cat?post=127057"},{"taxonomy":"product_tag","embeddable":true,"href":"https:\/\/www.seaflowerstore.com\/de\/wp-json\/wp\/v2\/product_tag?post=127057"}],"curies":[{"name":"wp","href":"https:\/\/api.w.org\/{rel}","templated":true}]}}