{"id":127763,"date":"2025-12-04T14:04:15","date_gmt":"2025-12-04T13:04:15","guid":{"rendered":"https:\/\/www.seaflowerstore.com\/?post_type=product&#038;p=127763"},"modified":"2025-12-04T14:17:21","modified_gmt":"2025-12-04T13:17:21","slug":"new-easymasstick-50-copy","status":"publish","type":"product","link":"https:\/\/www.seaflowerstore.com\/de\/new-easymasstick-50-copy\/","title":{"rendered":"NEW Easymasstick 90"},"content":{"rendered":"<h2>Easymasstick 90g Nat\u00fcrliche selbstklebende Nahrung f\u00fcr Fische und Wirbellose<\/h2>\n<p>Easymasstick ist eine gebrauchsfertige selbstklebende Paste, die f\u00fcr die nat\u00fcrliche und ausgewogene F\u00fctterung von omnivoren Meeresfischen und Wirbellosen entwickelt wurde. Die Paste kann entsprechend dem Fressverhalten der Tiere an beliebiger Stelle im Aquarium angebracht werden.<\/p>\n<p>Die Mischung besteht aus hochwertigen, nat\u00fcrlich gewonnenen marinen Rohstoffen, die intern produziert werden. Sie enth\u00e4lt keine Lockstoffe, k\u00fcnstlichen Konservierungsstoffe oder synthetischen Zus\u00e4tze.<\/p>\n<p><strong>Lagerung:<\/strong> Trocken, k\u00fchl und dunkel lagern. Die Temperatur sollte 25\u00b0C nicht \u00fcberschreiten. Im Sommer wird eine klimatisierte Lagerung empfohlen.<\/p>\n<p><strong>Zusammensetzung:<\/strong><\/p>\n<ul>\n<li>Meerwasserwirbellose (Palaemonetes varians)<\/li>\n<li>Mikroalgen: Nannochloropsis, Isochrysis, Tetraselmis, Phaeodactylum<\/li>\n<li>Makroalgen: Ulva, Chondrus<\/li>\n<\/ul>\n<p><strong>Dosierung:<\/strong> Zwei- bis dreimal t\u00e4glich f\u00fcttern, in Mengen die innerhalb von zwei Minuten gefressen werden.<\/p>\n<p><strong>Anwendung:<\/strong> Eine Portion Easymasstick nehmen und auf Gestein, Korallenskelette oder Aquarienscheiben dr\u00fccken. Am besten im unteren Drittel des Aquariums platzieren. Mit einer kleinen Menge beginnen und schrittweise anpassen.<\/p>\n<p><strong>Warum Mikroalgen:<\/strong><\/p>\n<ul>\n<li><strong>Tetraselmis chuii:<\/strong> Hoher Gehalt an Antioxidantien sowie Polysacchariden und PUFAs.<\/li>\n<li><strong>Phaeodactylum tricornutum:<\/strong> Reich an Beta-Glucanen f\u00fcr ein starkes Immunsystem. Enth\u00e4lt Fucoxanthin zur Unterst\u00fctzung des Fettstoffwechsels.<\/li>\n<li><strong>Nannochloropsis gaditana:<\/strong> Liefert EPA, ARA, nat\u00fcrliche Vitamine und Antioxidantien.<\/li>\n<li><strong>Isochrysis galbana:<\/strong> Hoher DHA-Gehalt, Proteine und nat\u00fcrliche Pigmente wie Lutein und Astaxanthin.<\/li>\n<\/ul>\n<p><strong>Was es einzigartig macht:<\/strong><\/p>\n<ul>\n<li>Die Rezeptur wirkt als nat\u00fcrlicher Lockstoff und motiviert w\u00e4hlerische Fische schneller zu fressen.<\/li>\n<li>Palaemonetes varians liefert ATP, das von Fischen leicht erkannt wird und eine schnelle Fressreaktion ausl\u00f6st.<\/li>\n<li>Bietet nat\u00fcrliche Proteine, EPA-, ARA- und DHA-reiche Lipide, Vitamine und Kohlenhydrate.<\/li>\n<li>Sehr niedriger Phosphatgehalt dank der Verwendung gefriergetrockneter Krebstiere.<\/li>\n<li>Frei von Bestandteilen terrestrischer Tiere oder Pflanzen, Lockstoffen, k\u00fcnstlicher Konservierung oder synthetischen Zusatzstoffen.<\/li>\n<\/ul>\n","protected":false},"excerpt":{"rendered":"<p>Easymasstick 90g Nat\u00fcrliche selbstklebende Nahrung f\u00fcr Fische und Wirbellose<\/p>\n","protected":false},"featured_media":127767,"template":"","meta":[],"pwb-brand":[2195],"product_cat":[1438,1385],"product_tag":[],"class_list":{"0":"post-127763","1":"product","2":"type-product","3":"status-publish","4":"has-post-thumbnail","6":"pwb-brand-easy-reefs","7":"product_cat-fischfutter","8":"product_cat-neue-produkte","10":"first","11":"instock","12":"taxable","13":"shipping-taxable","14":"purchasable","15":"product-type-simple"},"acf":[],"brands":[{"id":2195,"name":"Easy Reefs","slug":"easy-reefs"}],"_links":{"self":[{"href":"https:\/\/www.seaflowerstore.com\/de\/wp-json\/wp\/v2\/product\/127763","targetHints":{"allow":["GET"]}}],"collection":[{"href":"https:\/\/www.seaflowerstore.com\/de\/wp-json\/wp\/v2\/product"}],"about":[{"href":"https:\/\/www.seaflowerstore.com\/de\/wp-json\/wp\/v2\/types\/product"}],"wp:featuredmedia":[{"embeddable":true,"href":"https:\/\/www.seaflowerstore.com\/de\/wp-json\/wp\/v2\/media\/127767"}],"wp:attachment":[{"href":"https:\/\/www.seaflowerstore.com\/de\/wp-json\/wp\/v2\/media?parent=127763"}],"wp:term":[{"taxonomy":"pwb-brand","embeddable":true,"href":"https:\/\/www.seaflowerstore.com\/de\/wp-json\/wp\/v2\/pwb-brand?post=127763"},{"taxonomy":"product_cat","embeddable":true,"href":"https:\/\/www.seaflowerstore.com\/de\/wp-json\/wp\/v2\/product_cat?post=127763"},{"taxonomy":"product_tag","embeddable":true,"href":"https:\/\/www.seaflowerstore.com\/de\/wp-json\/wp\/v2\/product_tag?post=127763"}],"curies":[{"name":"wp","href":"https:\/\/api.w.org\/{rel}","templated":true}]}}