{"id":128633,"date":"2026-03-16T17:04:50","date_gmt":"2026-03-16T16:04:50","guid":{"rendered":"https:\/\/www.seaflowerstore.com\/?post_type=product&#038;p=128633"},"modified":"2026-03-16T17:13:23","modified_gmt":"2026-03-16T16:13:23","slug":"comox-harness","status":"publish","type":"product","link":"https:\/\/www.seaflowerstore.com\/de\/comox-harness\/","title":{"rendered":"Comox Harness"},"content":{"rendered":"<h2>Comox Modular Harness Komfortables modulares Tragesystem f\u00fcr professionelle Ausr\u00fcstung<\/h2>\n<p><strong>Komfortables modulares Tragesystem f\u00fcr professionelle Ausr\u00fcstung<\/strong><\/p>\n<p><strong>The Comox Modular Harness<\/strong> ist das gleiche \u00e4u\u00dferst komfortable Tragesystem, das auch mit den Ruxton und Jervis Packs verwendet wird. Es wurde f\u00fcr professionelle Anwender und Outdoor-Nutzer entwickelt, die schnellen Zugriff auf wichtige Ausr\u00fcstung ben\u00f6tigen und gleichzeitig hohen Tragekomfort w\u00fcnschen.<\/p>\n<p>Das Tragesystem nutzt ein <strong>MOLLE-kompatibles System<\/strong> (Modular Lightweight Load-Carrying Equipment), mit dem Taschen, Holster, Pouches und weitere Ausr\u00fcstung sicher am Harness befestigt werden k\u00f6nnen.<\/p>\n<p><strong>Komfort und Bel\u00fcftung<\/strong><\/p>\n<p>Das Harness besteht aus atmungsaktivem Mesh-Material mit drei Reihen hochdichtem Schaumstoff auf der Innenseite. Dadurch wird eine hervorragende Bel\u00fcftung und hoher Tragekomfort auch bei l\u00e4ngeren Eins\u00e4tzen gew\u00e4hrleistet.<\/p>\n<p><strong>MOLLE Befestigungssystem<\/strong><\/p>\n<p>MOLLE-kompatible Zubeh\u00f6rteile werden mithilfe der mitgelieferten Kunststoffst\u00e4be befestigt, die durch abwechselnde Reihen des Gurtbandes am Harness und am Zubeh\u00f6r gef\u00fchrt werden. Die St\u00e4be k\u00f6nnen entfernt werden, indem die Rei\u00dfverschl\u00fcsse entlang der Unterseite des Harness ge\u00f6ffnet werden.<\/p>\n<p>Die Kunststoffst\u00e4be sorgen au\u00dferdem daf\u00fcr, dass das Harness seine Form beh\u00e4lt und bieten zus\u00e4tzlichen Schutz vor den befestigten Ausr\u00fcstungsgegenst\u00e4nden.<\/p>\n<p><strong>Hauptmerkmale<\/strong><\/p>\n<ul>\n<li>Sehr komfortables Harness, kompatibel mit Ruxton und Jervis Packs<\/li>\n<li>MOLLE-kompatibles System f\u00fcr modulare Ausr\u00fcstung<\/li>\n<li>Atmungsaktives Mesh mit Schaumstoffpolsterung<\/li>\n<li>Hervorragende Bel\u00fcftung und hoher Tragekomfort<\/li>\n<li>Kunststoffst\u00e4be stabilisieren die Form des Harness<\/li>\n<li>Kompatibel mit Rucks\u00e4cken und gr\u00f6\u00dferer Outdoor-Ausr\u00fcstung<\/li>\n<\/ul>\n<p><strong>Praktische Vorteile<\/strong><\/p>\n<ul>\n<li><strong>Sehr komfortabel:<\/strong> H\u00e4ufig von Anwendern f\u00fcr den hohen Komfort gelobt<\/li>\n<li><strong>Ausr\u00fcstung griffbereit:<\/strong> Wichtige Ausr\u00fcstung jederzeit schnell erreichbar<\/li>\n<li><strong>Rucksack kompatibel:<\/strong> Angenehm zu tragen auch unter einem Rucksack<\/li>\n<li><strong>Zubeh\u00f6r hinzuf\u00fcgen:<\/strong> Erweiterbar mit Funkholster, Flaschenhalter oder Utility Pouch<\/li>\n<\/ul>\n","protected":false},"excerpt":{"rendered":"<p>Comox Modular Harness Komfortables modulares Tragesystem f\u00fcr professionelle Ausr\u00fcstung<\/p>\n","protected":false},"featured_media":128619,"template":"","meta":[],"pwb-brand":[2299],"product_cat":[1538],"product_tag":[],"class_list":{"0":"post-128633","1":"product","2":"type-product","3":"status-publish","4":"has-post-thumbnail","6":"pwb-brand-tablet-ex-gear","7":"product_cat-brusttaschen","9":"first","10":"instock","11":"taxable","12":"shipping-taxable","13":"purchasable","14":"product-type-simple"},"acf":[],"brands":[{"id":2299,"name":"Tablet EX gear","slug":"tablet-ex-gear"}],"_links":{"self":[{"href":"https:\/\/www.seaflowerstore.com\/de\/wp-json\/wp\/v2\/product\/128633","targetHints":{"allow":["GET"]}}],"collection":[{"href":"https:\/\/www.seaflowerstore.com\/de\/wp-json\/wp\/v2\/product"}],"about":[{"href":"https:\/\/www.seaflowerstore.com\/de\/wp-json\/wp\/v2\/types\/product"}],"wp:featuredmedia":[{"embeddable":true,"href":"https:\/\/www.seaflowerstore.com\/de\/wp-json\/wp\/v2\/media\/128619"}],"wp:attachment":[{"href":"https:\/\/www.seaflowerstore.com\/de\/wp-json\/wp\/v2\/media?parent=128633"}],"wp:term":[{"taxonomy":"pwb-brand","embeddable":true,"href":"https:\/\/www.seaflowerstore.com\/de\/wp-json\/wp\/v2\/pwb-brand?post=128633"},{"taxonomy":"product_cat","embeddable":true,"href":"https:\/\/www.seaflowerstore.com\/de\/wp-json\/wp\/v2\/product_cat?post=128633"},{"taxonomy":"product_tag","embeddable":true,"href":"https:\/\/www.seaflowerstore.com\/de\/wp-json\/wp\/v2\/product_tag?post=128633"}],"curies":[{"name":"wp","href":"https:\/\/api.w.org\/{rel}","templated":true}]}}