{"id":85011,"date":"2023-05-12T19:04:22","date_gmt":"2023-05-12T17:04:22","guid":{"rendered":"https:\/\/www.seaflowerstore.com\/nl\/d-d-ai-blade-coral-growth-12-30-cm\/"},"modified":"2024-09-04T09:57:50","modified_gmt":"2024-09-04T07:57:50","slug":"d-d-ai-blade-coral-growth-12-30-cm","status":"publish","type":"product","link":"https:\/\/www.seaflowerstore.com\/de\/d-d-ai-blade-coral-growth-12-30-cm\/","title":{"rendered":"D-D AI Blade Coral Growth 12&#8243; \/ 30 cm"},"content":{"rendered":"<h2>D-D AI Blade Coral Growth 12&#8243; \/ 30 cm &#8211; (20 W)<\/h2>\n<h3><strong>Blade Coral Growth<\/strong><\/h3>\n<p>Das Blade Grow ist ein leistungsstarkes Ger\u00e4t mit elegantem Design. Mit einer einzigartigen LED-Mischung optimiert es die f\u00fcr die Korallenphotosynthese wichtigen Spektralspitzen. Sie k\u00f6nnen es allein verwenden oder mit dem Blade Glow kombinieren, um ein Farb-Setup zu erstellen, das den Anforderungen Ihres Aquariums entspricht.<\/p>\n<div class=\"uncode-single-media\">\n<img loading=\"lazy\" decoding=\"async\" alt=\"AI Blade Coral Grow Spectrum (Spitzenwert um 460 nm)\" class=\"wp-image-1065\" height=\"378\" src=\"https:\/\/www.aquaillumination.com\/wp-content\/uploads\/2022\/11\/ai-blade-coralGrow-spectrum-900px.webp\" width=\"446\"\/>\n<\/div>\n<h3><strong>Spektrum<\/strong><\/h3>\n<p>Dieses Licht bietet eine ausgewogene Mischung aus blauen und wei\u00dfen Dioden, die den photosynthetischen Anforderungen von Korallen effektiv gerecht werden. Das Blade Grow strahlt haupts\u00e4chlich Licht im tiefblauen bis blauen Bereich des Spektrums (400-500 nm) aus, das bekannterma\u00dfen sehr vorteilhaft f\u00fcr das Meeresleben ist.<\/p>\n<div class=\"uncode-single-media\">\n<img loading=\"lazy\" decoding=\"async\" alt=\"AI Blade Coral Grow LED Layout\" class=\"wp-image-1122\" height=\"233\" src=\"https:\/\/www.aquaillumination.com\/wp-content\/uploads\/2022\/11\/ai-blade-ledLayout-coralGrow.webp\" width=\"621\"\/>\n<\/div>\n<h3><strong>LEDs<\/strong><\/h3>\n<p>Das AI Blade verf\u00fcgt \u00fcber eine Clustergruppenkonfiguration. Jede Blade-Gr\u00f6\u00dfe enth\u00e4lt ungef\u00e4hr eine Clustergruppe pro Fu\u00df. Die enge Gruppierung und ausgewogene Platzierung der Dioden tr\u00e4gt zu der bemerkenswerten Balance und dem Schimmer bei, die die Blade-Plattform bietet. Das Blade Coral Grow besteht aus 24 Dioden pro Clustergruppe:<\/p>\n<ul>\n<li>12 \u2013 K\u00f6nigsblau<\/li>\n<li>6 \u2013 Kaltwei\u00df<\/li>\n<li>6 \u2013 Blau<\/li>\n<\/ul>\n<h3><strong>EdgeField\u2122-Optik<\/strong><\/h3>\n<p>Optiken sind in einem fortschrittlichen Beleuchtungssystem von entscheidender Bedeutung. Die im Blade verwendete Edgefield\u2122-Technologie sorgt f\u00fcr gleichm\u00e4\u00dfigen PAR, sanfte Farbmischung und au\u00dfergew\u00f6hnliche Streuung. Mit einer bemerkenswerten Streuung von 95 Grad sorgt die speziell f\u00fcr das Blade entwickelte Edgefield-Optik f\u00fcr ein wundersch\u00f6nes und nat\u00fcrliches Schimmern in Ihrem Aquarium.<\/p>\n<h3><strong>Tankauflage enthalten<\/strong><\/h3>\n<p>F\u00fcr Blades mit einer Gr\u00f6\u00dfe von bis zu 39,1 Zoll ist eine Low Profile Tankauflage enthalten. Diese Tankhalterung l\u00e4sst sich auf beiden Seiten des Blades bis zu 4,5 Zoll ausfahren und bietet so insgesamt 9 Zoll Unterst\u00fctzung.<\/p>\n<h3><strong>Montageclips im Lieferumfang enthalten<\/strong><\/h3>\n<p>F\u00fcr Blades, die l\u00e4nger als 39,1 Zoll sind, werden Blade-Montageclips mitgeliefert. Diese Clips sind mit den Schienen des AI HMS Single-Arm und des HMS Hanging Kit kompatibel. Wenn Sie eine andere Anwendung ben\u00f6tigen, kein Problem! Das Blade bietet verschiedene Montageoptionen, oder Sie k\u00f6nnen die Clips mit Ihrer benutzerdefinierten Halterung verwenden.<\/p>\n<h3><strong>Wasserbest\u00e4ndig<\/strong><\/h3>\n<p>Das Blade ist nicht nur anpassungsf\u00e4hig, sondern auch so gebaut, dass es der anspruchsvollen Umgebung von Meerwasseraquarien standh\u00e4lt. Es erf\u00fcllt die IP66-Norm und gew\u00e4hrleistet so den h\u00f6chsten Schutz gegen Partikel und einen erheblichen Schutz gegen Wasser.<\/p>\n<h3><strong>Ger\u00e4uscharm<\/strong><\/h3>\n<p>Dank seines hocheffizienten K\u00fchlk\u00f6rperdesigns arbeitet das Blade ger\u00e4uschlos. Dank passiver K\u00fchlung gibt es weder L\u00fcfter noch Luftbewegungen, sodass es sich perfekt f\u00fcr die Beleuchtung von Aquarien in Wohnr\u00e4umen eignet, in denen L\u00e4rm ein Problem darstellt.<\/p>\n<h3><strong>Blade Hanging (in K\u00fcrze erh\u00e4ltlich)<\/strong><\/h3>\n<p>Das Blade Hanging Kit von AI bietet eine elegante M\u00f6glichkeit, Ihre Leuchte \u00fcber Ihrem Aquarium aufzuh\u00e4ngen. Es besteht aus hochwertigem geb\u00fcrstetem Aluminium und ist in einem attraktiven schwarzen Finish erh\u00e4ltlich. Es ist in Konfigurationen mit 3, 4 und 6 Leuchten erh\u00e4ltlich und passt so zu allen Gr\u00f6\u00dfen von Blade-Leuchten.<\/p>\n<p><strong>Das Kit enth\u00e4lt:<\/strong> 2 Stangen, die entsprechende Anzahl an Blade-Montageklammern und V-Dr\u00e4hte. Zur Verwendung mit dem HMS-Aufh\u00e4ngeset <em>(separat erh\u00e4ltlich)<\/em>.<\/p>\n<h3><strong>Erh\u00f6hte Aquariumhalterung<\/strong><\/h3>\n<p>Die erh\u00f6hte Aquariumhalterung bietet eine stilvolle und robuste L\u00f6sung zur Befestigung Ihres AI Blade\u2122. Es funktioniert sowohl mit Tanks mit als auch ohne Rand, verbessert die Lichtverteilung und erleichtert den Zugang zu Ihrem Aquarium.<\/p>\n<h3><strong>Hybridhalterung (in K\u00fcrze erh\u00e4ltlich)<\/strong><\/h3>\n<p>Die Hybridhalterung erm\u00f6glicht die Installation von Blade mit den AquaIllumination Hydra- oder EcoTech Radion-H\u00e4ngeleuchten. Jedes Kit enth\u00e4lt zwei Montagestangen und Clips zur Verwendung mit HMS-, RMS- oder gleichwertigen Aufh\u00e4ngekits f\u00fcr Mehrfachleuchten. Es ist mit einer oder mehreren Hydra- oder Radion-Leuchten kompatibel (nicht geeignet f\u00fcr die Verwendung mit HMS- oder RMS-Tankschienen f\u00fcr Mehrfachleuchten).<\/p>\n<h3><strong>M8-Montagegewinde<\/strong><\/h3>\n<p>Wenn Sie noch mehr Montageoptionen w\u00fcnschen, verf\u00fcgt das Blade an jedem Ende \u00fcber ein M8-Montagegewinde. Die M\u00f6glichkeiten f\u00fcr benutzerdefinierte Halterungen sind endlos.<\/p>\n<h3><strong>Einfache integrierte Steuerung<\/strong><\/h3>\n<p>Alle KI-Ger\u00e4te sind standardm\u00e4\u00dfig mit einer intelligenten Steuerung ausgestattet. Sie k\u00f6nnen Ihre KI-Ausr\u00fcstung ganz einfach mit der myAI\u00ae-App auf jedem iOS- oder Android-Ger\u00e4t einrichten oder programmieren.<\/p>\n<h3><strong>Abmessungen:<\/strong><\/h3>\n<p>L\u00e4nge: <strong>12,1 Zoll<\/strong> (30,7 cm), <strong>21,1 Zoll<\/strong> (53,6 cm), <strong>30,1 Zoll<\/strong> (76,5 cm), <strong>39,1 Zoll<\/strong> (99,3 cm), <strong>48,1 Zoll<\/strong> (122,2 cm), <strong>57,1 Zoll<\/strong> (145 cm), <strong>66,1 Zoll<\/strong> (167,9 cm)<\/p>\n<p>Breite: <strong>2,8 Zoll<\/strong> (7 cm)<\/p>\n<p>H\u00f6he: <strong>0,7 Zoll<\/strong> (1,6 cm)<\/p>\n<h3><strong>Leistungsspezifikationen:<\/strong><\/h3>\n<p>Stromverbrauch: 20\u2013140 W bei voller Leistung (modellabh\u00e4ngig)<\/p>\n<p>Universeller Eingangsbereich: 100 bis 240 VAC \/ 50\u201360 Hz<\/p>\n<p>Kabell\u00e4nge: 3 m<\/p>\n<p>Konformit\u00e4t mit den Netzteilvorschriften: UL, CE und RoHS<\/p>\n<h3><strong>Was ist in der Box?<\/strong><\/h3>\n<p><span class=\"white\">AI Blade\u00ae Growth, Netzteil und Blade-Tank-Halterungsl\u00f6sung<\/span><\/p>\n","protected":false},"excerpt":{"rendered":"<p>D-D AI Blade Coral Growth 30 cm zeeaquarium lamp heeft een LED-mix die de spectrale pieken maximaliseert welke nodig zijn voor de fotosynthese van koralen<\/p>\n","protected":false},"featured_media":84972,"template":"","meta":[],"pwb-brand":[2175],"product_cat":[1384,1383],"product_tag":[],"class_list":{"0":"post-85011","1":"product","2":"type-product","3":"status-publish","4":"has-post-thumbnail","6":"pwb-brand-aqua-illumination","7":"product_cat-led-de","8":"product_cat-aqua-illumination-de","10":"first","11":"outofstock","12":"taxable","13":"shipping-taxable","14":"purchasable","15":"product-type-simple"},"acf":[],"brands":[{"id":2175,"name":"Aqua Illumination","slug":"aqua-illumination"}],"_links":{"self":[{"href":"https:\/\/www.seaflowerstore.com\/de\/wp-json\/wp\/v2\/product\/85011","targetHints":{"allow":["GET"]}}],"collection":[{"href":"https:\/\/www.seaflowerstore.com\/de\/wp-json\/wp\/v2\/product"}],"about":[{"href":"https:\/\/www.seaflowerstore.com\/de\/wp-json\/wp\/v2\/types\/product"}],"wp:featuredmedia":[{"embeddable":true,"href":"https:\/\/www.seaflowerstore.com\/de\/wp-json\/wp\/v2\/media\/84972"}],"wp:attachment":[{"href":"https:\/\/www.seaflowerstore.com\/de\/wp-json\/wp\/v2\/media?parent=85011"}],"wp:term":[{"taxonomy":"pwb-brand","embeddable":true,"href":"https:\/\/www.seaflowerstore.com\/de\/wp-json\/wp\/v2\/pwb-brand?post=85011"},{"taxonomy":"product_cat","embeddable":true,"href":"https:\/\/www.seaflowerstore.com\/de\/wp-json\/wp\/v2\/product_cat?post=85011"},{"taxonomy":"product_tag","embeddable":true,"href":"https:\/\/www.seaflowerstore.com\/de\/wp-json\/wp\/v2\/product_tag?post=85011"}],"curies":[{"name":"wp","href":"https:\/\/api.w.org\/{rel}","templated":true}]}}