{"id":85017,"date":"2023-05-11T20:42:03","date_gmt":"2023-05-11T18:42:03","guid":{"rendered":"https:\/\/www.seaflowerstore.com\/nl\/ai-nero-7-wave-pump\/"},"modified":"2023-05-11T20:42:03","modified_gmt":"2023-05-11T19:08:45","slug":"ai-nero-7-wave-pump","status":"publish","type":"product","link":"https:\/\/www.seaflowerstore.com\/de\/ai-nero-7-wave-pump\/","title":{"rendered":"AI Nero 7 &#8211; Wave Pump"},"content":{"rendered":"<h2>AI Nero 7 smart, compact, powerful, and aesthetic submersible wave pump<\/h2>\n<p>Diese beeindruckende Tauchwellenpumpe, die NERO, wurde mit Bedacht entwickelt, um intelligent, kompakt, leistungsstark und \u00e4sthetisch ansprechend zu sein. Mithilfe der neuesten Bluetooth LE-Technologie verbindet sie sich fast sofort mit der MyAi-App auf Ihrem Telefon oder Smartger\u00e4t oder kann direkt \u00fcber den integrierten Controller bedient werden.<\/p>\n<p>Getreu der Philosophie von Aquaillumination, <strong>genial einfache<\/strong> Produkte herzustellen, zeichnet sich die Tauchwellenpumpe NERO durch ein unkompliziertes Design und eine einfache Steuerung aus und ist gleichzeitig mit gro\u00dfartigen Funktionen ausgestattet.<\/p>\n<p>Im Gegensatz zu herk\u00f6mmlichen Propeller- und Impellerdesigns, die einen harten Wasserstrahl erzeugen, verwendet die NERO ein umgekehrtes Motordesign. Dieser innovative Ansatz erm\u00f6glicht einen einstellbaren, breiten Durchfluss bei gleichzeitig kompaktem Profil. Sie bewegt effektiv gro\u00dfe Wassermengen, sorgt daf\u00fcr, dass Detritus in das Filtersystem des Aquariums transportiert wird und verhindert tote Str\u00f6mungsbereiche, ohne dabei die Korallen zu st\u00f6ren.<\/p>\n<p>Die schlanke Magnethalterung erm\u00f6glicht die Positionierung der Pumpe fast \u00fcberall im Aquarium und das Becherdesign erm\u00f6glicht eine perfekte Ausrichtung und Positionierung. Dar\u00fcber hinaus wird die NERO mit einem optionalen Anemonen-\/Fischschutz geliefert, der f\u00fcr \u00e4ltere Modelle auch separat erh\u00e4ltlich ist.<\/p>\n<p><strong>Erweiterte Steuerungsmodi<\/strong><\/p>\n<p>Indem Sie die NERO mit der MyAi-App auf Ihrem Smartger\u00e4t verbinden, sch\u00f6pfen Sie das volle Potenzial der Pumpe aus. Die Verbindung erfolgt schnell und einfach \u00fcber Bluetooth.<\/p>\n<p>Sie k\u00f6nnen aus drei verschiedenen Str\u00f6mungsmodi w\u00e4hlen, um die perfekte Str\u00f6mung f\u00fcr Ihr Aquarium anzupassen:<\/p>\n<ul>\n<li><strong>Puls:<\/strong> Wechselt gleichm\u00e4\u00dfig zwischen hoher und niedriger Str\u00f6mung.<\/li>\n<li><strong>Zuf\u00e4llig:<\/strong> Verf\u00fcgt \u00fcber ein sich st\u00e4ndig \u00e4nderndes Str\u00f6mungsmuster f\u00fcr eine lebendige Riffumgebung.<\/li>\n<li><strong>Konstant:<\/strong> Bietet ein gleichm\u00e4\u00dfiges Leistungsniveau.<\/li>\n<\/ul>\n<p>Sie k\u00f6nnen nicht nur individuelle Str\u00f6mungsmuster einstellen, sondern diese auch im Tages- und Nachtverlauf anpassen. Diese Flexibilit\u00e4t erm\u00f6glicht einen ruhigeren Durchfluss nachts, wenn die Aquarienbewohner ruhen, und sorgt tags\u00fcber f\u00fcr einen lebendigen, energiegeladenen Durchfluss oder jede Kombination, die Ihren Anforderungen entspricht.<\/p>\n<p><strong>Lieferumfang:<\/strong><\/p>\n<ul>\n<li>AI Nero 7-Pumpe mit integriertem Treiber<\/li>\n<li>Montagemagnete<\/li>\n<li>Fischschutz<\/li>\n<li>Netzteil mit Universalstecker<\/li>\n<li>Adapterset<\/li>\n<li>Nero Guard<\/li>\n<li>Kurzanleitung<\/li>\n<li>Montagezubeh\u00f6r<\/li>\n<\/ul>\n<p><strong>Nero 7-Spezifikationen:<\/strong><\/p>\n<ul>\n<li>Abmessungen: 86 mm Durchmesser x 61,6 mm Tiefe<\/li>\n<li>Max. Glasdicke: 20 mm<\/li>\n<li>Max. Durchflussrate: 15.142 l\/h<\/li>\n<li>Stromverbrauch: variabel \/ 40 W Max<\/li>\n<li>Empfohlene Aquariengr\u00f6\u00dfe: 300 \u2013 1900 Liter<\/li>\n<\/ul>\n","protected":false},"excerpt":{"rendered":"<p>AI Nero 7 smart, compact, powerful, and aesthetic submersible wave pump<\/p>\n","protected":false},"featured_media":84930,"template":"","meta":[],"pwb-brand":[2175],"product_cat":[1388,1383],"product_tag":[],"class_list":{"0":"post-85017","1":"product","2":"type-product","3":"status-publish","4":"has-post-thumbnail","6":"pwb-brand-aqua-illumination","7":"product_cat-stroemungspumpen","8":"product_cat-aqua-illumination-de","10":"first","11":"outofstock","12":"taxable","13":"shipping-taxable","14":"purchasable","15":"product-type-simple"},"acf":[],"brands":[{"id":2175,"name":"Aqua Illumination","slug":"aqua-illumination"}],"_links":{"self":[{"href":"https:\/\/www.seaflowerstore.com\/de\/wp-json\/wp\/v2\/product\/85017","targetHints":{"allow":["GET"]}}],"collection":[{"href":"https:\/\/www.seaflowerstore.com\/de\/wp-json\/wp\/v2\/product"}],"about":[{"href":"https:\/\/www.seaflowerstore.com\/de\/wp-json\/wp\/v2\/types\/product"}],"wp:featuredmedia":[{"embeddable":true,"href":"https:\/\/www.seaflowerstore.com\/de\/wp-json\/wp\/v2\/media\/84930"}],"wp:attachment":[{"href":"https:\/\/www.seaflowerstore.com\/de\/wp-json\/wp\/v2\/media?parent=85017"}],"wp:term":[{"taxonomy":"pwb-brand","embeddable":true,"href":"https:\/\/www.seaflowerstore.com\/de\/wp-json\/wp\/v2\/pwb-brand?post=85017"},{"taxonomy":"product_cat","embeddable":true,"href":"https:\/\/www.seaflowerstore.com\/de\/wp-json\/wp\/v2\/product_cat?post=85017"},{"taxonomy":"product_tag","embeddable":true,"href":"https:\/\/www.seaflowerstore.com\/de\/wp-json\/wp\/v2\/product_tag?post=85017"}],"curies":[{"name":"wp","href":"https:\/\/api.w.org\/{rel}","templated":true}]}}