{"id":85021,"date":"2023-05-07T20:41:02","date_gmt":"2023-05-07T18:45:46","guid":{"rendered":"https:\/\/www.seaflowerstore.com\/nl\/microbe-lift-aip-away-50-ml\/"},"modified":"2023-05-07T20:41:02","modified_gmt":"2023-05-07T18:45:46","slug":"microbe-lift-aip-away-50-ml","status":"publish","type":"product","link":"https:\/\/www.seaflowerstore.com\/de\/microbe-lift-aip-away-50-ml\/","title":{"rendered":"Microbe-Lift AIP-AWAY &#8211; 50 ml"},"content":{"rendered":"<h2>Microbe-Lift AIP-AWAY &#8211; 50 ml fast and effective removal of aiptasias<\/h2>\n<p><strong>Microbe-Lift Aip-Away<\/strong> ist f\u00fcr die <strong>schnelle und effektive Entfernung von Glasrosen<\/strong> in jedem Meerwasseraquarium konzipiert. Mit der mitgelieferten Dosierspritze k\u00f6nnen Sie es direkt auf die Glasrosen auftragen und stellen so sicher, dass es bei richtiger Anwendung weder Korallen noch anderen Aquarienbewohnern schadet.<\/p>\n<h4>Anwendung von Aip-Away<\/h4>\n<p>Zur Anwendung des Produkts tragen Sie einfach 0,1\u20130,2 ml (je nach Gr\u00f6\u00dfe der Glasrosen) ber\u00fchrungslos auf die \u00d6ffnung der Glasrosen auf. Sie werden feststellen, dass sich die Glasrosen aufzul\u00f6sen beginnen, wobei die Geschwindigkeit dieses Vorgangs je nach Gr\u00f6\u00dfe variiert.<\/p>\n<p><strong>Wichtig:<\/strong><\/p>\n<ul>\n<li>Schalten Sie Ihre Aquarienstr\u00f6mungspumpen vor der Dosierung unbedingt aus und warten Sie nach der Dosierung etwa 15 Minuten, bevor Sie sie wieder einschalten.<\/li>\n<li>Beschr\u00e4nken Sie Ihre Behandlung je nach Gr\u00f6\u00dfe auf maximal 5 bis 10 Glasrosen pro Tag.<\/li>\n<li>Sp\u00fclen Sie die Dosierspritze und die Kan\u00fcle nach jedem Gebrauch gr\u00fcndlich unter Leitungswasser aus.<\/li>\n<\/ul>\n","protected":false},"excerpt":{"rendered":"<p>Microbe-Lift AIP-AWAY &#8211; 50 ml fast and effective removal of aiptasias<\/p>\n","protected":false},"featured_media":84852,"template":"","meta":[],"pwb-brand":[2227],"product_cat":[1390],"product_tag":[],"class_list":{"0":"post-85021","1":"product","2":"type-product","3":"status-publish","4":"has-post-thumbnail","6":"pwb-brand-microbe-lift","7":"product_cat-medikamente","9":"first","10":"instock","11":"taxable","12":"shipping-taxable","13":"purchasable","14":"product-type-simple"},"acf":[],"brands":[{"id":2227,"name":"Microbe-Lift","slug":"microbe-lift"}],"_links":{"self":[{"href":"https:\/\/www.seaflowerstore.com\/de\/wp-json\/wp\/v2\/product\/85021","targetHints":{"allow":["GET"]}}],"collection":[{"href":"https:\/\/www.seaflowerstore.com\/de\/wp-json\/wp\/v2\/product"}],"about":[{"href":"https:\/\/www.seaflowerstore.com\/de\/wp-json\/wp\/v2\/types\/product"}],"wp:featuredmedia":[{"embeddable":true,"href":"https:\/\/www.seaflowerstore.com\/de\/wp-json\/wp\/v2\/media\/84852"}],"wp:attachment":[{"href":"https:\/\/www.seaflowerstore.com\/de\/wp-json\/wp\/v2\/media?parent=85021"}],"wp:term":[{"taxonomy":"pwb-brand","embeddable":true,"href":"https:\/\/www.seaflowerstore.com\/de\/wp-json\/wp\/v2\/pwb-brand?post=85021"},{"taxonomy":"product_cat","embeddable":true,"href":"https:\/\/www.seaflowerstore.com\/de\/wp-json\/wp\/v2\/product_cat?post=85021"},{"taxonomy":"product_tag","embeddable":true,"href":"https:\/\/www.seaflowerstore.com\/de\/wp-json\/wp\/v2\/product_tag?post=85021"}],"curies":[{"name":"wp","href":"https:\/\/api.w.org\/{rel}","templated":true}]}}