{"id":85022,"date":"2023-05-07T20:11:55","date_gmt":"2023-05-07T18:11:55","guid":{"rendered":"https:\/\/www.seaflowerstore.com\/nl\/triton-core7-flex-reef-supplements\/"},"modified":"2023-05-07T20:11:55","modified_gmt":"2023-05-07T18:26:13","slug":"triton-core7-flex-reef-supplements","status":"publish","type":"product","link":"https:\/\/www.seaflowerstore.com\/de\/triton-core7-flex-reef-supplements\/","title":{"rendered":"Triton Core7 Flex Reef Supplements"},"content":{"rendered":"<h2>Triton Core7 Flex Reef Supplements to supplement and maintain near-natural seawater parameters for reef aquariums<\/h2>\n<p>TRITON CORE 7 Reef Supplements stellen die n\u00e4chste Generation von Dosierungsl\u00f6sungen dar, die speziell f\u00fcr Riffaquarien zur Erg\u00e4nzung und Aufrechterhaltung naturnaher Meerwasserparameter entwickelt wurden. Benutzer von Reef Supplements k\u00f6nnen die einzigartigen Vorteile von TRITON Core 7 genie\u00dfen, ohne die TRITON-Methode vollst\u00e4ndig umsetzen zu m\u00fcssen.<\/p>\n<p><strong>Warum ist TRITON Core 7 Flex revolution\u00e4r?<\/strong><\/p>\n<ul>\n<li>Es ist das konzentrierteste Basispr\u00e4parat, das jemals entwickelt wurde, und spart erheblich Platz in Ihrem Unterschrank.<\/li>\n<li>Es stabilisiert den pH-Wert, f\u00f6rdert das Korallenwachstum und wirkt sich positiv auf die Aquarienbiologie aus.<\/li>\n<li>Mit den Reef Supplements k\u00f6nnen Sie die Vorteile von Core 7 nutzen, ohne die TRITON-Methode vollst\u00e4ndig umsetzen zu m\u00fcssen.<\/li>\n<li>Die Salze sind von hoher Reinheit und garantiert frei von unerw\u00fcnschten Verunreinigungen.<\/li>\n<\/ul>\n<p><strong>Warum FLEX?<\/strong><\/p>\n<p>Sie haben jetzt die M\u00f6glichkeit, je nach der Anzahl der Ihnen zur Verf\u00fcgung stehenden Dosierpumpenk\u00f6pfe aus drei verschiedenen Optionen zu w\u00e4hlen:<\/p>\n<ul>\n<li><strong>Die 4-teilige L\u00f6sung:<\/strong> Diese beinhaltet die Fl\u00fcssigkeiten 1, 2, 3a und 3b, was die Standard- und Profi-Dosiervariante (empfohlen) ist.<\/li>\n<li><strong>Die 3-Komponenten-L\u00f6sung:<\/strong> Diese besteht aus den Fl\u00fcssigkeiten 1 und 2, wobei Fl\u00fcssigkeit 3a mit 3b gemischt wird. Die Mischung aus 3a\/3b wird zweimal dosiert. Der Vorteil ist, dass ein Dosierpumpenkopf f\u00fcr den Elementmix frei bleibt.<\/li>\n<li><strong>Die 2-Komponenten-L\u00f6sung:<\/strong> Diese liefert 2x 2 Liter Fl\u00fcssigkeit und ben\u00f6tigt nur 2 Dosierpumpenk\u00f6pfe. Der Nachteil ist, dass Magnesium und Calcium wie bei allen 2-Komponenten-L\u00f6sungen nicht getrennt reguliert werden k\u00f6nnen.<\/li>\n<\/ul>\n<p>Das TRITON-Sortiment an Makro- und Spurenelementen basiert auf \u00fcber einem Jahrzehnt wissenschaftlicher Forschung zur Chemie von nat\u00fcrlichem Meerwasser und geschlossenen Systemen. Dies stellt sicher, dass Sie die bestm\u00f6glichen L\u00f6sungen f\u00fcr Ihre Riffaquarium-Anforderungen haben.<\/p>\n","protected":false},"excerpt":{"rendered":"<p>Triton Core7 Flex Reef Supplements to supplement and maintain near-natural seawater parameters for reef aquariums<\/p>\n","protected":false},"featured_media":84843,"template":"","meta":[],"pwb-brand":[2181],"product_cat":[1391,1392],"product_tag":[],"class_list":{"0":"post-85022","1":"product","2":"type-product","3":"status-publish","4":"has-post-thumbnail","6":"pwb-brand-triton","7":"product_cat-ergaenzungen","8":"product_cat-triton-de","10":"first","11":"outofstock","12":"taxable","13":"shipping-taxable","14":"purchasable","15":"product-type-simple"},"acf":[],"brands":[{"id":2181,"name":"Triton","slug":"triton"}],"_links":{"self":[{"href":"https:\/\/www.seaflowerstore.com\/de\/wp-json\/wp\/v2\/product\/85022","targetHints":{"allow":["GET"]}}],"collection":[{"href":"https:\/\/www.seaflowerstore.com\/de\/wp-json\/wp\/v2\/product"}],"about":[{"href":"https:\/\/www.seaflowerstore.com\/de\/wp-json\/wp\/v2\/types\/product"}],"wp:featuredmedia":[{"embeddable":true,"href":"https:\/\/www.seaflowerstore.com\/de\/wp-json\/wp\/v2\/media\/84843"}],"wp:attachment":[{"href":"https:\/\/www.seaflowerstore.com\/de\/wp-json\/wp\/v2\/media?parent=85022"}],"wp:term":[{"taxonomy":"pwb-brand","embeddable":true,"href":"https:\/\/www.seaflowerstore.com\/de\/wp-json\/wp\/v2\/pwb-brand?post=85022"},{"taxonomy":"product_cat","embeddable":true,"href":"https:\/\/www.seaflowerstore.com\/de\/wp-json\/wp\/v2\/product_cat?post=85022"},{"taxonomy":"product_tag","embeddable":true,"href":"https:\/\/www.seaflowerstore.com\/de\/wp-json\/wp\/v2\/product_tag?post=85022"}],"curies":[{"name":"wp","href":"https:\/\/api.w.org\/{rel}","templated":true}]}}