{"id":85023,"date":"2023-05-02T12:00:15","date_gmt":"2023-05-02T10:03:33","guid":{"rendered":"https:\/\/www.seaflowerstore.com\/nl\/reef-factory-maintenance-kit-for-kh-keeper-plus\/"},"modified":"2023-05-02T12:00:15","modified_gmt":"2023-05-02T10:03:33","slug":"reef-factory-maintenance-kit-for-kh-keeper-plus","status":"publish","type":"product","link":"https:\/\/www.seaflowerstore.com\/de\/reef-factory-maintenance-kit-for-kh-keeper-plus\/","title":{"rendered":"Reef Factory Maintenance kit for KH Keeper Plus"},"content":{"rendered":"<h2>Reef Factory Maintenance kit for KH Keeper Plus<\/h2>\n<p>Dieses Kit ist ein Muss f\u00fcr Ihren KH Keeper Plus. Es enth\u00e4lt alles, was Sie brauchen, damit Ihr System reibungslos l\u00e4uft.<\/p>\n<p><strong>Kit enth\u00e4lt:<\/strong><\/p>\n<ul>\n<li>1 x Wasserfilter<\/li>\n<li>1 x PharMed-Ersatzschlauchbaugruppe f\u00fcr Dosierpumpe A (Abfall)<\/li>\n<li>1 x PharMed-Ersatzschlauchbaugruppe f\u00fcr Dosierpumpe B (Probe)<\/li>\n<li>1 x PharMed-Ersatzschlauchbaugruppe f\u00fcr Dosierpumpe C (Reagenz)<\/li>\n<\/ul>\n<p>Mit diesen Komponenten k\u00f6nnen Sie optimale Leistung und Langlebigkeit Ihrer Ausr\u00fcstung sicherstellen. Genie\u00dfen Sie die Gewissheit, dass Ihr KH Keeper Plus gut aufgehoben ist!<\/p>\n","protected":false},"excerpt":{"rendered":"<p class=\"serp-title capitalize\">Needed parts to perform Maintenance Kit For KH Keeper Plus of Reef Factory<\/p>\n","protected":false},"featured_media":84792,"template":"","meta":[],"pwb-brand":[2285],"product_cat":[1387],"product_tag":[],"class_list":{"0":"post-85023","1":"product","2":"type-product","3":"status-publish","4":"has-post-thumbnail","6":"pwb-brand-reef-factory","7":"product_cat-messsysteme","9":"first","10":"outofstock","11":"taxable","12":"shipping-taxable","13":"purchasable","14":"product-type-simple"},"acf":[],"brands":[{"id":2285,"name":"Reef Factory","slug":"reef-factory"}],"_links":{"self":[{"href":"https:\/\/www.seaflowerstore.com\/de\/wp-json\/wp\/v2\/product\/85023","targetHints":{"allow":["GET"]}}],"collection":[{"href":"https:\/\/www.seaflowerstore.com\/de\/wp-json\/wp\/v2\/product"}],"about":[{"href":"https:\/\/www.seaflowerstore.com\/de\/wp-json\/wp\/v2\/types\/product"}],"wp:featuredmedia":[{"embeddable":true,"href":"https:\/\/www.seaflowerstore.com\/de\/wp-json\/wp\/v2\/media\/84792"}],"wp:attachment":[{"href":"https:\/\/www.seaflowerstore.com\/de\/wp-json\/wp\/v2\/media?parent=85023"}],"wp:term":[{"taxonomy":"pwb-brand","embeddable":true,"href":"https:\/\/www.seaflowerstore.com\/de\/wp-json\/wp\/v2\/pwb-brand?post=85023"},{"taxonomy":"product_cat","embeddable":true,"href":"https:\/\/www.seaflowerstore.com\/de\/wp-json\/wp\/v2\/product_cat?post=85023"},{"taxonomy":"product_tag","embeddable":true,"href":"https:\/\/www.seaflowerstore.com\/de\/wp-json\/wp\/v2\/product_tag?post=85023"}],"curies":[{"name":"wp","href":"https:\/\/api.w.org\/{rel}","templated":true}]}}