{"id":85024,"date":"2023-04-30T15:43:07","date_gmt":"2023-04-30T13:43:54","guid":{"rendered":"https:\/\/www.seaflowerstore.com\/nl\/reef-factory-reef-flare-pro-arm-s-black\/"},"modified":"2023-04-30T15:43:07","modified_gmt":"2023-04-30T13:43:54","slug":"reef-factory-reef-flare-pro-arm-s-black","status":"publish","type":"product","link":"https:\/\/www.seaflowerstore.com\/de\/reef-factory-reef-flare-pro-arm-s-black\/","title":{"rendered":"Reef Factory Reef Flare Pro Arm S &#8211; Black"},"content":{"rendered":"<h2>Reef Factory Reef Flare Pro Arm S &#8211; Black <span style=\"font-weight: 400;\">is a kit for mounting Reef Flare size S lamps<\/span><\/h2>\n<p>Der Reef Flare Pro Arm S ist f\u00fcr die Befestigung von Reef Flare Lampen der Gr\u00f6\u00dfe S direkt am Rand Ihres Aquariums konzipiert. Er ist aus einem einzigen St\u00fcck Aluminium gefertigt und bietet eine starke und stabile Halterung. Au\u00dferdem bietet die Halterung stufenlose Einstellbarkeit auf beiden Achsen, sodass Sie die Position nach Ihren W\u00fcnschen anpassen k\u00f6nnen.<\/p>\n<p><strong>Hauptmerkmale:<\/strong><\/p>\n<ul>\n<li>Direkte Befestigung des Reef Flare Arms im Tank<\/li>\n<li>H\u00f6hen- und L\u00e4ngenanpassung m\u00f6glich<\/li>\n<li>Nichtinvasive und schnelle Installation<\/li>\n<\/ul>\n<p><strong>Spezifikation:<\/strong><\/p>\n<p><strong>Abmessungen:<\/strong><\/p>\n<ul>\n<li>L\u00e4nge: 450 mm<\/li>\n<li>Breite des Griffs: 40 mm<\/li>\n<li>H\u00f6he: 290 mm<\/li>\n<\/ul>\n","protected":false},"excerpt":{"rendered":"<p>Reef Factory Reef Flare Pro Arm S &#8211; Black <span style=\"font-weight: 400;\">is a kit for mounting Reef Flare size S lamps<\/span><\/p>\n","protected":false},"featured_media":84786,"template":"","meta":[],"pwb-brand":[2285],"product_cat":[1393,1384],"product_tag":[],"class_list":{"0":"post-85024","1":"product","2":"type-product","3":"status-publish","4":"has-post-thumbnail","6":"pwb-brand-reef-factory","7":"product_cat-beleuchtungszubehoer","8":"product_cat-led-de","10":"first","11":"instock","12":"taxable","13":"shipping-taxable","14":"purchasable","15":"product-type-simple"},"acf":[],"brands":[{"id":2285,"name":"Reef Factory","slug":"reef-factory"}],"_links":{"self":[{"href":"https:\/\/www.seaflowerstore.com\/de\/wp-json\/wp\/v2\/product\/85024","targetHints":{"allow":["GET"]}}],"collection":[{"href":"https:\/\/www.seaflowerstore.com\/de\/wp-json\/wp\/v2\/product"}],"about":[{"href":"https:\/\/www.seaflowerstore.com\/de\/wp-json\/wp\/v2\/types\/product"}],"wp:featuredmedia":[{"embeddable":true,"href":"https:\/\/www.seaflowerstore.com\/de\/wp-json\/wp\/v2\/media\/84786"}],"wp:attachment":[{"href":"https:\/\/www.seaflowerstore.com\/de\/wp-json\/wp\/v2\/media?parent=85024"}],"wp:term":[{"taxonomy":"pwb-brand","embeddable":true,"href":"https:\/\/www.seaflowerstore.com\/de\/wp-json\/wp\/v2\/pwb-brand?post=85024"},{"taxonomy":"product_cat","embeddable":true,"href":"https:\/\/www.seaflowerstore.com\/de\/wp-json\/wp\/v2\/product_cat?post=85024"},{"taxonomy":"product_tag","embeddable":true,"href":"https:\/\/www.seaflowerstore.com\/de\/wp-json\/wp\/v2\/product_tag?post=85024"}],"curies":[{"name":"wp","href":"https:\/\/api.w.org\/{rel}","templated":true}]}}