{"id":85025,"date":"2023-04-30T15:01:03","date_gmt":"2023-04-30T13:01:03","guid":{"rendered":"https:\/\/www.seaflowerstore.com\/nl\/reef-factory-reef-flare-pro-s-black\/"},"modified":"2023-04-30T15:01:03","modified_gmt":"2023-04-30T13:09:33","slug":"reef-factory-reef-flare-pro-s-black","status":"publish","type":"product","link":"https:\/\/www.seaflowerstore.com\/de\/reef-factory-reef-flare-pro-s-black\/","title":{"rendered":"Reef Factory Reef Flare Pro S &#8211; Black"},"content":{"rendered":"<h2>Reef Factory Reef Flare Pro S &#8211; Black <span style=\"font-weight: 400;\">SMART and the powerful aquarium light<\/span><\/h2>\n<p><span style=\"font-weight: 400;\">Das Reef Flare Pro S wurde von Grund auf von unserem Kreativteam entwickelt, das sich eine schlanke, flache und leichte Leuchte vorstellte, die keine Kompromisse bei der Leistung eingeht. Mit einer PAR-Leistung, die 200 % h\u00f6her ist als beim Vorg\u00e4ngermodell, ist die Reef Flare Pro unserer Meinung nach die technisch fortschrittlichste Leuchte auf dem Markt.<\/span><\/p>\n<p><span style=\"font-weight: 400;\">Dieses neue Design zeichnet sich durch fortschrittliche Optik, ein ultraleises K\u00fchlsystem, eine hohe PAR-Leistung, ein breites, ausgewogenes Spektrum, eine effektive Aquarienabdeckung und eine verbesserte Bedienoberfl\u00e4che aus. All dies zusammen ergibt die n\u00e4chste Generation der LED-Beleuchtung f\u00fcr Meerwasseraquarien.<\/span><\/p>\n<p><strong>Hauptmerkmale<\/strong><\/p>\n<ul>\n<li><span style=\"font-weight: 400;\">Die leistungsst\u00e4rkste Smart-LED-Leuchte auf dem Markt<\/span><\/li>\n<li><span style=\"font-weight: 400;\">Flaches, schlankes Design<\/span><\/li>\n<li><span style=\"font-weight: 400;\">Hoher PAR\/PUR-Koeffizient<\/span><\/li>\n<li><span style=\"font-weight: 400;\">Ultraeffiziente K\u00fchlung System<\/span><\/li>\n<li><span style=\"font-weight: 400;\">Fortschrittliche Optik liefert ein gemischtes Spektrum und maximale Abdeckung<\/span><\/li>\n<li><span style=\"font-weight: 400;\">Smart Reef, von \u00fcberall auf der Welt gesteuert<\/span><\/li>\n<\/ul>\n<p><span style=\"font-weight: 400;\">Das Reef Flare Pro stellt das bisher innovativste Design von Reef Factory dar. Unser Entwicklungsteam hat auf jedes Detail geachtet, um die gew\u00fcnschten Leistungsniveaus zu erreichen. Von der Elektronik und einem hocheffizienten K\u00fchlsystem bis hin zur LED-Auswahl und fortschrittlichen Optik haben wir das effizienteste Licht seiner Klasse entwickelt, das einen hohen PAR und ein gemischtes Spektrum bietet, das gleichm\u00e4\u00dfig im gesamten Aquarium verteilt ist.<\/span><\/p>\n<p><span style=\"font-weight: 400;\">Produktdesign und Gewicht waren wichtige \u00dcberlegungen w\u00e4hrend des Designprozesses, was zu einer LED-Leuchte f\u00fchrte, die nur 2,8 cm hoch und leicht ist.<\/span><\/p>\n<p><strong>EOI-Optik<\/strong><\/p>\n<p><span style=\"font-weight: 400;\">Es wurden neue Optiken entwickelt, um Linsen zu schaffen, die eine stark diffuse Lichtquelle erzeugen und so eine maximale Abdeckung erreichen und gleichzeitig Hotspots reduzieren \u2013 ein h\u00e4ufiges Problem bei LED-Leuchten. Dies wurde durch die Entwicklung einer optimalen Korrekturlinsenform in Kombination mit dem spezifischen Typ der verwendeten LED-Diode erreicht.<\/span><\/p>\n<p><span style=\"font-weight: 400;\">Ein gro\u00dfer PAR-Koeffizient verteilt sich gleichm\u00e4\u00dfig im Aquarium und f\u00f6rdert maximales Korallenwachstum, Gesundheit und Farbgebung.<\/span><\/p>\n<p><span style=\"font-weight: 400;\">Dank des modularen Designs der Leuchten k\u00f6nnen mehrere Gr\u00f6\u00dfen gruppiert und mithilfe der Smart Reef App gesteuert werden, sodass Sie die richtige Anzahl und Kombination f\u00fcr Ihr Aquarium ausw\u00e4hlen k\u00f6nnen.<\/span><\/p>\n<p><span style=\"font-weight: 400;\">Die Reef Flare Pro-Reihe ist in drei Gr\u00f6\u00dfen erh\u00e4ltlich: S, M und L.<\/span><\/p>\n<p><strong>LED-Gr\u00f6\u00dfe Aquarienabdeckung:<\/strong><\/p>\n<ul>\n<li><strong>Reef Flare Pro S \u2013 Abdeckungsbereich bis zu 60 x 60 cm, Tiefe bis zu 60 cm und mehr.<\/strong><\/li>\n<li><span style=\"font-weight: 400;\">Reef Flare Pro M \u2013 Abdeckungsbereich bis zu 80 x 70 cm, Tiefe bis zu 70 cm und mehr.<\/span><\/li>\n<li><span style=\"font-weight: 400;\">Reef Flare Pro L \u2013 Abdeckungsbereich bis zu 90 x 70 cm, Tiefe bis zu 70 cm und mehr.<\/span><\/li>\n<\/ul>\n<div class=\"short-description\">\n<div><strong>Abmessungen:<\/strong> 16 cm x 16 cm x 28 cm \/ 80 W<\/div>\n<div><strong>Leckagerate:<\/strong> IP 44<\/div>\n<div><strong>Versorgungsspannung:<\/strong> 230 V AC 50\/60 Hz<\/div>\n<\/div>\n<p><strong>Farboptionen verf\u00fcgbar<\/strong><\/p>\n<ul>\n<li><strong>Schwarz \u2013 Vollspektrum<\/strong><\/li>\n<li><span style=\"font-weight: 400;\">Wei\u00df \u2013 Vollspektrum<\/span><\/li>\n<li><span style=\"font-weight: 400;\">Schwarz \u2013 blaues Spektrum<\/span><\/li>\n<li><span style=\"font-weight: 400;\">Wei\u00df \u2013 blaues Spektrum<\/span><\/li>\n<\/ul>\n<p><strong>Neues, aktualisiertes Benutzeroberfl\u00e4chen-Panel<\/strong><\/p>\n<p><span style=\"font-weight: 400;\">Wir haben ein neues und verbessertes Lichtmanagement-Panel mit gr\u00f6\u00dferen Schiebereglern und der M\u00f6glichkeit, den Prozentsatz jedes Farbkanals einzugeben, eingef\u00fchrt. Zus\u00e4tzlich wurde ein Leistungsschieberegler hinzugef\u00fcgt, um die Gesamtintensit\u00e4t des Lichts \u00fcber alle Kan\u00e4le hinweg einfach programmieren zu k\u00f6nnen.<\/span><\/p>\n<p><strong>Erstaunliche Spezifikation<\/strong><\/p>\n<p><span style=\"font-weight: 400;\">Diese Leuchte verf\u00fcgt \u00fcber ein Vollspektrum, sieben Kan\u00e4le und eine spezielle Auswahl an Farb-LEDs. Die Kombination aus hochwertigen LEDs mit moderner Optik f\u00fchrt zu einem bemerkenswert hohen PAR\/PUR-Koeffizienten. Unter unseren Leuchten wachsen Korallen besser und mit den richtigen PAR-Werten und ausgew\u00e4hlten Farbkombinationen werden Sie beim Betrachten Ihrer Korallen mehr Details erkennen.<\/span><\/p>\n<p><span style=\"font-weight: 400;\">F\u00fcr das Projekt Reef Flare PRO engagierte Reef Factory spezialisierte Optikdesigner mit umfassender Erfahrung auf diesem Gebiet. Es war eine gro\u00dfe Herausforderung, da die Konkurrenz die Messlatte hoch legte. Letztendlich haben wir unser Ziel erreicht und ein Ger\u00e4t entwickelt, das Licht nahtlos mischt und das Aquarium effektiv abdeckt.<\/span><\/p>\n<p><span style=\"font-weight: 400;\">Smart Reef + 16 Smart-Produkte<\/span><\/p>\n","protected":false},"excerpt":{"rendered":"<p>Reef Factory Reef Flare Pro S &#8211; Black <span style=\"font-weight: 400;\">SMART and the powerful aquarium light<\/span><\/p>\n","protected":false},"featured_media":84782,"template":"","meta":[],"pwb-brand":[2285],"product_cat":[1384],"product_tag":[],"class_list":{"0":"post-85025","1":"product","2":"type-product","3":"status-publish","4":"has-post-thumbnail","6":"pwb-brand-reef-factory","7":"product_cat-led-de","9":"first","10":"outofstock","11":"taxable","12":"shipping-taxable","13":"purchasable","14":"product-type-simple"},"acf":[],"brands":[{"id":2285,"name":"Reef Factory","slug":"reef-factory"}],"_links":{"self":[{"href":"https:\/\/www.seaflowerstore.com\/de\/wp-json\/wp\/v2\/product\/85025","targetHints":{"allow":["GET"]}}],"collection":[{"href":"https:\/\/www.seaflowerstore.com\/de\/wp-json\/wp\/v2\/product"}],"about":[{"href":"https:\/\/www.seaflowerstore.com\/de\/wp-json\/wp\/v2\/types\/product"}],"wp:featuredmedia":[{"embeddable":true,"href":"https:\/\/www.seaflowerstore.com\/de\/wp-json\/wp\/v2\/media\/84782"}],"wp:attachment":[{"href":"https:\/\/www.seaflowerstore.com\/de\/wp-json\/wp\/v2\/media?parent=85025"}],"wp:term":[{"taxonomy":"pwb-brand","embeddable":true,"href":"https:\/\/www.seaflowerstore.com\/de\/wp-json\/wp\/v2\/pwb-brand?post=85025"},{"taxonomy":"product_cat","embeddable":true,"href":"https:\/\/www.seaflowerstore.com\/de\/wp-json\/wp\/v2\/product_cat?post=85025"},{"taxonomy":"product_tag","embeddable":true,"href":"https:\/\/www.seaflowerstore.com\/de\/wp-json\/wp\/v2\/product_tag?post=85025"}],"curies":[{"name":"wp","href":"https:\/\/api.w.org\/{rel}","templated":true}]}}