{"id":85026,"date":"2023-04-30T14:13:41","date_gmt":"2023-04-30T12:13:41","guid":{"rendered":"https:\/\/www.seaflowerstore.com\/nl\/ecotech-marine-radion-xr30-g6-blue\/"},"modified":"2023-04-30T14:13:41","modified_gmt":"2023-04-30T12:14:25","slug":"ecotech-marine-radion-xr30-g6-blue","status":"publish","type":"product","link":"https:\/\/www.seaflowerstore.com\/de\/ecotech-marine-radion-xr30-g6-blue\/","title":{"rendered":"Ecotech Marine Radion XR30 G6 Blue"},"content":{"rendered":"<h2>Ecotech Marine Radion XR30 G6 Blue is one of the best marine aquarium lighting on the market<\/h2>\n<p>EcoTech freut sich, das Radion G6 vorstellen zu d\u00fcrfen. Dieses neueste Modell erweitert die bereits erfolgreiche Radion-Plattform um bemerkenswerte Verbesserungen bei Lichtleistung und Farbe. Das neueste Radion verf\u00fcgt \u00fcber einen neuen LED-Cluster und ein optisches Hybrid Hemispherically Edge Illuminating-System, das seine F\u00e4higkeiten vom Besten seiner Klasse auf wirklich atemberaubende Weise steigert.<\/p>\n<h3>EcoTech ist bestrebt, Ihnen das Beste zu bieten, was technologisch m\u00f6glich ist, egal ob Blue oder Pro.<\/h3>\n<p>Erleben Sie sattere Farben in Ihrem Aquarium, zeigen Sie mehr Fluoreszenz und schaffen Sie die perfekte Balance zwischen klarem und aktinischem Licht. Radion hat von Anfang an den Ma\u00dfstab daf\u00fcr gesetzt, was LED-Beleuchtung f\u00fcr Vollspektrum-Aquarien sein kann. Die 6. Generation erweitert die Grenzen der Farbwiedergabe und Fluoreszenz und beh\u00e4lt gleichzeitig die bekannte Flexibilit\u00e4t bei, die sich an die Vorlieben der Benutzer anpasst.<\/p>\n<p>Mit zus\u00e4tzlichen 395-nm-Dioden taucht das G6 tiefer in das UV-Spektrum ein und erreicht ein beispielloses Ma\u00df an Korallen- und Fischfluoreszenz. Sowohl das Blue- als auch das Pro-Modell verf\u00fcgen au\u00dferdem \u00fcber eine Farbkanalneuausrichtung und eine LED-(Dioden-)Mischung, die die flexibelsten und ausgewogensten Spektren f\u00fcr die Aquarienbeleuchtung bietet.<\/p>\n<h3>Anatomie des G6-Spektrums<\/h3>\n<ul>\n<li><strong>395 nm:<\/strong> Setzt zus\u00e4tzliche Fluoreszenz bei Fischen und Korallen frei.<\/li>\n<li><strong>400\u2013450 nm:<\/strong> Die Neuausrichtung des Clusters mit mehr Blau und Dunkelblau verbessert die Fluoreszenz und Farbwiedergabe und bietet eine neue Ebene der Feinabstimmung im blauen Spektrum zwischen klar und aktinisch.<\/li>\n<li><strong>460\u2013580 nm:<\/strong> Durch die Reduzierung der Spektralleistung im mittleren Bereich bleibt der Farbausdruck bei der Pigmentierung erhalten, w\u00e4hrend gleichzeitig mehr Watt f\u00fcr eine photosynthetisch vorteilhafte und optisch ansprechende Leistung verwendet werden kann.<\/li>\n<li><strong>665 nm:<\/strong> Die richtige Verwendung von Dioden mit langer Wellenl\u00e4nge bietet eine f\u00fcr Korallen n\u00fctzliche Lichtleistung Photosynthese und visuelle Farbbalance.<\/li>\n<\/ul>\n<h3>Radion hat alles<\/h3>\n<p>Aber wie sieht Ihr Aquarium aus? Besser als je zuvor! Das optische System G6 Hybrid Hemispherically Edge Illuminating (HEI2) bietet in Kombination mit pr\u00e4ziser LED-Platzierung und Formfaktor atemberaubende Brillanz, ausgezeichnete Farbmischung, bemerkenswert gleichm\u00e4\u00dfigen PAR und hervorragende Dispersion. Sie haben sogar die M\u00f6glichkeit, den Blauton anzupassen, der Ihnen am besten gef\u00e4llt.<\/p>\n<h3>Was bevorzugen Sie: Professional Balance oder Extreme Blue?<\/h3>\n<ul>\n<li>Umwerfende Diffusion<\/li>\n<li>Ultimative Fluoreszenz<\/li>\n<li>Intensive Vollspektrumfarbe<\/li>\n<li>Voll programmierbar<\/li>\n<li>Drahtlose Steuerung<\/li>\n<li>Mondlicht<\/li>\n<li>Wettersimulation<\/li>\n<li>Technologisch \u00fcberlegenes Design<\/li>\n<li>Komponenten von h\u00f6chster Qualit\u00e4t<\/li>\n<li>Beispielloser Support und Service<\/li>\n<li>Umfangreiche Montageoptionen<\/li>\n<li>Optionales Diffusorzubeh\u00f6r<\/li>\n<\/ul>\n<h3>So weit verbreitet, dass Sie es sehen m\u00fcssen, um es zu glauben.<\/h3>\n<p>Der Radion G6 steigert die Leistung von beeindruckenden 110,5 Grad im G5 auf erstaunliche 126,3 Grad. Diese Verbesserung wurde durch die \u00c4nderung der Prim\u00e4roptik der LEDs m\u00f6glich, die sich nahtlos in die Geometrie der vorhandenen HEI-Sekund\u00e4roptik (Linse) (Hemispherically Edge Illuminating) einf\u00fcgt.<\/p>\n<h3>Halbkreisf\u00f6rmige Randbeleuchtung<\/h3>\n<p>Radion erweist sich im Kosten-\/Leistungsvergleich als Gewinner. Das optische HEI2-System liefert eine Leistung von 126,3 Grad. Das Ergebnis ist ein unglaublich gleichm\u00e4\u00dfiger PAR \u00fcber eine Abdeckungsfl\u00e4che von fast 1,2 m, was es zum Radion mit der h\u00f6chsten Durchschnittsleistung und wohl zur effizientesten Aquarienlampe aller Zeiten macht.<\/p>\n<h3>RADION G6 Blue<\/h3>\n<p>F\u00fcr alle, die Blau lieben, pr\u00e4sentieren wir die G6 Blue! In jeder Hinsicht blauer und noch mehr. Diodenmischungseinstellungen bieten neue Tiefen der Farbintensit\u00e4t. Mit so viel Blau k\u00f6nnen Sie mit der G6 jetzt das blaue Erscheinungsbild zwischen aktinisch und klar einstellen. Die Hinzuf\u00fcgung von 395 nm zum LED-Cluster hebt die Fluoreszenz bei Fischen und Korallen auf die n\u00e4chste Stufe.<\/p>\n<table>\n<tbody>\n<tr>\n<th colspan=\"2\">Abmessungen<\/th>\n<\/tr>\n<tr>\n<td>L\u00e4nge<\/td>\n<td>30 cm<\/td>\n<\/tr>\n<tr>\n<td>Breite<\/td>\n<td>18 cm<\/td>\n<\/tr>\n<tr>\n<td>H\u00f6he<\/td>\n<td>3,9 cm<\/td>\n<\/tr>\n<tr>\n<td>Gewicht<\/td>\n<td>2041 g<\/td>\n<\/tr>\n<\/tbody>\n<\/table>\n<table>\n<tbody>\n<tr>\n<th colspan=\"2\">Leistungsspezifikationen<\/th>\n<\/tr>\n<tr>\n<td>Leistung Verbrauch<\/td>\n<td><strong>215 W<\/strong><\/td>\n<\/tr>\n<tr>\n<td>Universeller Eingangsbereich<\/td>\n<td><strong>100\u2013240 VAC, 50\/60 Hz<\/strong><\/td>\n<\/tr>\n<tr>\n<td>Spitzen-Einschaltstrom<\/td>\n<td><strong>4,0 A<\/strong><\/td>\n<\/tr>\n<\/tbody>\n<\/table>\n<table>\n<thead>\n<tr>\n<th colspan=\"2\">LEDs<\/th>\n<\/tr>\n<\/thead>\n<tbody>\n<tr>\n<td>\n<table border=\"0\" cellpadding=\"0\" cellspacing=\"0\" class=\"ledColors\">\n<tbody>\n<tr>\n<td rowspan=\"10\" width=\"60%\">Farben <img loading=\"lazy\" decoding=\"async\" class=\"entered lazyloaded\" data-lazy-src=\"https:\/\/ecotechmarine.com\/wp-content\/uploads\/2022\/04\/G6-30-Blue.webp\" data-ll-status=\"loaded\" height=\"418\" src=\"https:\/\/ecotechmarine.com\/wp-content\/uploads\/2022\/04\/G6-30-Blue.webp\" width=\"154\"\/><\/td>\n<td width=\"40%\"><strong>8 Cool Wei\u00df<\/strong><\/td>\n<\/tr>\n<tr>\n<td><strong>32 K\u00f6nigsblau<\/strong><\/td>\n<\/tr>\n<tr>\n<td><strong>32 Blau<\/strong><\/td>\n<\/tr>\n<tr>\n<td><strong>2 Rot<\/strong><\/td>\n<\/tr>\n<tr>\n<td><strong>4 395 nm<\/strong><\/td>\n<\/tr>\n<tr>\n<td><strong>2 405 nm<\/strong><\/td>\n<\/tr>\n<tr>\n<td><strong>4 415 nm<\/strong><\/td>\n<\/tr>\n<tr>\n<td><strong>1 430 nm<\/strong><\/td>\n<\/tr>\n<tr>\n<td><strong>4 Warm Wei\u00df<\/strong><\/td>\n<\/tr>\n<\/tbody>\n<\/table>\n<\/td>\n<\/tr>\n<\/tbody>\n<\/table>\n","protected":false},"excerpt":{"rendered":"<p>Ecotech Marine Radion XR30 G6 Blue is one of the best marine aquarium lighting on the market<\/p>\n","protected":false},"featured_media":84780,"template":"","meta":[],"pwb-brand":[2169],"product_cat":[1384],"product_tag":[],"class_list":{"0":"post-85026","1":"product","2":"type-product","3":"status-publish","4":"has-post-thumbnail","6":"pwb-brand-ecotech-marine","7":"product_cat-led-de","9":"first","10":"instock","11":"sale","12":"taxable","13":"shipping-taxable","14":"purchasable","15":"product-type-simple"},"acf":[],"brands":[{"id":2169,"name":"Ecotech Marine","slug":"ecotech-marine"}],"_links":{"self":[{"href":"https:\/\/www.seaflowerstore.com\/de\/wp-json\/wp\/v2\/product\/85026","targetHints":{"allow":["GET"]}}],"collection":[{"href":"https:\/\/www.seaflowerstore.com\/de\/wp-json\/wp\/v2\/product"}],"about":[{"href":"https:\/\/www.seaflowerstore.com\/de\/wp-json\/wp\/v2\/types\/product"}],"wp:featuredmedia":[{"embeddable":true,"href":"https:\/\/www.seaflowerstore.com\/de\/wp-json\/wp\/v2\/media\/84780"}],"wp:attachment":[{"href":"https:\/\/www.seaflowerstore.com\/de\/wp-json\/wp\/v2\/media?parent=85026"}],"wp:term":[{"taxonomy":"pwb-brand","embeddable":true,"href":"https:\/\/www.seaflowerstore.com\/de\/wp-json\/wp\/v2\/pwb-brand?post=85026"},{"taxonomy":"product_cat","embeddable":true,"href":"https:\/\/www.seaflowerstore.com\/de\/wp-json\/wp\/v2\/product_cat?post=85026"},{"taxonomy":"product_tag","embeddable":true,"href":"https:\/\/www.seaflowerstore.com\/de\/wp-json\/wp\/v2\/product_tag?post=85026"}],"curies":[{"name":"wp","href":"https:\/\/api.w.org\/{rel}","templated":true}]}}