{"id":85027,"date":"2023-04-30T11:08:31","date_gmt":"2023-04-30T09:20:24","guid":{"rendered":"https:\/\/www.seaflowerstore.com\/nl\/ati-carbon-super-pure\/"},"modified":"2023-04-30T11:08:31","modified_gmt":"2023-04-30T09:20:24","slug":"ati-carbon-super-pure","status":"publish","type":"product","link":"https:\/\/www.seaflowerstore.com\/de\/ati-carbon-super-pure\/","title":{"rendered":"ATI Carbon Super Pure"},"content":{"rendered":"<h2>ATI Carbon Super Pure is a high performance activated carbon<\/h2>\n<p><strong>Carbon super pure (CSP)<\/strong> stellt den n\u00e4chsten Evolutionsschritt bei Hochleistungsaktivkohle dar. Es bietet die lang erwartete L\u00f6sung f\u00fcr kompromisslose Schadstoffentfernung. Im Vergleich zu pelletierter Aktivkohle weist CSP eine bis zu <strong>dreimal h\u00f6here Bindungskapazit\u00e4t<\/strong> f\u00fcr sch\u00e4dliche Nesselbakterien, Gelbstoffe, Medikamente und andere organische Inhibitoren auf. Dar\u00fcber hinaus setzt es praktisch kein Silikat, Phosphat oder unerw\u00fcnschte Metalle frei.<\/p>\n<p>Das bedeutet, dass CSP nicht nur <strong>kristallklares Wasser<\/strong> liefert, sondern auch eine saubere Umgebung schafft, in der sich Ihre Aquarienbewohner wohlf\u00fchlen.<\/p>\n<p><strong>Vorbereitung:<\/strong> 10 Minuten in ultrareinem Wasser einweichen.<\/p>\n<p><strong>Anwendung:<\/strong> Verwenden Sie 15\u201325 Gramm pro 100 Liter Meerwasser.<\/p>\n<p><strong>Nach Bedarf austauschen alle:<\/strong> 2 bis 4 Wochen.<\/p>\n","protected":false},"excerpt":{"rendered":"<p>ATI Carbon Super Pure is a high performance activated carbon<\/p>\n","protected":false},"featured_media":84775,"template":"","meta":[],"pwb-brand":[2131],"product_cat":[1394,1395],"product_tag":[],"class_list":{"0":"post-85027","1":"product","2":"type-product","3":"status-publish","4":"has-post-thumbnail","6":"pwb-brand-ati","7":"product_cat-aktivkohle","8":"product_cat-ati-de","9":"pa_inhoud-1000ml-540gr-de","10":"pa_inhoud-2000ml-1080gr-de","11":"pa_inhoud-500ml-270gr-de","13":"first","14":"instock","15":"taxable","16":"shipping-taxable","17":"purchasable","18":"product-type-variable"},"acf":[],"brands":[{"id":2131,"name":"ATI","slug":"ati"}],"_links":{"self":[{"href":"https:\/\/www.seaflowerstore.com\/de\/wp-json\/wp\/v2\/product\/85027","targetHints":{"allow":["GET"]}}],"collection":[{"href":"https:\/\/www.seaflowerstore.com\/de\/wp-json\/wp\/v2\/product"}],"about":[{"href":"https:\/\/www.seaflowerstore.com\/de\/wp-json\/wp\/v2\/types\/product"}],"wp:featuredmedia":[{"embeddable":true,"href":"https:\/\/www.seaflowerstore.com\/de\/wp-json\/wp\/v2\/media\/84775"}],"wp:attachment":[{"href":"https:\/\/www.seaflowerstore.com\/de\/wp-json\/wp\/v2\/media?parent=85027"}],"wp:term":[{"taxonomy":"pwb-brand","embeddable":true,"href":"https:\/\/www.seaflowerstore.com\/de\/wp-json\/wp\/v2\/pwb-brand?post=85027"},{"taxonomy":"product_cat","embeddable":true,"href":"https:\/\/www.seaflowerstore.com\/de\/wp-json\/wp\/v2\/product_cat?post=85027"},{"taxonomy":"product_tag","embeddable":true,"href":"https:\/\/www.seaflowerstore.com\/de\/wp-json\/wp\/v2\/product_tag?post=85027"}],"curies":[{"name":"wp","href":"https:\/\/api.w.org\/{rel}","templated":true}]}}