{"id":85032,"date":"2023-04-16T14:28:59","date_gmt":"2023-04-16T12:34:28","guid":{"rendered":"https:\/\/www.seaflowerstore.com\/nl\/hanna-hi70030p-calibration-fluid-12880-%c2%b5s-cm\/"},"modified":"2023-04-16T14:28:59","modified_gmt":"2023-04-16T12:34:28","slug":"hanna-hi70030p-calibration-fluid-12880-%c2%b5s-cm","status":"publish","type":"product","link":"https:\/\/www.seaflowerstore.com\/de\/hanna-hi70030p-calibration-fluid-12880-%c2%b5s-cm\/","title":{"rendered":"Hanna HI70030P Calibration Fluid 12880 \u00b5S\/cm"},"content":{"rendered":"<h2>Hanna HI70030P Calibration Fluid 12880 \u00b5S\/cm &#8211; 25 bags of 20ml<\/h2>\n<p>HI70030P ist eine erstklassige Leitf\u00e4higkeitsl\u00f6sung mit einem Messwert von 12.880 \u00b5S\/cm und NIST-r\u00fcckverfolgbar. Jede L\u00f6sung wird in praktischen, tragbaren Einwegbeuteln geliefert. Die Chargennummer und das Verfallsdatum sind deutlich auf jedem Beutel aufgedruckt, der aus lichtundurchl\u00e4ssiger Folie besteht, um Frische beim \u00d6ffnen zu gew\u00e4hrleisten.<\/p>\n<p>Die Leitf\u00e4higkeitsl\u00f6sungen von Hanna sind ab Herstellungsdatum 5 Jahre haltbar, solange der Beutel unge\u00f6ffnet bleibt. Die HI70030P-Packung enth\u00e4lt 25 Beutel mit jeweils 20 ml L\u00f6sung.<\/p>\n<ul>\n<li><strong>Temperaturdiagramm:<\/strong> Jede Flasche enth\u00e4lt ein Diagramm mit dem tats\u00e4chlichen \u00b5S\/cm-Wert bei verschiedenen Temperaturen.<\/li>\n<li><strong>Praktische Verpackung:<\/strong> Entwickelt f\u00fcr den einmaligen Gebrauch, daher leicht zu handhaben.<\/li>\n<li><strong>Industrielle Anwendungen:<\/strong> Diese 12880 \u00b5S\/cm (12,88 mS\/cm) Kalibrierl\u00f6sung wird haupts\u00e4chlich verwendet, um die Leistung von Leitf\u00e4higkeitsmessger\u00e4ten mit einer Skala \u00fcber 10 mS\/cm zu verbessern.<\/li>\n<\/ul>\n","protected":false},"excerpt":{"rendered":"<p>Hanna HI70030P Calibration Fluid 12880 \u00b5S\/cm &#8211; 25 bags of 20ml<\/p>\n","protected":false},"featured_media":84772,"template":"","meta":[],"pwb-brand":[2229],"product_cat":[1399],"product_tag":[],"class_list":{"0":"post-85032","1":"product","2":"type-product","3":"status-publish","4":"has-post-thumbnail","6":"pwb-brand-hanna-instruments","7":"product_cat-referenz-fluessigkeiten","9":"first","10":"instock","11":"taxable","12":"shipping-taxable","13":"purchasable","14":"product-type-simple"},"acf":[],"brands":[{"id":2229,"name":"Hanna Instruments","slug":"hanna-instruments"}],"_links":{"self":[{"href":"https:\/\/www.seaflowerstore.com\/de\/wp-json\/wp\/v2\/product\/85032","targetHints":{"allow":["GET"]}}],"collection":[{"href":"https:\/\/www.seaflowerstore.com\/de\/wp-json\/wp\/v2\/product"}],"about":[{"href":"https:\/\/www.seaflowerstore.com\/de\/wp-json\/wp\/v2\/types\/product"}],"wp:featuredmedia":[{"embeddable":true,"href":"https:\/\/www.seaflowerstore.com\/de\/wp-json\/wp\/v2\/media\/84772"}],"wp:attachment":[{"href":"https:\/\/www.seaflowerstore.com\/de\/wp-json\/wp\/v2\/media?parent=85032"}],"wp:term":[{"taxonomy":"pwb-brand","embeddable":true,"href":"https:\/\/www.seaflowerstore.com\/de\/wp-json\/wp\/v2\/pwb-brand?post=85032"},{"taxonomy":"product_cat","embeddable":true,"href":"https:\/\/www.seaflowerstore.com\/de\/wp-json\/wp\/v2\/product_cat?post=85032"},{"taxonomy":"product_tag","embeddable":true,"href":"https:\/\/www.seaflowerstore.com\/de\/wp-json\/wp\/v2\/product_tag?post=85032"}],"curies":[{"name":"wp","href":"https:\/\/api.w.org\/{rel}","templated":true}]}}