{"id":85033,"date":"2023-04-16T12:08:01","date_gmt":"2023-04-16T10:08:01","guid":{"rendered":"https:\/\/www.seaflowerstore.com\/nl\/radion-xr15-g6-blue\/"},"modified":"2023-04-16T12:08:01","modified_gmt":"2023-04-16T10:08:02","slug":"radion-xr15-g6-blue","status":"publish","type":"product","link":"https:\/\/www.seaflowerstore.com\/de\/radion-xr15-g6-blue\/","title":{"rendered":"Radion XR15 G6 BLUE"},"content":{"rendered":"<h2>Radion XR15 G6 BLUE LED Light<\/h2>\n<p>Das G6 baut auf dem Erfolg der aktuellen Radion-Plattform auf und verbessert sowohl die Lichtleistung als auch die Farbe. Diese neueste Version verf\u00fcgt \u00fcber einen neuen LED-Cluster und ein optisches Hybrid Hemispherically Edge Illuminating-System, was das Radion zu einem der besten seiner Klasse macht. <strong>Egal, ob Sie sich f\u00fcr Blue oder Pro entscheiden, EcoTech ist bestrebt, Ihnen die allerbeste Technologie zu bieten.<\/strong><\/p>\n<p>Erleben Sie sattere Farben in Ihrem Aquarium und erreichen Sie die ultimative Balance zwischen Klarheit und Aktivit\u00e4t. Von Anfang an hat Radion den Standard f\u00fcr LED-Beleuchtung in Vollspektrum-Aquarien gesetzt. Die 6. Generation erweitert die Grenzen der Farbwiedergabe und Fluoreszenz, ohne die bekannte Flexibilit\u00e4t zu beeintr\u00e4chtigen, die den Benutzerpr\u00e4ferenzen gerecht wird.<\/p>\n<p>Mit zus\u00e4tzlichen 395-nm-Dioden dringt das G6 tiefer in den UV-Bereich vor und erm\u00f6glicht so ein neues Fluoreszenzniveau bei Korallen und Fischen. Sowohl das Blue- als auch das Pro-Modell bieten au\u00dferdem eine Neuabstimmung der Farbkan\u00e4le und eine LED-(Dioden-)Mischung, um eines der flexibelsten und ausgewogensten Spektren zu erzeugen, die f\u00fcr Aquarienbeleuchtung erh\u00e4ltlich sind.<\/p>\n<p><strong>Anatomie des G6-Spektrums<\/strong><\/p>\n<ul>\n<li><strong>395 nm:<\/strong> Setzt zus\u00e4tzliche Fluoreszenz bei Fischen und Korallen frei.<\/li>\n<li><strong>400\u2013450 nm:<\/strong> Gleicht den Cluster mit mehr Blau neu aus, verbessert Fluoreszenz und Farbwiedergabe und erzeugt gleichzeitig ein neues Spektrum zwischen klar und aktinisch.<\/li>\n<li><strong>460\u2013580 nm:<\/strong> Reduziert die spektrale Leistung im mittleren Bereich, um den Farbausdruck in Pigmenten aufrechtzuerhalten, sodass mehr Watt f\u00fcr photosynthetisch vorteilhafte Leistung verwendet werden kann.<\/li>\n<li><strong>665 nm:<\/strong> Die ordnungsgem\u00e4\u00dfe Verwendung von Dioden mit langer Wellenl\u00e4nge bietet eine Lichtleistung, die f\u00fcr die Korallenphotosynthese und visuelle Farben n\u00fctzlich ist Balance.<\/li>\n<\/ul>\n<p><strong>Aber wie sieht Ihr Aquarium aus?<\/strong> Besser als je zuvor! Das optische System G6 Hybrid Hemispherically Edge Illuminating (HEI2) bietet in Kombination mit LED-Platzierung und -Design atemberaubende Brillanz, hervorragende Farbmischung, bemerkenswert gleichm\u00e4\u00dfigen PAR, ausgezeichnete Streuung und sogar die M\u00f6glichkeit, den gew\u00fcnschten Blauton anzupassen. Was bevorzugen Sie, Professional Balance oder Extreme Blue?<\/p>\n<ul>\n<li>Umwerfende Diffusion<\/li>\n<li>Ultimative Fluoreszenz<\/li>\n<li>Intensive Vollspektrumfarbe<\/li>\n<li>Vollst\u00e4ndig programmierbar<\/li>\n<li>Drahtlose Steuerung<\/li>\n<li>Mondlichtfunktion<\/li>\n<li>Wettersimulation<\/li>\n<li>Technologisch fortschrittliches Design<\/li>\n<li>Komponenten von h\u00f6chster Qualit\u00e4t<\/li>\n<li>Un\u00fcbertroffener Support und Service<\/li>\n<li>Verschiedene Montageoptionen<\/li>\n<li>Optionales Diffusorzubeh\u00f6r<\/li>\n<\/ul>\n<p><strong>So weitreichend, dass Sie es sehen m\u00fcssen, um es zu glauben.<\/strong> Der Radion G6 erh\u00f6ht die Leistung von beeindruckenden 110,5 Grad im G5 auf erstaunliche 126,3 Grad. Diese Verbesserung wurde durch die Modifizierung der Prim\u00e4roptik der LEDs erreicht, die in die vorhandene HEI-Sekund\u00e4roptik (Linse) (Hemispherically Edge Illuminating) integriert wird.<\/p>\n<p><strong>Halbkreisf\u00f6rmige Randbeleuchtung<\/strong> Radion ist im Kosten-\/Leistungsvergleich unschlagbar. Das optische HEI2-System bietet eine Leistung von 126,3 Grad. Das Ergebnis ist ein unglaublich gleichm\u00e4\u00dfiger PAR \u00fcber eine Abdeckungsfl\u00e4che von fast 1,2 m, was es zur Radion mit der h\u00f6chsten Durchschnittsleistung und wohl zur effizientesten Aquarienlampe macht, die jemals hergestellt wurde.<\/p>\n<p><strong>RADION G6 Pro <span style=\"background-color: #ffff00;\">(anderes Produkt ausw\u00e4hlen)<\/span><\/strong> Die Radion Pro wird weltweit zur Beleuchtung \u00f6ffentlicher Aquarien, Aquakulturanlagen und Korallenzuchtlabors eingesetzt. Unsere Hauptnutzer sind jedoch die anspruchsvollen Heimaquarianer. Der G6 PRO ist in seiner ausgewogenen Ausgabe un\u00fcbertroffen und setzt die Tradition mit verbesserten F\u00e4higkeiten im blauen und UV-Spektrum und bemerkenswerter zus\u00e4tzlicher Dispersion fort!<\/p>\n<p><strong>RADION G6 Blue (aktuelles Produkt)<\/strong> F\u00fcr alle, die Blau lieben, gibt es den G6 Blue! Er bietet ein tieferes Blauerlebnis. Diodenmischungsanpassungen erm\u00f6glichen neue Farbintensit\u00e4tsstufen. Mit einer solchen F\u00fclle an Blau bietet der G6 jetzt die M\u00f6glichkeit, das Blaubild zwischen aktinisch und klar fein abzustimmen. Die Hinzuf\u00fcgung von 395 nm zum LED-Cluster erh\u00f6ht die Fluoreszenz bei Fischen und Korallen auf ein ganz neues Niveau.<\/p>\n<div class=\"uncode-single-media text-left\">\n<img loading=\"lazy\" decoding=\"async\" alt=\"G6 Blue Specs\" class=\"wp-image-50393 eingegeben lazyloaded\" height=\"334\" src=\"https:\/\/ecotechmarine.com\/wp-content\/uploads\/2022\/04\/G6-15-Blue-Specs.webp\" width=\"401\"\/>\n<\/div>\n<table border=\"0\" cellpadding=\"0\" cellspacing=\"0\" width=\"100%\">\n<tbody>\n<tr>\n<th colspan=\"2\">Abmessungen<\/th>\n<\/tr>\n<tr>\n<td>L\u00e4nge<\/td>\n<td><strong>7 Zoll<\/strong> (18 cm)<\/td>\n<\/tr>\n<tr>\n<td>Breite<\/td>\n<td><strong>7 Zoll<\/strong> (18 cm)<\/td>\n<\/tr>\n<tr>\n<td>H\u00f6he<\/td>\n<td><strong>1,5 Zoll<\/strong> (3,9 cm)<\/td>\n<\/tr>\n<tr>\n<td>Gewicht<\/td>\n<td><strong>3,5 Pfund<\/strong> (1587 g)<\/td>\n<\/tr>\n<\/tbody>\n<\/table>\n<table>\n<tbody>\n<tr>\n<th colspan=\"2\">Leistungsspezifikationen<\/th>\n<\/tr>\n<tr>\n<td>Stromverbrauch<\/td>\n<td><strong>95 W<\/strong><\/td>\n<\/tr>\n<tr>\n<td>Universeller Eingangsbereich<\/td>\n<td><strong>100\u2013240 VAC, 50\/60 Hz<\/strong><\/td>\n<\/tr>\n<tr>\n<td>Spitzen-Einschaltstrom<\/td>\n<td><strong>1,3 A<\/strong><\/td>\n<\/tr>\n<\/tbody>\n<\/table>\n<table>\n<thead>\n<tr>\n<th colspan=\"2\">LEDs<\/th>\n<\/tr>\n<\/thead>\n<tbody>\n<tr>\n<td>\n<table align=\"right\" border=\"0\" cellpadding=\"0\" cellspacing=\"0\" class=\"ledColors\">\n<tbody>\n<tr>\n<td rowspan=\"10\" width=\"60%\">\nFarben<br \/>\n<img loading=\"lazy\" decoding=\"async\" class=\"entered lazyloaded\" height=\"418\" src=\"https:\/\/ecotechmarine.com\/wp-content\/uploads\/2022\/04\/G6-15-Blue.webp\" width=\"154\"\/>\n<\/td>\n<td width=\"40%\"><strong>4 Kaltwei\u00df<\/strong><\/td>\n<\/tr>\n<tr>\n<td><strong>16 K\u00f6nigsblau<\/strong><\/td>\n<\/tr>\n<tr>\n<td><strong>16 Blau<\/strong><\/td>\n<\/tr>\n<tr>\n<td><strong>1 Rot<\/strong><\/td>\n<\/tr>\n<tr>\n<td><strong>2 395 nm<\/strong><\/td>\n<\/tr>\n<tr>\n<td><strong>1 405 nm<\/strong><\/td>\n<\/tr>\n<tr>\n<td><strong>2 415 nm<\/strong><\/td>\n<\/tr>\n<tr>\n<td><strong>6 430 nm<\/strong><\/td>\n<\/tr>\n<tr>\n<td><strong>2 Warmwei\u00df<\/strong><\/td>\n<\/tr>\n<\/tbody>\n<\/table>\n<\/td>\n<\/tr>\n<\/tbody>\n<\/table>\n","protected":false},"excerpt":{"rendered":"<p>Radion XR15 G6 BLUE LED Light without mount<\/p>\n","protected":false},"featured_media":84769,"template":"","meta":[],"pwb-brand":[2169],"product_cat":[1384],"product_tag":[],"class_list":{"0":"post-85033","1":"product","2":"type-product","3":"status-publish","4":"has-post-thumbnail","6":"pwb-brand-ecotech-marine","7":"product_cat-led-de","9":"first","10":"outofstock","11":"sale","12":"taxable","13":"shipping-taxable","14":"purchasable","15":"product-type-simple"},"acf":[],"brands":[{"id":2169,"name":"Ecotech Marine","slug":"ecotech-marine"}],"_links":{"self":[{"href":"https:\/\/www.seaflowerstore.com\/de\/wp-json\/wp\/v2\/product\/85033","targetHints":{"allow":["GET"]}}],"collection":[{"href":"https:\/\/www.seaflowerstore.com\/de\/wp-json\/wp\/v2\/product"}],"about":[{"href":"https:\/\/www.seaflowerstore.com\/de\/wp-json\/wp\/v2\/types\/product"}],"wp:featuredmedia":[{"embeddable":true,"href":"https:\/\/www.seaflowerstore.com\/de\/wp-json\/wp\/v2\/media\/84769"}],"wp:attachment":[{"href":"https:\/\/www.seaflowerstore.com\/de\/wp-json\/wp\/v2\/media?parent=85033"}],"wp:term":[{"taxonomy":"pwb-brand","embeddable":true,"href":"https:\/\/www.seaflowerstore.com\/de\/wp-json\/wp\/v2\/pwb-brand?post=85033"},{"taxonomy":"product_cat","embeddable":true,"href":"https:\/\/www.seaflowerstore.com\/de\/wp-json\/wp\/v2\/product_cat?post=85033"},{"taxonomy":"product_tag","embeddable":true,"href":"https:\/\/www.seaflowerstore.com\/de\/wp-json\/wp\/v2\/product_tag?post=85033"}],"curies":[{"name":"wp","href":"https:\/\/api.w.org\/{rel}","templated":true}]}}