{"id":85035,"date":"2023-04-13T11:45:39","date_gmt":"2023-04-13T09:49:34","guid":{"rendered":"https:\/\/www.seaflowerstore.com\/nl\/tropic-marin-nitrite-nitrate-test-pro\/"},"modified":"2023-04-13T11:45:39","modified_gmt":"2023-04-13T09:49:34","slug":"tropic-marin-nitrite-nitrate-test-pro","status":"publish","type":"product","link":"https:\/\/www.seaflowerstore.com\/de\/tropic-marin-nitrite-nitrate-test-pro\/","title":{"rendered":"Tropic Marin Nitrite\/Nitrate-Test PRO"},"content":{"rendered":"<h2>Tropic Marin Nitrite\/Nitrate-Test PRO Freshwater \/ Saltwater <strong>For high precision determination of the nitrite and nitrate concentration<\/strong><\/h2>\n<p>Bei der Nitrifikation entstehen aus Ammonium (NH<sub>4<\/sub><sup>+<\/sup>) Nitrat-Ionen (NO<sub>3<\/sub><sup>\u2013<\/sup>). Im ersten Schritt dieses bakteriellen Prozesses entsteht Nitrit (NO<sub>2<\/sub><sup>\u2013<\/sup>), das besonders f\u00fcr S\u00fc\u00dfwasserarten giftig ist. Funktioniert die Nitrifikation richtig, wird Nitrit im zweiten Schritt in das weitaus weniger sch\u00e4dliche Nitrat umgewandelt.<\/p>\n<p>Erh\u00f6hte Nitritwerte \u00fcber 0,05 mg\/l (ppm) werden h\u00e4ufig in Aquarien beobachtet, die sich noch in der Reifung befinden oder mit Nitratfiltern ausgestattet sind. Die Nitratkonzentration kann die Qualit\u00e4t des Aquarienwassers erheblich beeintr\u00e4chtigen: Hohe Nitratwerte in Salzwasseraquarien k\u00f6nnen das Wachstum empfindlicher Korallen hemmen. Au\u00dferdem geht mit hohen Nitratwerten h\u00e4ufig eine Algenvermehrung einher. In manchen Riffaquarien herrscht ein extrem niedriger N\u00e4hrstoffgehalt, was zu Nitratmangel f\u00fchren kann. Daher ist es wichtig, die Nitratkonzentration im Aquarienwasser regelm\u00e4\u00dfig zu testen.<\/p>\n<p>F\u00fcr S\u00fc\u00dfwasseraquarien wird empfohlen, den Nitratgehalt unter 50 mg\/l (ppm) zu halten, w\u00e4hrend die Konzentration bei Salzwasseranwendungen 20 mg\/l (ppm) nicht \u00fcberschreiten sollte. Bei der Pflege von Steinkorallen besteht das Ziel darin, den Nitratgehalt unter 10 mg\/l (ppm) zu halten. Die optimalen Untergrenzen f\u00fcr Nitrat variieren je nach den Gesamtbedingungen im Aquarium.<\/p>\n<p>Mit dem hochaufl\u00f6senden <strong>Tropic Marin Nitrit\/Nitrat-Test<\/strong> <strong>Professional<\/strong> messen Sie Nitrit- und Nitratkonzentrationen mit h\u00f6chster Genauigkeit in niedrigen Konzentrationsbereichen: von 0 bis 1 ppm f\u00fcr Nitrit und von 0 bis 20 ppm f\u00fcr Nitrat.<\/p>\n<h3><strong>Vorteile:<\/strong><\/h3>\n<ul>\n<li>Messbereich f\u00fcr NO<sub>2<\/sub>: 0 \u2013 1,0 mg\/l (ppm)<\/li>\n<li>Messbereich f\u00fcr NO<sub>3<\/sub>: 0 \u2013 20 mg\/l (ppm)<\/li>\n<li>Genauigkeit f\u00fcr NO<sub>2<\/sub>: 0,002 mg\/l<\/li>\n<li>Genauigkeit f\u00fcr NO<sub>3<\/sub>: 0,05 mg\/l<\/li>\n<li>Ideal zur Bestimmung der Nitrit-\/Nitratkonzentration in Aquarien<\/li>\n<li>Inklusive Komparator und Phosphatstandard zur \u00dcberpr\u00fcfung der Funktion und Haltbarkeit von Testreagenzien<\/li>\n<li>Bietet ausreichend Tests f\u00fcr ca. 50 Anwendungen<\/li>\n<\/ul>\n","protected":false},"excerpt":{"rendered":"<p>Tropic Marin Refill Pack Nitrite\/Nitrate-Test PRO Freshwater \/ Saltwater <strong>For high precision determination of the nitrite and nitrate concentration<\/strong><\/p>\n","protected":false},"featured_media":84767,"template":"","meta":[],"pwb-brand":[2151],"product_cat":[1400],"product_tag":[],"class_list":{"0":"post-85035","1":"product","2":"type-product","3":"status-publish","4":"has-post-thumbnail","6":"pwb-brand-tropic-marin","7":"product_cat-tester","9":"first","10":"outofstock","11":"taxable","12":"shipping-taxable","13":"purchasable","14":"product-type-simple"},"acf":[],"brands":[{"id":2151,"name":"Tropic Marin","slug":"tropic-marin"}],"_links":{"self":[{"href":"https:\/\/www.seaflowerstore.com\/de\/wp-json\/wp\/v2\/product\/85035","targetHints":{"allow":["GET"]}}],"collection":[{"href":"https:\/\/www.seaflowerstore.com\/de\/wp-json\/wp\/v2\/product"}],"about":[{"href":"https:\/\/www.seaflowerstore.com\/de\/wp-json\/wp\/v2\/types\/product"}],"wp:featuredmedia":[{"embeddable":true,"href":"https:\/\/www.seaflowerstore.com\/de\/wp-json\/wp\/v2\/media\/84767"}],"wp:attachment":[{"href":"https:\/\/www.seaflowerstore.com\/de\/wp-json\/wp\/v2\/media?parent=85035"}],"wp:term":[{"taxonomy":"pwb-brand","embeddable":true,"href":"https:\/\/www.seaflowerstore.com\/de\/wp-json\/wp\/v2\/pwb-brand?post=85035"},{"taxonomy":"product_cat","embeddable":true,"href":"https:\/\/www.seaflowerstore.com\/de\/wp-json\/wp\/v2\/product_cat?post=85035"},{"taxonomy":"product_tag","embeddable":true,"href":"https:\/\/www.seaflowerstore.com\/de\/wp-json\/wp\/v2\/product_tag?post=85035"}],"curies":[{"name":"wp","href":"https:\/\/api.w.org\/{rel}","templated":true}]}}