{"id":85036,"date":"2023-04-13T11:18:54","date_gmt":"2023-04-13T09:24:26","guid":{"rendered":"https:\/\/www.seaflowerstore.com\/nl\/tropic-marin-refill-pack-nitrite-nitrate-test-pro\/"},"modified":"2023-06-09T14:35:37","modified_gmt":"2023-06-09T12:35:37","slug":"tropic-marin-refill-pack-nitrite-nitrate-test-pro","status":"publish","type":"product","link":"https:\/\/www.seaflowerstore.com\/de\/tropic-marin-refill-pack-nitrite-nitrate-test-pro\/","title":{"rendered":"Tropic Marin Refill Pack Nitrite\/Nitrate-Test PRO"},"content":{"rendered":"<h2>Tropic Marin Refill Pack Nitrite\/Nitrate-Test PRO Freshwater \/ Saltwater <strong>Refill For high precision determination of the nitrite and nitrate concentration<\/strong><\/h2>\n<p>Als Endprodukt der Nitrifikation entstehen aus Ammonium (NH<sub>4<\/sub><sup>+<\/sup>) Nitrat-Ionen (NO<sub>3<\/sub><sup>\u2013<\/sup>). Dabei entsteht in der ersten Phase Nitrit (NO<sub>2<\/sub><sup>\u2013<\/sup>), das f\u00fcr S\u00fc\u00dfwasserarten sehr sch\u00e4dlich sein kann. Wenn alles gut geht, wird Nitrit in der zweiten Phase in das weit weniger giftige Nitrat umgewandelt. Erh\u00f6hte Nitritwerte \u00fcber 0,05 mg\/l (ppm) werden in der Regel in Becken festgestellt, die sich im Reifestadium befinden oder mit Nitratfiltern ausgestattet sind.<\/p>\n<p>Nitrat hat einen erheblichen Einfluss auf die Wasserqualit\u00e4t in Ihrem Aquarium. In Salzwassersystemen k\u00f6nnen hohe Nitratwerte das Wachstum empfindlicher Korallen behindern. Dar\u00fcber hinaus kann es aufgrund erh\u00f6hter Nitratkonzentrationen zu einer Algenbl\u00fcte kommen. Einige Riffaquarien streben eine Umgebung mit extrem niedrigem N\u00e4hrstoffgehalt an, in der Nitratmangel zum Problem werden kann. Daher ist es wichtig, den Nitratgehalt in Ihrem Aquarienwasser regelm\u00e4\u00dfig zu \u00fcberpr\u00fcfen. F\u00fcr S\u00fc\u00dfwasseraquarien wird empfohlen, den Nitratgehalt unter 50 mg\/l (ppm) zu halten, w\u00e4hrend er in Salzwasseraquarien 20 mg\/l (ppm) nicht \u00fcberschreiten sollte. Bei der Pflege von Steinkorallen besteht das Ziel darin, den Nitratgehalt unter 10 mg\/l (ppm) zu halten. Die zul\u00e4ssigen Grenzwerte f\u00fcr Nitrat k\u00f6nnen je nach den Gesamtbedingungen im Aquarium variieren.<\/p>\n<p>Mit dem hochaufl\u00f6senden <strong>Tropic Marin<sup>\u00ae<\/sup> Nitrit\/Nitrat-Test<\/strong> <strong>Professional<\/strong> bestimmen Sie Nitrit- und Nitratkonzentrationen mit h\u00f6chster Genauigkeit im niedrigen Konzentrationsbereich von 0 bis 1 ppm f\u00fcr Nitrit und 0 bis 20 ppm f\u00fcr Nitrat.<\/p>\n<h3><strong>Vorteile:<\/strong><\/h3>\n<ul>\n<li>Messbereich f\u00fcr NO<sub>2 <\/sub>: 0 \u2013 1,0 mg\/l (ppm)<\/li>\n<li>Messbereich f\u00fcr NO<sub>3 <\/sub>: 0 \u2013 20 mg\/l (ppm)<\/li>\n<li>Genauigkeit f\u00fcr NO<sub>2 <\/sub>: 0,002 mg\/l<\/li>\n<li>Genauigkeit f\u00fcr NO<sub>3 <\/sub>: 0,05 mg\/l<\/li>\n<li>Ideal zur Bestimmung von Nitrit-\/Nitratkonzentrationen in Aquarien<\/li>\n<li>Enth\u00e4lt einen Komparator und einen Phosphatstandard zur \u00dcberpr\u00fcfung der Funktion und Haltbarkeit der Testreagenzien<\/li>\n<li>Bietet ausreichend Material f\u00fcr ca. 50 Anwendungen<\/li>\n<\/ul>\n","protected":false},"excerpt":{"rendered":"<p>Tropic Marin Refill Pack Nitrite\/Nitrate-Test PRO Freshwater \/ Saltwater is a <strong>Refill For high precision determination of the nitrite and nitrate concentration<\/strong><\/p>\n","protected":false},"featured_media":84766,"template":"","meta":[],"pwb-brand":[2151],"product_cat":[1400],"product_tag":[],"class_list":{"0":"post-85036","1":"product","2":"type-product","3":"status-publish","4":"has-post-thumbnail","6":"pwb-brand-tropic-marin","7":"product_cat-tester","9":"first","10":"outofstock","11":"taxable","12":"shipping-taxable","13":"purchasable","14":"product-type-simple"},"acf":[],"brands":[{"id":2151,"name":"Tropic Marin","slug":"tropic-marin"}],"_links":{"self":[{"href":"https:\/\/www.seaflowerstore.com\/de\/wp-json\/wp\/v2\/product\/85036","targetHints":{"allow":["GET"]}}],"collection":[{"href":"https:\/\/www.seaflowerstore.com\/de\/wp-json\/wp\/v2\/product"}],"about":[{"href":"https:\/\/www.seaflowerstore.com\/de\/wp-json\/wp\/v2\/types\/product"}],"wp:featuredmedia":[{"embeddable":true,"href":"https:\/\/www.seaflowerstore.com\/de\/wp-json\/wp\/v2\/media\/84766"}],"wp:attachment":[{"href":"https:\/\/www.seaflowerstore.com\/de\/wp-json\/wp\/v2\/media?parent=85036"}],"wp:term":[{"taxonomy":"pwb-brand","embeddable":true,"href":"https:\/\/www.seaflowerstore.com\/de\/wp-json\/wp\/v2\/pwb-brand?post=85036"},{"taxonomy":"product_cat","embeddable":true,"href":"https:\/\/www.seaflowerstore.com\/de\/wp-json\/wp\/v2\/product_cat?post=85036"},{"taxonomy":"product_tag","embeddable":true,"href":"https:\/\/www.seaflowerstore.com\/de\/wp-json\/wp\/v2\/product_tag?post=85036"}],"curies":[{"name":"wp","href":"https:\/\/api.w.org\/{rel}","templated":true}]}}