{"id":85037,"date":"2023-04-10T18:07:26","date_gmt":"2023-04-10T16:08:03","guid":{"rendered":"https:\/\/www.seaflowerstore.com\/nl\/zeopure-powder-250gr\/"},"modified":"2023-04-10T18:07:26","modified_gmt":"2023-04-10T16:08:03","slug":"zeopure-powder-250gr","status":"publish","type":"product","link":"https:\/\/www.seaflowerstore.com\/de\/zeopure-powder-250gr\/","title":{"rendered":"Zeopure Powder 250gr"},"content":{"rendered":"<h2>Zeopure Powder 250gr<\/h2>\n<h2>Zeopure Pulver &#8211; Zeolith 50 Mikron (250 gr) Entfernt effektiv Schadstoffe aus dem Wasser<\/h2>\n<ul>\n<li>K\u00f6rnung: 50 Mikron<\/li>\n<li>Klinoptilolith-Anteil von ca. 90%<\/li>\n<li>Entfernt effektiv Schadstoffe aus dem Wasser<\/li>\n<li>F\u00fcr Meerwasser- und S\u00fc\u00dfwasseraquarien<\/li>\n<li>Adsorbiert Ammonium<\/li>\n<li>Senkt den Nitratspiegel<\/li>\n<li>Einfache und sichere Anwendung<\/li>\n<\/ul>\n<p><strong>Zeopure Pulver<\/strong> ist ein Zeolith h\u00f6chster Qualit\u00e4t mit einer K\u00f6rnung von 50 Mikron und einem Klinoptilolith-Anteil von ca. 90%. Es ist f\u00fcr die effiziente Entfernung von Schadstoffen in Salz- und S\u00fc\u00dfwasseraquarien konzipiert und somit eine zuverl\u00e4ssige Wahl f\u00fcr verschiedene Situationen.<\/p>\n<p><strong>Zeopure-Pulver<\/strong> adsorbiert effektiv Ammonium, bevor es im Nitrifikationsprozess in Nitrit und Nitrat umgewandelt werden kann. Dies tr\u00e4gt dazu bei, den Nitratgehalt sicher und biologisch zu senken. Dar\u00fcber hinaus werden vorhandene Schadstoffe wie Phosphate effektiv aufgefangen und durch den Absch\u00e4umer oder die Filterwatte entfernt.<\/p>\n<p><strong>Zeopure-Pulver<\/strong> ist besonders n\u00fctzlich bei der Behandlung von Problemen wie Cyanobakterien (oft als Schleimalgen bezeichnet).<\/p>\n<p><strong>Tipps:<\/strong><\/p>\n<ul>\n<li><strong>Zeopure-Pulver<\/strong> kann dazu f\u00fchren, dass das Wasser zun\u00e4chst ziemlich tr\u00fcb wird, aber keine Sorge; es wird innerhalb weniger Stunden kristallklar.<\/li>\n<li>Bei Problemen im Zusammenhang mit Cyanobakterien k\u00f6nnen Sie <strong>Zeopure Pulver<\/strong> in Kombination mit <strong>Microbe-Lift Special Blend<\/strong> und <strong>Nite-Out II<\/strong> verwenden.<\/li>\n<li>Es besteht keine Gefahr einer \u00dcberdosierung mit <strong>Zeopure Pulver<\/strong>.<\/li>\n<li>Verwenden Sie zur Herstellung der Stamml\u00f6sung immer destilliertes oder ultrareines Wasser.<\/li>\n<\/ul>\n<h3>Dosierung<\/h3>\n<p><strong>Direkte Zugabe:<\/strong> Geben Sie einen gestrichenen Teel\u00f6ffel <strong>Zeopure Pulver<\/strong> auf 100 Liter Wasser direkt in das Aquarium und stellen Sie es an einen gut entw\u00e4sserten Ort, oder mischen Sie die erforderliche Menge vorher mit etwas Wasser.<\/p>\n<p><strong>Stamml\u00f6sung:<\/strong> Geben Sie f\u00fcr eine Stamml\u00f6sung 5-10 Essl\u00f6ffel in einen 5-Liter-Beh\u00e4lter mit destilliertem Wasser. Verwenden Sie 50 ml dieser Stamml\u00f6sung pro 100 Liter Wasser. Denken Sie daran, vor jedem Gebrauch gut zu sch\u00fctteln! Es wird empfohlen, zweimal pro Woche oder bei Problemen t\u00e4glich zu dosieren.<\/p>\n","protected":false},"excerpt":{"rendered":"<p>Zeopure Powder &#8211; Zeolite 50 micron (250 gr) Effectively removes pollutants from the water<\/p>\n","protected":false},"featured_media":84765,"template":"","meta":[],"pwb-brand":[2227],"product_cat":[1391],"product_tag":[],"class_list":{"0":"post-85037","1":"product","2":"type-product","3":"status-publish","4":"has-post-thumbnail","6":"pwb-brand-microbe-lift","7":"product_cat-ergaenzungen","9":"first","10":"instock","11":"taxable","12":"shipping-taxable","13":"purchasable","14":"product-type-simple"},"acf":[],"brands":[{"id":2227,"name":"Microbe-Lift","slug":"microbe-lift"}],"_links":{"self":[{"href":"https:\/\/www.seaflowerstore.com\/de\/wp-json\/wp\/v2\/product\/85037","targetHints":{"allow":["GET"]}}],"collection":[{"href":"https:\/\/www.seaflowerstore.com\/de\/wp-json\/wp\/v2\/product"}],"about":[{"href":"https:\/\/www.seaflowerstore.com\/de\/wp-json\/wp\/v2\/types\/product"}],"wp:featuredmedia":[{"embeddable":true,"href":"https:\/\/www.seaflowerstore.com\/de\/wp-json\/wp\/v2\/media\/84765"}],"wp:attachment":[{"href":"https:\/\/www.seaflowerstore.com\/de\/wp-json\/wp\/v2\/media?parent=85037"}],"wp:term":[{"taxonomy":"pwb-brand","embeddable":true,"href":"https:\/\/www.seaflowerstore.com\/de\/wp-json\/wp\/v2\/pwb-brand?post=85037"},{"taxonomy":"product_cat","embeddable":true,"href":"https:\/\/www.seaflowerstore.com\/de\/wp-json\/wp\/v2\/product_cat?post=85037"},{"taxonomy":"product_tag","embeddable":true,"href":"https:\/\/www.seaflowerstore.com\/de\/wp-json\/wp\/v2\/product_tag?post=85037"}],"curies":[{"name":"wp","href":"https:\/\/api.w.org\/{rel}","templated":true}]}}