{"id":85038,"date":"2023-04-02T11:40:23","date_gmt":"2023-04-02T09:41:05","guid":{"rendered":"https:\/\/www.seaflowerstore.com\/nl\/grotech-aipex-30ml\/"},"modified":"2023-04-02T11:40:23","modified_gmt":"2023-04-02T09:41:05","slug":"grotech-aipex-30ml","status":"publish","type":"product","link":"https:\/\/www.seaflowerstore.com\/de\/grotech-aipex-30ml\/","title":{"rendered":"Grotech AipEx &#8211; 30ml"},"content":{"rendered":"<h2>Grotech AipEx &#8211; 30ml Eliminates Aiptasia in minutes<\/h2>\n<p>Um optimale Ergebnisse zu erzielen, schalten Sie bitte die Pumpenk\u00f6pfe aus und f\u00fcttern Sie die Aiptasia- und Majano-Anemonen. Tr\u00e4ufeln Sie einfach AipEx \u00fcber die M\u00fcndung oder die Mitte der Aiptasia- und Majano-Anemonen. Sie werden sehen, wie sie innerhalb weniger Minuten verschwinden.<\/p>\n<p><strong>Wichtig:<\/strong> Behandeln Sie t\u00e4glich nur eine Aiptasia oder Majano pro 25 Liter Wasser!<\/p>\n","protected":false},"excerpt":{"rendered":"<p>Grotech AipEx 30ml Eliminates Aiptasia in minutes<\/p>\n","protected":false},"featured_media":84761,"template":"","meta":[],"pwb-brand":[2135],"product_cat":[1390],"product_tag":[],"class_list":{"0":"post-85038","1":"product","2":"type-product","3":"status-publish","4":"has-post-thumbnail","6":"pwb-brand-grotech","7":"product_cat-medikamente","9":"first","10":"instock","11":"taxable","12":"shipping-taxable","13":"purchasable","14":"product-type-simple"},"acf":[],"brands":[{"id":2135,"name":"Grotech","slug":"grotech"}],"_links":{"self":[{"href":"https:\/\/www.seaflowerstore.com\/de\/wp-json\/wp\/v2\/product\/85038","targetHints":{"allow":["GET"]}}],"collection":[{"href":"https:\/\/www.seaflowerstore.com\/de\/wp-json\/wp\/v2\/product"}],"about":[{"href":"https:\/\/www.seaflowerstore.com\/de\/wp-json\/wp\/v2\/types\/product"}],"wp:featuredmedia":[{"embeddable":true,"href":"https:\/\/www.seaflowerstore.com\/de\/wp-json\/wp\/v2\/media\/84761"}],"wp:attachment":[{"href":"https:\/\/www.seaflowerstore.com\/de\/wp-json\/wp\/v2\/media?parent=85038"}],"wp:term":[{"taxonomy":"pwb-brand","embeddable":true,"href":"https:\/\/www.seaflowerstore.com\/de\/wp-json\/wp\/v2\/pwb-brand?post=85038"},{"taxonomy":"product_cat","embeddable":true,"href":"https:\/\/www.seaflowerstore.com\/de\/wp-json\/wp\/v2\/product_cat?post=85038"},{"taxonomy":"product_tag","embeddable":true,"href":"https:\/\/www.seaflowerstore.com\/de\/wp-json\/wp\/v2\/product_tag?post=85038"}],"curies":[{"name":"wp","href":"https:\/\/api.w.org\/{rel}","templated":true}]}}