{"id":85039,"date":"2023-03-31T09:04:20","date_gmt":"2023-03-31T07:04:20","guid":{"rendered":"https:\/\/www.seaflowerstore.com\/nl\/hanna-hi97115c-marine-master-set\/"},"modified":"2025-03-08T12:55:37","modified_gmt":"2025-03-08T11:55:37","slug":"hanna-hi97115c-marine-master-set","status":"publish","type":"product","link":"https:\/\/www.seaflowerstore.com\/de\/hanna-hi97115c-marine-master-set\/","title":{"rendered":"Hanna HI97115c Marine Master set"},"content":{"rendered":"<h2>Hanna HI97115c Marine Master set Measure 8 important parameters with one photometer for the saltwater aquarium (in handy case)<\/h2>\n<p>Der <strong>HI97115 Marine Master<\/strong> ist ein kompaktes und vielseitiges Multiparameter-Photometer zur Messung von <strong>pH-Wert, Alkalinit\u00e4t, Ammoniak, Kalzium, Magnesium, Nitrat, Nitrit und Phosphat<\/strong> in Salzwasseraquarien und meeresbiologischen Anwendungen.<\/p>\n<p>Dieses Ger\u00e4t kann als eigenst\u00e4ndiges Photometer verwendet oder \u00fcber das integrierte Bluetooth-Modul mit der Hanna Lab-App auf Ihrem Smartphone oder Tablet verbunden werden. Bei Verbindung bietet die App Funktionen wie das Hinzuf\u00fcgen von Notizen w\u00e4hrend der Messung, Datenprotokollierung mit erweitertem Speicher, das Teilen von Daten sowie das Erstellen und Speichern von Methodengruppen.<\/p>\n<p>Das HI97115-Photometer verf\u00fcgt \u00fcber ein fortschrittliches optisches System, das eine LED und einen Schmalband-Interferenzfilter f\u00fcr genaue und wiederholbare Messungen verwendet. Es ist immersionsdicht, unglaublich intuitiv und benutzerfreundlich, komplett mit einem Hilfemodus, der Sie Schritt f\u00fcr Schritt durch den Prozess f\u00fchrt.<\/p>\n<ul>\n<li>Cal Check<\/li>\n<li>Fortschrittliches optisches System mit optischen Filtern f\u00fcr hohe Genauigkeit<\/li>\n<li>IP67-Geh\u00e4use<\/li>\n<li>Protokolliert die letzten 50 Messungen<\/li>\n<li>Reaktionstimer<\/li>\n<li>Batteriestatusanzeige und automatische Abschaltung<\/li>\n<li>Hilfemodus mit Schritt-f\u00fcr-Schritt-Anleitung<\/li>\n<\/ul>\n<p>Das Referenzsystem kompensiert jegliche Drift aufgrund von Stromschwankungen oder \u00c4nderungen der Umgebungstemperatur. Mit einer LED-Lichtquelle k\u00f6nnen Sie schnell stabile Messungen erzielen. Das optische System ist zum Schutz vor Staub, Schmutz und Wasser versiegelt.<\/p>\n<h3>Hanna Lab App<\/h3>\n<p>Wenn Sie das HI97115 mit der Hanna Lab App verwenden, erhalten Sie ein verbessertes Benutzererlebnis auf Ihrem kompatiblen Smartger\u00e4t. Zu den Funktionen geh\u00f6ren die M\u00f6glichkeit, beim Hinzuf\u00fcgen von Notizen zu messen, erweiterte Datenprotokollierung, Datenfreigabe sowie das Erstellen und Speichern von Methodengruppen.<\/p>\n<h3>CALCheck\u2122<\/h3>\n<p>Die exklusive CAL Check-Funktion von Hanna Instruments erm\u00f6glicht die Leistungs\u00fcberpr\u00fcfung und Kalibrierung des Messger\u00e4ts nach NIST-Standards. Unsere CAL Check-Standardk\u00fcvetten simulieren einen bestimmten Absorptionswert bei einer bestimmten Wellenl\u00e4nge, um die Messgenauigkeit zu \u00fcberpr\u00fcfen. Die CAL Check-Anzeige f\u00fchrt Sie Schritt f\u00fcr Schritt durch den Validierungs- und Kalibrierungsprozess.<\/p>\n<h3>Hilfefunktion<\/h3>\n<p>Die integrierte Hilfefunktion f\u00fchrt Sie durch den Messvorgang und deckt alles ab, von der Probenvorbereitung bis hin zu den erforderlichen Reagenzien und Mengen. Dieses Photometer ist mit einem hintergrundbeleuchteten Display, virtuellen Tasten, einer Batteriestatusanzeige und Fehlermeldungen ausgestattet. Sie sehen den ausgew\u00e4hlten Parameter und die ausgew\u00e4hlte Methode neben dem gemessenen Wert.<\/p>\n<h4>Batteriestatus<\/h4>\n<p>Dieses Messger\u00e4t verwendet drei AA-Batterien und erm\u00f6glicht ungef\u00e4hr 800 Messungen. Es schaltet sich nach 15 Minuten Inaktivit\u00e4t automatisch ab, um Batteriestrom zu sparen, und eine Anzeige zeigt die verbleibende Batterielebensdauer an.<\/p>\n<p>Zu den Methoden geh\u00f6ren:<\/p>\n<ul>\n<li>pH-Wert in Meerwasser \u2013 pH 6,3 bis 8,6 (\u00b10,2 pH des Messwerts bei 25 \u00b0C)<\/li>\n<li>Ammoniak in Meerwasser \u2013 0,00 bis 2,50 ppm (als NH3) (\u00b10,05 ppm \u00b15 % des Messwerts bei 25 \u00b0C)<\/li>\n<li>Alkalit\u00e4t in Meerwasser \u2013 0,0 bis 20,0 dKH (\u00b10,3 dKH \u00b15 % des Messwerts bei 25 \u00b0C)<\/li>\n<li>Magnesium in Meerwasser \u2013 1000 bis 1800 ppm als Mg2+ (\u00b15 % des Messwerts bei 25 \u00b0C)<\/li>\n<li>Kalzium im Meerwasser \u2013 200 bis 600 ppm (\u00b16 % des Messwerts bei 25 \u00b0C)<\/li>\n<li>Nitrat im Meerwasser, niedrig \u2013 0,00 bis 5,00 ppm als NO3- (\u00b10,25 ppm \u00b12 % des Messwerts bei 25 \u00b0C)<\/li>\n<li>Nitrat im Meerwasser, hoch \u2013 0,0 bis 75,0 ppm als NO3- (\u00b12,0 ppm \u00b15 % des Messwerts bei 25 \u00b0C)<\/li>\n<li>Nitrite im Meerwasser, extrem niedrig \u2013 0 bis 200 ppb als NO2- (10 ppb \u00b14 % des Messwerts bei 25 \u00b0C)<\/li>\n<li>Phosphat im Meerwasser, extrem niedrig \u2013 0,00 bis 0,90 ppm (\u00b10,02 ppm \u00b15 % des Messwerts bei 25 \u00b0C)<\/li>\n<\/ul>\n<p>Ihr Kauf umfasst das HI97115C mit Tragetasche, die Folgendes enth\u00e4lt:<\/p>\n<ul>\n<li>K\u00fcvetten (2 Stk.)<\/li>\n<li>Meerwasser-pH-Reagenz, 30-ml-Tropfflasche (HI780-25)<\/li>\n<li>Reagenz f\u00fcr Ammoniak in Meerwasser (HI784-25)<\/li>\n<li>Reagenz f\u00fcr Alkalinit\u00e4t in Meerwasser (HI772-26)<\/li>\n<li>Reagenz f\u00fcr Kalzium in Meerwasser (HI758-26)<\/li>\n<li>Reagenz f\u00fcr Nitrat in Meerwasser, gro\u00dfer Messbereich (HI782-25)<\/li>\n<li>Reagenz f\u00fcr Nitrit in Meerwasser, ultraniedriger Messbereich (HI764-25)<\/li>\n<li>Reagenz f\u00fcr Magnesium in Meerwasser (HI783-25)<\/li>\n<li>Reagenz f\u00fcr Phosphat in Meerwasser, ultraniedriger Bereich, Starterkit (f\u00fcr 25 Tests) (HI774-25)<\/li>\n<li>1,5 V AA Alkaline-Batterien (3 Stk.)<\/li>\n<li>Reinigungstuch f\u00fcr K\u00fcvetten<\/li>\n<li>1 ml Messspritze mit Spitze (3 Stk.)<\/li>\n<li>Minipipette mit Spitze (1 Stk.)<\/li>\n<li>3 ml Pasteurpipette (2 Stk.)<\/li>\n<li>5 ml Spritze (schwarzer Aufdruck) und Spitze (1 Stk.)<\/li>\n<li>5 ml Spritze (blauer Aufdruck) und Spitze (1 Stk.)<\/li>\n<li>Schere<\/li>\n<li>Ger\u00e4tequalit\u00e4tszertifikat<\/li>\n<li>Benutzerhandbuch<\/li>\n<li>Koffer<\/li>\n<\/ul>\n","protected":false},"excerpt":{"rendered":"<p>Hanna HI97115c Marine Master set Measure 8 important parameters with one photometer for the saltwater aquarium<\/p>\n","protected":false},"featured_media":84760,"template":"","meta":[],"pwb-brand":[2229],"product_cat":[1400],"product_tag":[],"class_list":{"0":"post-85039","1":"product","2":"type-product","3":"status-publish","4":"has-post-thumbnail","6":"pwb-brand-hanna-instruments","7":"product_cat-tester","9":"first","10":"instock","11":"taxable","12":"shipping-taxable","13":"purchasable","14":"product-type-simple"},"acf":[],"brands":[{"id":2229,"name":"Hanna Instruments","slug":"hanna-instruments"}],"_links":{"self":[{"href":"https:\/\/www.seaflowerstore.com\/de\/wp-json\/wp\/v2\/product\/85039","targetHints":{"allow":["GET"]}}],"collection":[{"href":"https:\/\/www.seaflowerstore.com\/de\/wp-json\/wp\/v2\/product"}],"about":[{"href":"https:\/\/www.seaflowerstore.com\/de\/wp-json\/wp\/v2\/types\/product"}],"wp:featuredmedia":[{"embeddable":true,"href":"https:\/\/www.seaflowerstore.com\/de\/wp-json\/wp\/v2\/media\/84760"}],"wp:attachment":[{"href":"https:\/\/www.seaflowerstore.com\/de\/wp-json\/wp\/v2\/media?parent=85039"}],"wp:term":[{"taxonomy":"pwb-brand","embeddable":true,"href":"https:\/\/www.seaflowerstore.com\/de\/wp-json\/wp\/v2\/pwb-brand?post=85039"},{"taxonomy":"product_cat","embeddable":true,"href":"https:\/\/www.seaflowerstore.com\/de\/wp-json\/wp\/v2\/product_cat?post=85039"},{"taxonomy":"product_tag","embeddable":true,"href":"https:\/\/www.seaflowerstore.com\/de\/wp-json\/wp\/v2\/product_tag?post=85039"}],"curies":[{"name":"wp","href":"https:\/\/api.w.org\/{rel}","templated":true}]}}