{"id":85043,"date":"2023-03-27T18:52:32","date_gmt":"2023-03-27T16:55:17","guid":{"rendered":"https:\/\/www.seaflowerstore.com\/nl\/aqua-fix-poly-glue-60gr\/"},"modified":"2023-03-27T18:52:32","modified_gmt":"2023-03-27T16:55:17","slug":"aqua-fix-poly-glue-60gr","status":"publish","type":"product","link":"https:\/\/www.seaflowerstore.com\/de\/aqua-fix-poly-glue-60gr\/","title":{"rendered":"Aqua-FIX Poly Glue &#8211; 60gr"},"content":{"rendered":"<h2>Aqua-FIX Poly Glue &#8211; 60gr<\/h2>\n<p><strong>Aqua-Fix Poly Glue<\/strong> ist ein fantastischer Unterwasserkleber, der sich perfekt zum dauerhaften Befestigen von Steinen, Glas, Holz, Kunststoff, PVC, Metallen und vielem mehr eignet. Er h\u00e4rtet beim Eintauchen schnell aus und kann sicher in Meer- und S\u00fc\u00dfwasseraquarien verwendet werden. Au\u00dferdem enth\u00e4lt Aqua-Fix Poly Glue weder Silikon noch Isocyanat und ist daher eine zuverl\u00e4ssige Wahl f\u00fcr Ihre Anforderungen im Wasserbereich.<\/p>\n","protected":false},"excerpt":{"rendered":"<p>Microbe-lift Aqua-FIX Poly Glue is ideally suited as an underwater adhesive<\/p>\n","protected":false},"featured_media":84745,"template":"","meta":[],"pwb-brand":[2227],"product_cat":[1405],"product_tag":[],"class_list":{"0":"post-85043","1":"product","2":"type-product","3":"status-publish","4":"has-post-thumbnail","6":"pwb-brand-microbe-lift","7":"product_cat-korallenkleber-versiegelungsmittel","9":"first","10":"outofstock","11":"taxable","12":"shipping-taxable","13":"purchasable","14":"product-type-simple"},"acf":[],"brands":[{"id":2227,"name":"Microbe-Lift","slug":"microbe-lift"}],"_links":{"self":[{"href":"https:\/\/www.seaflowerstore.com\/de\/wp-json\/wp\/v2\/product\/85043","targetHints":{"allow":["GET"]}}],"collection":[{"href":"https:\/\/www.seaflowerstore.com\/de\/wp-json\/wp\/v2\/product"}],"about":[{"href":"https:\/\/www.seaflowerstore.com\/de\/wp-json\/wp\/v2\/types\/product"}],"wp:featuredmedia":[{"embeddable":true,"href":"https:\/\/www.seaflowerstore.com\/de\/wp-json\/wp\/v2\/media\/84745"}],"wp:attachment":[{"href":"https:\/\/www.seaflowerstore.com\/de\/wp-json\/wp\/v2\/media?parent=85043"}],"wp:term":[{"taxonomy":"pwb-brand","embeddable":true,"href":"https:\/\/www.seaflowerstore.com\/de\/wp-json\/wp\/v2\/pwb-brand?post=85043"},{"taxonomy":"product_cat","embeddable":true,"href":"https:\/\/www.seaflowerstore.com\/de\/wp-json\/wp\/v2\/product_cat?post=85043"},{"taxonomy":"product_tag","embeddable":true,"href":"https:\/\/www.seaflowerstore.com\/de\/wp-json\/wp\/v2\/product_tag?post=85043"}],"curies":[{"name":"wp","href":"https:\/\/api.w.org\/{rel}","templated":true}]}}