{"id":85052,"date":"2023-03-23T21:35:46","date_gmt":"2023-03-23T20:41:05","guid":{"rendered":"https:\/\/www.seaflowerstore.com\/nl\/triton-magnesium-1000gr\/"},"modified":"2023-10-01T11:07:28","modified_gmt":"2023-10-01T09:07:28","slug":"triton-magnesium-1000gr","status":"publish","type":"product","link":"https:\/\/www.seaflowerstore.com\/de\/triton-magnesium-1000gr\/","title":{"rendered":"Triton Magnesium 1000gr"},"content":{"rendered":"<h2>Triton Magnesium 1000gr<\/h2>\n<p>Magnesium ist ein lebenswichtiges Element, das nat\u00fcrlicherweise in Meerwasser vorkommt. Es ist ein wichtiges Makroelement-Erg\u00e4nzungsmittel f\u00fcr Meerwasseraquarien. Magnesium spielt eine entscheidende Rolle im Verkalkungsprozess von SPS- und LPS-Korallenskeletten.<\/p>\n<p>In Kombination mit TRITON Lab ICP-Tests k\u00f6nnen Aquarianer pr\u00e4zise Anpassungen an einzelnen Elementen vornehmen. Nur TRITON bietet die Unterst\u00fctzung, die Sie ben\u00f6tigen, um m\u00fchelos ein modernes Aquarium zu pflegen.<\/p>\n<p>Detaillierte Dosierungsinformationen finden Sie auf der Registerkarte DOSIS Ihrer ICP-Analyse. Die TRITON-Reihe von Makro- und Spurenelement-Erg\u00e4nzungsmitteln basiert auf \u00fcber zehn Jahren wissenschaftlicher Forschung zur Chemie von nat\u00fcrlichem und Aquarienmeerwasser.<\/p>\n","protected":false},"excerpt":{"rendered":"<p>Triton Magnesium 1000gr an important element that occurs naturally in sea water<\/p>\n","protected":false},"featured_media":84725,"template":"","meta":[],"pwb-brand":[2181],"product_cat":[1391,1392],"product_tag":[],"class_list":{"0":"post-85052","1":"product","2":"type-product","3":"status-publish","4":"has-post-thumbnail","6":"pwb-brand-triton","7":"product_cat-ergaenzungen","8":"product_cat-triton-de","10":"first","11":"instock","12":"taxable","13":"shipping-taxable","14":"purchasable","15":"product-type-simple"},"acf":[],"brands":[{"id":2181,"name":"Triton","slug":"triton"}],"_links":{"self":[{"href":"https:\/\/www.seaflowerstore.com\/de\/wp-json\/wp\/v2\/product\/85052","targetHints":{"allow":["GET"]}}],"collection":[{"href":"https:\/\/www.seaflowerstore.com\/de\/wp-json\/wp\/v2\/product"}],"about":[{"href":"https:\/\/www.seaflowerstore.com\/de\/wp-json\/wp\/v2\/types\/product"}],"wp:featuredmedia":[{"embeddable":true,"href":"https:\/\/www.seaflowerstore.com\/de\/wp-json\/wp\/v2\/media\/84725"}],"wp:attachment":[{"href":"https:\/\/www.seaflowerstore.com\/de\/wp-json\/wp\/v2\/media?parent=85052"}],"wp:term":[{"taxonomy":"pwb-brand","embeddable":true,"href":"https:\/\/www.seaflowerstore.com\/de\/wp-json\/wp\/v2\/pwb-brand?post=85052"},{"taxonomy":"product_cat","embeddable":true,"href":"https:\/\/www.seaflowerstore.com\/de\/wp-json\/wp\/v2\/product_cat?post=85052"},{"taxonomy":"product_tag","embeddable":true,"href":"https:\/\/www.seaflowerstore.com\/de\/wp-json\/wp\/v2\/product_tag?post=85052"}],"curies":[{"name":"wp","href":"https:\/\/api.w.org\/{rel}","templated":true}]}}