{"id":85053,"date":"2023-03-11T15:35:17","date_gmt":"2023-03-11T14:36:12","guid":{"rendered":"https:\/\/www.seaflowerstore.com\/nl\/focustronic-dosetronic-dc\/"},"modified":"2023-03-11T15:35:17","modified_gmt":"2023-03-11T14:36:12","slug":"focustronic-dosetronic-dc","status":"publish","type":"product","link":"https:\/\/www.seaflowerstore.com\/de\/focustronic-dosetronic-dc\/","title":{"rendered":"Focustronic Dosetronic DC"},"content":{"rendered":"<h2>Focustronic Dosetronic DC a dosing only solution to your aquarium<\/h2>\n<p>Dosetronic DC ist das kleinere Geschwistermodell von Dosetronic und dient als Einstiegsoption f\u00fcr eine reine Dosierl\u00f6sung f\u00fcr Ihr Aquarium. Genau wie sein Vorg\u00e4nger verf\u00fcgt Dosetronic DC \u00fcber einen flexiblen, voreingestellten Zeitplan und arbeitet nahtlos mit Alkatronic und Mastertronic zusammen, um Ihrem System die erforderlichen Fl\u00fcssigkeiten basierend auf den getesteten Parametern zuzuf\u00fchren.<\/p>\n<p>Die Dosetronic DC ist mit f\u00fcnf Dosierpumpen ausgestattet, die langlebige Pharmed-Schl\u00e4uche f\u00fcr einen leisen Betrieb verwenden. In Verbindung mit Alkatronic erm\u00f6glicht sie eine Gesamtdosierungsanpassung (SDA) und eine selektive Dosierungsanpassung (ODA) und fungiert als Autopilot f\u00fcr Ihren Dosierungsplan basierend auf den von Alkatronic gemessenen Alkalinit\u00e4tswerten. Dar\u00fcber hinaus kann in Kombination mit Mastertronic der Dosierungsplan prozentual basierend auf den getesteten Parametern wie Kalzium, Magnesium und essentiellen N\u00e4hrstoffen angepasst werden.<\/p>\n<p>Die Dosetronic DC ist als Einstiegsdosierstation innerhalb der Focustronic-Reihe positioniert. Es bietet automatische Anpassungen genau wie das Original Dosetronic und verwendet Schrittpumpen von Alkatronic und\/oder Mastertronic.<\/p>\n<p>Hier sind einige wichtige Vorteile dieses aufregenden neuen Produkts:<\/p>\n<ul>\n<li><strong>Geringere Einstiegskosten<\/strong> f\u00fcr das automatisierte Focustronic-System<\/li>\n<li><strong>Ultraleiser Betrieb<\/strong><\/li>\n<li><strong>F\u00fcnf-Pumpen-Design<\/strong> zur Unterst\u00fctzung eines kompletten Riffsystems (KH, Ca, Mg und zwei Elemente\/Nahrung)<\/li>\n<li><strong>Genauigkeit:<\/strong> +\/-2 %<\/li>\n<li><strong>Minimales Dosiervolumen:<\/strong> 0,5 ml<\/li>\n<\/ul>\n","protected":false},"excerpt":{"rendered":"<p>Focustronic Dosetronic DC a dosing only solution to your aquarium<\/p>\n","protected":false},"featured_media":84722,"template":"","meta":[],"pwb-brand":[2261],"product_cat":[1406,1407],"product_tag":[],"class_list":{"0":"post-85053","1":"product","2":"type-product","3":"status-publish","4":"has-post-thumbnail","6":"pwb-brand-focustronic","7":"product_cat-dosierpumpen","8":"product_cat-focustronic-de","10":"first","11":"instock","12":"taxable","13":"shipping-taxable","14":"purchasable","15":"product-type-simple"},"acf":[],"brands":[{"id":2261,"name":"Focustronic","slug":"focustronic"}],"_links":{"self":[{"href":"https:\/\/www.seaflowerstore.com\/de\/wp-json\/wp\/v2\/product\/85053","targetHints":{"allow":["GET"]}}],"collection":[{"href":"https:\/\/www.seaflowerstore.com\/de\/wp-json\/wp\/v2\/product"}],"about":[{"href":"https:\/\/www.seaflowerstore.com\/de\/wp-json\/wp\/v2\/types\/product"}],"wp:featuredmedia":[{"embeddable":true,"href":"https:\/\/www.seaflowerstore.com\/de\/wp-json\/wp\/v2\/media\/84722"}],"wp:attachment":[{"href":"https:\/\/www.seaflowerstore.com\/de\/wp-json\/wp\/v2\/media?parent=85053"}],"wp:term":[{"taxonomy":"pwb-brand","embeddable":true,"href":"https:\/\/www.seaflowerstore.com\/de\/wp-json\/wp\/v2\/pwb-brand?post=85053"},{"taxonomy":"product_cat","embeddable":true,"href":"https:\/\/www.seaflowerstore.com\/de\/wp-json\/wp\/v2\/product_cat?post=85053"},{"taxonomy":"product_tag","embeddable":true,"href":"https:\/\/www.seaflowerstore.com\/de\/wp-json\/wp\/v2\/product_tag?post=85053"}],"curies":[{"name":"wp","href":"https:\/\/api.w.org\/{rel}","templated":true}]}}