{"id":85054,"date":"2023-03-09T18:08:24","date_gmt":"2023-03-09T17:26:51","guid":{"rendered":"https:\/\/www.seaflowerstore.com\/nl\/focustronic-powertronic\/"},"modified":"2023-03-09T18:08:24","modified_gmt":"2023-03-09T17:26:51","slug":"focustronic-powertronic","status":"publish","type":"product","link":"https:\/\/www.seaflowerstore.com\/de\/focustronic-powertronic\/","title":{"rendered":"Focustronic Powertronic"},"content":{"rendered":"<h2>Focustronic Powertronic<\/h2>\n<p>Die Powertronic ist eine intelligente Steckdosenleiste, die drei Modi f\u00fcr jede Steckdose bietet. Sie k\u00f6nnen sie je nach den Ger\u00e4ten, die Sie verwalten, auf AUTO oder EIN\/AUS einstellen. Im AUTO-Modus arbeitet sie nach einem 24-Stunden-Zeitplan und reagiert basierend auf den von Mastertronic und\/oder Alkatronic getesteten Parametern.<\/p>\n<div class=\"elementor-element elementor-element-d26907e elementor-widget elementor-widget-heading\" data-id=\"d26907e\" data-element_type=\"widget\" data-widget_type=\"heading.default\">\n<div class=\"elementor-widget-container\">\n<h3 class=\"elementor-heading-title elementor-size-default\">Focustronic-App<\/h3>\n<\/div>\n<\/div>\n<p>Ger\u00e4te, die an die Powertronic angeschlossen sind, k\u00f6nnen drahtlos gesteuert werden, auch wenn Sie nicht zu Hause sind. Die drei verf\u00fcgbaren Modi sind Auto, Ein und Aus.<\/p>\n<div class=\"elementor-element elementor-element-b2a5f1a elementor-widget elementor-widget-heading\" data-id=\"b2a5f1a\" data-element_type=\"widget\" data-widget_type=\"heading.default\">\n<div class=\"elementor-widget-container\">\n<h3 class=\"elementor-heading-title elementor-size-default\">Planen Sie Ihre Ger\u00e4te<\/h3>\n<\/div>\n<\/div>\n<p>Der Auto-Modus ist eine funktionsreiche Funktion, mit der Benutzer Regeln zum Ausl\u00f6sen von Ein-\/Aus-Aktionen festlegen k\u00f6nnen, einschlie\u00dflich der Dauer dieser Ereignisse. Wenn beispielsweise der NO3-Wert zu niedrig ist, kann es Ihren Filter oder Absch\u00e4umer f\u00fcr mehrere Stunden oder sogar Tage abschalten, damit sich die N\u00e4hrstoffe wieder aufbauen k\u00f6nnen.<\/p>\n<p><strong>Grundlegende Philosophie<\/strong><\/p>\n<p>Heutzutage unterscheidet sich das Riffbauwesen stark von fr\u00fcher, insbesondere in Bezug auf die Automatisierung. Fr\u00fcher war die Riffautomatisierung ziemlich eingeschr\u00e4nkt, da die Benutzer keinen Zugriff auf Live-Daten der getesteten Parameter hatten, um notwendige Ma\u00dfnahmen einzuleiten. Mit unserem Sortiment an automatischen Testern wie Alkatronic und Mastertronic k\u00f6nnen wir \u00fcber 10 Parameter in Echtzeit \u00fcberwachen!<\/p>\n<p>Jeder Parameter kann mehrere Aktionen ausl\u00f6sen, wie z. B. zus\u00e4tzliche Dosen \u00fcber Dosetronic oder das Ein- oder Ausschalten einer Steckdose an der Powertronic. Diese Funktion erm\u00f6glicht automatisierte Aktionen in Echtzeit, ohne dass bei allt\u00e4glichen Aktivit\u00e4ten eine Benutzerinteraktion erforderlich ist, w\u00e4hrend wichtige Parameter weiterhin unter Kontrolle bleiben. Mit der Focustronic All-in-One-App ist die Einrichtung unglaublich unkompliziert! Hier sind einige Beispiele daf\u00fcr, was Sie erreichen k\u00f6nnen:<\/p>\n<p><strong>Fall 1:<\/strong><\/p>\n<p>Mastertronic misst den dKH-Wert und wenn dieser den hohen Referenzwert \u00fcberschreitet, w\u00e4hrend das System einen Kalkreaktor betreibt, kann der Benutzer eine Regel festlegen, um Steckdose 1 an der Powertronic auszuschalten, die die F\u00f6rderpumpe des Kalkreaktors steuert. Wenn der dKH-Wert wieder in einen akzeptablen Bereich zur\u00fcckkehrt, wird die Steckdose wieder eingeschaltet.<\/p>\n<p><strong>Fall 2:<\/strong><\/p>\n<p>Eine der gro\u00dfartigen Funktionen der Powertronic ist die M\u00f6glichkeit, einen Zeitplan basierend auf der Tageszeit mit 30-Minuten-Intervallen zu erstellen. In der oben beschriebenen Kalkreaktor-Konfiguration wird es aufgrund der konstanten Ausgabe des Reaktors \u00fcber 24 Stunden eine t\u00e4gliche dKH-Schwankung geben, w\u00e4hrend die dKH-Aufnahme durch die Korallen w\u00e4hrend der Licht- und Dunkelperioden variieren kann. Nachts kann die Powertronic diese Schwankung durch die Implementierung eines Ein-\/Ausschaltplans minimieren.<\/p>\n<p><strong>Fall 3:<\/strong><\/p>\n<p>N\u00e4hrstoffe sind f\u00fcr die Riffpflege von entscheidender Bedeutung, und ein Eiwei\u00dfabsch\u00e4umer wird h\u00e4ufig verwendet, um \u00fcbersch\u00fcssige N\u00e4hrstoffe zu entfernen. \u00c4hnlich wie in den vorherigen F\u00e4llen kann der Absch\u00e4umer auch zeitgesteuert f\u00fcr eine festgelegte Dauer (z. B. 1 Stunde) ausgeschaltet werden, wenn die NO3- oder PO4-Werte zu niedrig sind. Dadurch k\u00f6nnen sich N\u00e4hrstoffe wieder ansammeln und die Korallen werden vor dem Aushungern gesch\u00fctzt, was zu Korallenbleiche oder STN f\u00fchren k\u00f6nnte.<\/p>\n<h3>Lieferumfang<\/h3>\n<ul>\n<li>Powertronic x 1<\/li>\n<li>Kurzanleitung x 1<\/li>\n<\/ul>\n<h3>Spezifikationen<\/h3>\n<ul>\n<li>Eingang: 110\u2013240 VAC<\/li>\n<li>Ausgang (Steckdosen): 16 A<\/li>\n<li>Ausgang (USB): 2,1 A<\/li>\n<li>Funkfrequenz: WLAN 2,4 GHz<\/li>\n<\/ul>\n<h3>Funktionshighlights:<\/h3>\n<ul>\n<li>\u00dcber WLAN steuerbare Steckdosen<\/li>\n<li>24-Stunden-Zeitpl\u00e4ne mit 30-Minuten-Intervallen<\/li>\n<li>Automatisierung basierend auf Echtzeit-Livedaten von Alkatronic und\/oder Mastertronic<\/li>\n<li>Intuitive App (Focustronic All in One)<\/li>\n<\/ul>\n","protected":false},"excerpt":{"rendered":"<p>Focustronic Powertronic is a smart powerbar that can be controlled by an App<\/p>\n","protected":false},"featured_media":84719,"template":"","meta":[],"pwb-brand":[2261],"product_cat":[1408,1407],"product_tag":[],"class_list":{"0":"post-85054","1":"product","2":"type-product","3":"status-publish","4":"has-post-thumbnail","6":"pwb-brand-focustronic","7":"product_cat-computer-de","8":"product_cat-focustronic-de","10":"first","11":"instock","12":"taxable","13":"shipping-taxable","14":"purchasable","15":"product-type-simple"},"acf":[],"brands":[{"id":2261,"name":"Focustronic","slug":"focustronic"}],"_links":{"self":[{"href":"https:\/\/www.seaflowerstore.com\/de\/wp-json\/wp\/v2\/product\/85054","targetHints":{"allow":["GET"]}}],"collection":[{"href":"https:\/\/www.seaflowerstore.com\/de\/wp-json\/wp\/v2\/product"}],"about":[{"href":"https:\/\/www.seaflowerstore.com\/de\/wp-json\/wp\/v2\/types\/product"}],"wp:featuredmedia":[{"embeddable":true,"href":"https:\/\/www.seaflowerstore.com\/de\/wp-json\/wp\/v2\/media\/84719"}],"wp:attachment":[{"href":"https:\/\/www.seaflowerstore.com\/de\/wp-json\/wp\/v2\/media?parent=85054"}],"wp:term":[{"taxonomy":"pwb-brand","embeddable":true,"href":"https:\/\/www.seaflowerstore.com\/de\/wp-json\/wp\/v2\/pwb-brand?post=85054"},{"taxonomy":"product_cat","embeddable":true,"href":"https:\/\/www.seaflowerstore.com\/de\/wp-json\/wp\/v2\/product_cat?post=85054"},{"taxonomy":"product_tag","embeddable":true,"href":"https:\/\/www.seaflowerstore.com\/de\/wp-json\/wp\/v2\/product_tag?post=85054"}],"curies":[{"name":"wp","href":"https:\/\/api.w.org\/{rel}","templated":true}]}}