{"id":85055,"date":"2023-02-24T17:45:06","date_gmt":"2023-02-24T16:45:06","guid":{"rendered":"https:\/\/www.seaflowerstore.com\/nl\/dsr-mg-balance\/"},"modified":"2023-02-24T17:45:06","modified_gmt":"2023-02-24T16:46:03","slug":"dsr-mg-balance","status":"publish","type":"product","link":"https:\/\/www.seaflowerstore.com\/de\/dsr-mg-balance\/","title":{"rendered":"DSR Mg-Balance"},"content":{"rendered":"<h2>DSR Mg-Balance for increasing magnesium, sulfate and chloride in saltwater aquariums<\/h2>\n<p><strong>Mg-Balance<\/strong> ist ein speziell formuliertes fl\u00fcssiges Magnesiumpr\u00e4parat, das den Magnesium-, Sulfat- und Chloridgehalt in Ihrem Salzwasseraquarium verbessern soll. Sie k\u00f6nnen es direkt verwenden, ohne sich Sorgen machen zu m\u00fcssen, dass Ihre Korallen Schaden nehmen, oder es als Dosierl\u00f6sung in verschiedene Pflegemethoden integrieren.<\/p>\n<p>Wenn Sie sich ausschlie\u00dflich auf einzelne Magnesiumpr\u00e4parate verlassen, kann das Ionengleichgewicht in Ihrem Aquarium gest\u00f6rt werden, was Korrekturen oder sogar Wasserwechsel erforderlich machen kann. Mit <strong>Mg-Balance<\/strong> k\u00f6nnen Sie diese Ungleichgewichte minimieren und schlie\u00dflich beseitigen, wodurch die H\u00e4ufigkeit der Wasserwechsel reduziert wird.<\/p>\n<p>Dieses Produkt ist auch wirksam bei der Erzeugung von <strong>CRS-Salz<\/strong>.<\/p>\n<h3>Bestandteile (Ziele):<\/h3>\n<ul>\n<li>Magnesium (~1350 ppm)<\/li>\n<li>Sulfat (~904 ppm)<\/li>\n<\/ul>\n<h3>Konzentration:<\/h3>\n<p>Um eine Magnesiumerh\u00f6hung von 1 ppm zu erreichen, verwenden Sie <strong>2 ml<\/strong> Mg-Balance pro <strong>100 Liter<\/strong> Wasser.<\/p>\n","protected":false},"excerpt":{"rendered":"<p>DSR Mg-Balance for increasing magnesium, sulfate and chloride in saltwater aquariums<\/p>\n","protected":false},"featured_media":84711,"template":"","meta":[],"pwb-brand":[2183],"product_cat":[1391,1409],"product_tag":[],"class_list":{"0":"post-85055","1":"product","2":"type-product","3":"status-publish","4":"has-post-thumbnail","6":"pwb-brand-dsr","7":"product_cat-ergaenzungen","8":"product_cat-dsr-de","9":"pa_inhoud-1000-ml-de","10":"pa_inhoud-5000-ml-de","12":"first","13":"instock","14":"sale","15":"taxable","16":"shipping-taxable","17":"purchasable","18":"product-type-variable"},"acf":[],"brands":[{"id":2183,"name":"DSR","slug":"dsr"}],"_links":{"self":[{"href":"https:\/\/www.seaflowerstore.com\/de\/wp-json\/wp\/v2\/product\/85055","targetHints":{"allow":["GET"]}}],"collection":[{"href":"https:\/\/www.seaflowerstore.com\/de\/wp-json\/wp\/v2\/product"}],"about":[{"href":"https:\/\/www.seaflowerstore.com\/de\/wp-json\/wp\/v2\/types\/product"}],"wp:featuredmedia":[{"embeddable":true,"href":"https:\/\/www.seaflowerstore.com\/de\/wp-json\/wp\/v2\/media\/84711"}],"wp:attachment":[{"href":"https:\/\/www.seaflowerstore.com\/de\/wp-json\/wp\/v2\/media?parent=85055"}],"wp:term":[{"taxonomy":"pwb-brand","embeddable":true,"href":"https:\/\/www.seaflowerstore.com\/de\/wp-json\/wp\/v2\/pwb-brand?post=85055"},{"taxonomy":"product_cat","embeddable":true,"href":"https:\/\/www.seaflowerstore.com\/de\/wp-json\/wp\/v2\/product_cat?post=85055"},{"taxonomy":"product_tag","embeddable":true,"href":"https:\/\/www.seaflowerstore.com\/de\/wp-json\/wp\/v2\/product_tag?post=85055"}],"curies":[{"name":"wp","href":"https:\/\/api.w.org\/{rel}","templated":true}]}}