{"id":85059,"date":"2023-02-18T15:53:02","date_gmt":"2023-02-18T14:54:23","guid":{"rendered":"https:\/\/www.seaflowerstore.com\/nl\/aquaforest-garlic-essence\/"},"modified":"2023-02-18T15:53:02","modified_gmt":"2023-02-18T14:54:23","slug":"aquaforest-garlic-essence","status":"publish","type":"product","link":"https:\/\/www.seaflowerstore.com\/de\/aquaforest-garlic-essence\/","title":{"rendered":"Aquaforest Garlic Essence"},"content":{"rendered":"<h2>Aquaforest Garlic Essence benefits the immune system, improves vitality and has a beneficial effect on coloration<\/h2>\n<p><strong>Garlic Essence<\/strong> ist ein einzigartiges Nahrungserg\u00e4nzungsmittel aus Knoblauchextrakt. Dieser wirkungsvolle Inhaltsstoff ist f\u00fcr seine F\u00e4higkeit bekannt, das Immunsystem zu unterst\u00fctzen, die Vitalit\u00e4t zu steigern und die F\u00e4rbung positiv zu beeinflussen.<\/p>\n<p>Das Allicin im Knoblauch besitzt <em>antibakterielle<\/em>, <em>antivirale<\/em> und <em>antimykotische<\/em> Eigenschaften und ist somit eine wertvolle Erg\u00e4nzung Ihrer Gesundheitsroutine. Dar\u00fcber hinaus ist dieses Produkt mit Omega-3-Fetts\u00e4uren angereichert, die au\u00dfergew\u00f6hnliche gesundheitliche Vorteile bieten. Diese S\u00e4uren wirken sich positiv auf das Nervensystem und die Herzfunktion aus und wirken auf nat\u00fcrliche Weise als Booster f\u00fcr die allgemeine Gesundheit und Vitalit\u00e4t.<\/p>\n<p>Garlic Essence ist auch bei Behandlungen und in Quarant\u00e4neaquarien wirksam und somit eine vielseitige Wahl f\u00fcr die Wasserpflege.<\/p>\n<p><strong>DOSIERUNG<\/strong>: Geben Sie einfach einen Tropfen Garlic Essence in einen Gefrierfutterw\u00fcrfel oder eine Portion Trockenfutter.<\/p>\n","protected":false},"excerpt":{"rendered":"<p>Aquaforest Garlic Essence benefits the immune system, improves vitality and has a beneficial effect on coloration<\/p>\n","protected":false},"featured_media":84701,"template":"","meta":[],"pwb-brand":[2199],"product_cat":[1414,1402],"product_tag":[],"class_list":{"0":"post-85059","1":"product","2":"type-product","3":"status-publish","4":"has-post-thumbnail","6":"pwb-brand-aquaforest","7":"product_cat-aquaforest-de","8":"product_cat-verschieden","9":"pa_inhoud-10-ml-de","10":"pa_inhoud-50-ml-de","12":"first","13":"instock","14":"sale","15":"taxable","16":"shipping-taxable","17":"purchasable","18":"product-type-variable"},"acf":[],"brands":[{"id":2199,"name":"Aquaforest","slug":"aquaforest"}],"_links":{"self":[{"href":"https:\/\/www.seaflowerstore.com\/de\/wp-json\/wp\/v2\/product\/85059","targetHints":{"allow":["GET"]}}],"collection":[{"href":"https:\/\/www.seaflowerstore.com\/de\/wp-json\/wp\/v2\/product"}],"about":[{"href":"https:\/\/www.seaflowerstore.com\/de\/wp-json\/wp\/v2\/types\/product"}],"wp:featuredmedia":[{"embeddable":true,"href":"https:\/\/www.seaflowerstore.com\/de\/wp-json\/wp\/v2\/media\/84701"}],"wp:attachment":[{"href":"https:\/\/www.seaflowerstore.com\/de\/wp-json\/wp\/v2\/media?parent=85059"}],"wp:term":[{"taxonomy":"pwb-brand","embeddable":true,"href":"https:\/\/www.seaflowerstore.com\/de\/wp-json\/wp\/v2\/pwb-brand?post=85059"},{"taxonomy":"product_cat","embeddable":true,"href":"https:\/\/www.seaflowerstore.com\/de\/wp-json\/wp\/v2\/product_cat?post=85059"},{"taxonomy":"product_tag","embeddable":true,"href":"https:\/\/www.seaflowerstore.com\/de\/wp-json\/wp\/v2\/product_tag?post=85059"}],"curies":[{"name":"wp","href":"https:\/\/api.w.org\/{rel}","templated":true}]}}