{"id":85068,"date":"2023-02-10T17:26:52","date_gmt":"2023-02-10T16:26:52","guid":{"rendered":"https:\/\/www.seaflowerstore.com\/nl\/sicce-syncra-2-0-5-0-suction-cups\/"},"modified":"2023-02-10T17:26:52","modified_gmt":"2023-02-10T16:28:01","slug":"sicce-syncra-2-0-5-0-suction-cups","status":"publish","type":"product","link":"https:\/\/www.seaflowerstore.com\/de\/sicce-syncra-2-0-5-0-suction-cups\/","title":{"rendered":"Sicce Syncra 2.0-5.0 suction cups"},"content":{"rendered":"<h2>Sicce Syncra 2.0-5.0 suction cups<\/h2>\n<p>Wir stellen ein <strong>Set aus vier Saugn\u00e4pfen<\/strong> vor, das speziell f\u00fcr die Sicce Syncra 2.0, 2.5, 3.0, 3.5, 4.0 und 5.0 Druckerh\u00f6hungspumpen entwickelt wurde. Diese Saugn\u00e4pfe sind unerl\u00e4sslich, um einen sicheren und stabilen Halt zu gew\u00e4hrleisten, damit Ihre Pumpen effektiv arbeiten k\u00f6nnen.<\/p>\n<p>Ganz gleich, ob Sie alte Saugn\u00e4pfe ersetzen oder neue Ger\u00e4te einrichten, diese Saugn\u00e4pfe sind eine zuverl\u00e4ssige Wahl, auf die Sie sich verlassen k\u00f6nnen.<\/p>\n","protected":false},"excerpt":{"rendered":"<p>Sicce Syncra 2.0-5.0 suction cups Set of 4 suction cups for the Sicce Syncra 2.0, 2.5, 3.0, 3.5, 4.0 and 5.0 booster pumps<\/p>\n","protected":false},"featured_media":84689,"template":"","meta":[],"pwb-brand":[2163],"product_cat":[1418,2104],"product_tag":[],"class_list":{"0":"post-85068","1":"product","2":"type-product","3":"status-publish","4":"has-post-thumbnail","6":"pwb-brand-sicce","7":"product_cat-teile","8":"product_cat-sicce-de","10":"first","11":"outofstock","12":"taxable","13":"shipping-taxable","14":"purchasable","15":"product-type-simple"},"acf":[],"brands":[{"id":2163,"name":"Sicce","slug":"sicce"}],"_links":{"self":[{"href":"https:\/\/www.seaflowerstore.com\/de\/wp-json\/wp\/v2\/product\/85068","targetHints":{"allow":["GET"]}}],"collection":[{"href":"https:\/\/www.seaflowerstore.com\/de\/wp-json\/wp\/v2\/product"}],"about":[{"href":"https:\/\/www.seaflowerstore.com\/de\/wp-json\/wp\/v2\/types\/product"}],"wp:featuredmedia":[{"embeddable":true,"href":"https:\/\/www.seaflowerstore.com\/de\/wp-json\/wp\/v2\/media\/84689"}],"wp:attachment":[{"href":"https:\/\/www.seaflowerstore.com\/de\/wp-json\/wp\/v2\/media?parent=85068"}],"wp:term":[{"taxonomy":"pwb-brand","embeddable":true,"href":"https:\/\/www.seaflowerstore.com\/de\/wp-json\/wp\/v2\/pwb-brand?post=85068"},{"taxonomy":"product_cat","embeddable":true,"href":"https:\/\/www.seaflowerstore.com\/de\/wp-json\/wp\/v2\/product_cat?post=85068"},{"taxonomy":"product_tag","embeddable":true,"href":"https:\/\/www.seaflowerstore.com\/de\/wp-json\/wp\/v2\/product_tag?post=85068"}],"curies":[{"name":"wp","href":"https:\/\/api.w.org\/{rel}","templated":true}]}}