{"id":85069,"date":"2023-02-07T12:57:32","date_gmt":"2023-02-07T11:57:32","guid":{"rendered":"https:\/\/www.seaflowerstore.com\/nl\/dsr-totalreefcare\/"},"modified":"2023-02-07T12:57:32","modified_gmt":"2023-02-07T12:01:29","slug":"dsr-totalreefcare","status":"publish","type":"product","link":"https:\/\/www.seaflowerstore.com\/de\/dsr-totalreefcare\/","title":{"rendered":"DSR TotalReefCare"},"content":{"rendered":"<h2>DSR TotalReefCare simple and ideal for nanos with mainly LPS and soft-corals<\/h2>\n<p>DSR TotalReefCare bietet eine unkomplizierte L\u00f6sung, da es nur eine Flasche f\u00fcr alles enth\u00e4lt, was Ihr Riffaquarium braucht.<\/p>\n<p>Dieses Produkt ist besonders einfach und perfekt f\u00fcr Nanoaquarien, die haupts\u00e4chlich LPS und Weichkorallen enthalten. Obwohl es auch SPS aufnehmen kann, ist es nicht speziell f\u00fcr anspruchsvolle SPS-Systeme konzipiert, bei denen Zucht und Wachstum die Hauptziele sind.<\/p>\n<p>Es dient als All-in-One-Wartungsl\u00f6sung f\u00fcr Meerwasseraquarien und ist daher besonders f\u00fcr Anf\u00e4nger und erfahrene Aquarianer geeignet, die eine unkomplizierte M\u00f6glichkeit zur Wartung ihrer Aquarien suchen.<\/p>\n<p>Messen Sie zun\u00e4chst die KH-, Kalzium- und Magnesiumwerte und passen Sie sie an die idealen Werte an.<\/p>\n<p>Wenn der Kalziumverbrauch steigt, sollten Sie mit der Dosierung beginnen. <strong>Denken Sie daran, die Dosierung entsprechend dem tats\u00e4chlichen Kalziumverbrauch anzupassen.<\/strong><\/p>\n<p>\u00dcberpr\u00fcfen Sie regelm\u00e4\u00dfig Ihre Parameter und nehmen Sie bei Bedarf Anpassungen vor. F\u00fcr optimale Ergebnisse empfiehlt es sich, sowohl eine UV-Lampe als auch einen Powerfilter zu verwenden.<\/p>\n<p><strong>Konzentration Calcium:<\/strong> 16,67 ml\/100 l = 7,2 ppm Erh\u00f6hung<\/p>\n<p><strong>Komponenten:<\/strong> (Ziele): Alkalinit\u00e4t (~9 dKH), Calcium (~440 ppm), Magnesium (~1350 ppm), Kalium (~440 pp), Strontium (~8 ppm), Bor (~4 ppm), Jod (0,06 ppm), Mangan, Kohlenstoff, N\u00e4hrstoffe.<\/p>\n","protected":false},"excerpt":{"rendered":"<p>DSR TotalReefCare simple and ideal for nanos with mainly LPS and soft-corals<\/p>\n","protected":false},"featured_media":84693,"template":"","meta":[],"pwb-brand":[2183],"product_cat":[1391,1409],"product_tag":[],"class_list":{"0":"post-85069","1":"product","2":"type-product","3":"status-publish","4":"has-post-thumbnail","6":"pwb-brand-dsr","7":"product_cat-ergaenzungen","8":"product_cat-dsr-de","9":"pa_inhoud-1000-ml-de","10":"pa_inhoud-5000-ml-de","12":"first","13":"instock","14":"sale","15":"taxable","16":"shipping-taxable","17":"purchasable","18":"product-type-variable","19":"has-default-attributes"},"acf":[],"brands":[{"id":2183,"name":"DSR","slug":"dsr"}],"_links":{"self":[{"href":"https:\/\/www.seaflowerstore.com\/de\/wp-json\/wp\/v2\/product\/85069","targetHints":{"allow":["GET"]}}],"collection":[{"href":"https:\/\/www.seaflowerstore.com\/de\/wp-json\/wp\/v2\/product"}],"about":[{"href":"https:\/\/www.seaflowerstore.com\/de\/wp-json\/wp\/v2\/types\/product"}],"wp:featuredmedia":[{"embeddable":true,"href":"https:\/\/www.seaflowerstore.com\/de\/wp-json\/wp\/v2\/media\/84693"}],"wp:attachment":[{"href":"https:\/\/www.seaflowerstore.com\/de\/wp-json\/wp\/v2\/media?parent=85069"}],"wp:term":[{"taxonomy":"pwb-brand","embeddable":true,"href":"https:\/\/www.seaflowerstore.com\/de\/wp-json\/wp\/v2\/pwb-brand?post=85069"},{"taxonomy":"product_cat","embeddable":true,"href":"https:\/\/www.seaflowerstore.com\/de\/wp-json\/wp\/v2\/product_cat?post=85069"},{"taxonomy":"product_tag","embeddable":true,"href":"https:\/\/www.seaflowerstore.com\/de\/wp-json\/wp\/v2\/product_tag?post=85069"}],"curies":[{"name":"wp","href":"https:\/\/api.w.org\/{rel}","templated":true}]}}