{"id":85072,"date":"2023-01-27T16:10:31","date_gmt":"2023-01-27T15:10:31","guid":{"rendered":"https:\/\/www.seaflowerstore.com\/nl\/itc-parwise-light-measuring\/"},"modified":"2024-02-01T15:43:31","modified_gmt":"2024-02-01T14:43:31","slug":"itc-parwise-light-measuring","status":"publish","type":"product","link":"https:\/\/www.seaflowerstore.com\/de\/itc-parwise-light-measuring\/","title":{"rendered":"ITC PARwise &#8211; Light measuring"},"content":{"rendered":"<h2>ITC PARwise &#8211; Light measuring <strong>(does not work on iPhone &amp; iPad)<\/strong><\/h2>\n<h2 id=\"understand-your-lighting\">Verstehen Sie Ihre Beleuchtung<\/h2>\n<p>ITC Reefculture wurde mit der Leidenschaft gegr\u00fcndet, einzigartige und funktionale Werkzeuge f\u00fcr Aquarianer aller Erfahrungsstufen zu entwickeln. Unsere Werkzeuge und Zubeh\u00f6rteile sind darauf ausgelegt, Ihnen dabei zu helfen, Ihre Aquarien zu pflegen und sich effektiver um deren Bewohner zu k\u00fcmmern. Das Wohlergehen des Wasserlebens steht im Mittelpunkt unserer Mission, egal ob es darum geht, Werkzeuge zum Laichen von Korallen, zum Zerlegen oder zur Sch\u00e4dlingsbek\u00e4mpfung zu entwickeln! Unser neuestes Angebot, <strong>PARSwise<\/strong>, beantwortet h\u00e4ufige Fragen zu Beleuchtungseinstellungen und deckt Aspekte wie Helligkeit, Farbspektrum und Photoperiode ab. <strong>PARSwise<\/strong> erm\u00f6glicht es Ihnen, fundierte Entscheidungen \u00fcber Ihre Beleuchtungseinstellungen zu treffen und erleichtert ausf\u00fchrliche Diskussionen \u00fcber die Beleuchtung in der Wasserwelt, wobei sowohl Wasserorganismen als auch andere Aspekte genau ber\u00fccksichtigt werden!<\/p>\n<h2 id=\"what-is-it\">Was ist das?<\/h2>\n<p><strong>PARSwise<\/strong> ist ein einzigartiges Lichtmessger\u00e4t, das das <strong>Spektrum<\/strong> messen kann. Es ist vielseitig einsetzbar, sowohl unter Wasser als auch in der Luft, und bietet alle wichtigen Lichtmessungen, die Sie f\u00fcr fundierte Entscheidungen ben\u00f6tigen.<\/p>\n<h2 id=\"what-it-measures\">Was misst es?<\/h2>\n<ul>\n<li><strong>PARSwise<\/strong> misst \u201ePAR\u201c (PPFD \u2013 Photosynthetische Photonenflussdichte \u00b5Mol\/m<sup>2<\/sup>\/s)<\/li>\n<li>Kelvin (Farbtemperatur)<\/li>\n<li>LUX<\/li>\n<li>Spektrum<\/li>\n<li>DLI (Daily Light Integral)<\/li>\n<li>Spitzenwellenl\u00e4nge<\/li>\n<li>Farbton (Farbe)<\/li>\n<\/ul>\n<h2 id=\"how-it-works\">Wie funktioniert es?<\/h2>\n<p><strong>PARSwise<\/strong> verwendet unsere firmeneigene optische Engine, die wir selbst entwickelt haben und die sich unter einem vom Benutzer austauschbaren Cosinus befindet. Korrektor, um den Spektralinhalt und die Intensit\u00e4t des auftreffenden Lichts genau abzulesen. Die Ergebnisse werden an Bord von <strong>PARSwise<\/strong> verarbeitet und per USB zur Anzeige an Ihr Ger\u00e4t \u00fcbertragen. Unsere webbasierte App wird beim ersten Gebrauch automatisch auf Ihr Ger\u00e4t (PC, Mac, Android) heruntergeladen und erm\u00f6glicht so die volle Offline-Funktionalit\u00e4t. Wir bieten einen kostenlosen USB-C-Adapter f\u00fcr Android-Smartphones, Tablets und moderne Computer ohne USB-Anschl\u00fcsse in voller Gr\u00f6\u00dfe. Bitte beachten Sie, dass wir iOS oder iPadOS aufgrund von Apples Einschr\u00e4nkungen f\u00fcr USB OTG auf ihren Mobilger\u00e4ten <strong><em>noch<\/em><\/strong> nicht unterst\u00fctzen.<\/p>\n<h2 id=\"how-to-use\">Wie wird es verwendet?<\/h2>\n<p>Folgen Sie einfach den <a href=\"https:\/\/www.par-wise.com\/learn\/install\" rel=\"noopener nofollow\" target=\"_blank\">Benutzeranweisungen<\/a>, um Ihr <strong>PARSwise<\/strong> betriebsbereit zu machen. Positionieren Sie den Sensor dann neben Ihrem photosynthetischen Organismus, z. B. einer Koralle oder Pflanze, um eine Messung vorzunehmen. Verwenden Sie die Pause-Taste auf dem Bildschirm, um die Messung an dieser Position zu erfassen und Ihr Spektrum mit einer bekannten Spektralreaktionskurve oder einer anderen Lichteinstellung zu vergleichen, die Sie replizieren oder anpassen m\u00f6chten.<\/p>\n<h2 id=\"what-languages-are-available\">Welche Sprachen sind verf\u00fcgbar?<\/h2>\n<p>Unsere Web-App unterst\u00fctzt derzeit Englisch, Franz\u00f6sisch, Deutsch, Niederl\u00e4ndisch, Italienisch und Portugiesisch.<\/p>\n<h2 id=\"tecnical-specification\">Technische Spezifikation<\/h2>\n<table>\n<thead>\n<tr>\n<th>Spezifikation<\/th>\n<th><\/th>\n<\/tr>\n<\/thead>\n<tbody>\n<tr>\n<td><strong>PAR-Bereich<\/strong><\/td>\n<td>0\u20136000 \u00b5Mol\/m<sup>2<\/sup>\/s<\/td>\n<\/tr>\n<tr>\n<td><strong>Kelvin<\/strong><\/td>\n<td>1000-10.000 Kelvin<\/td>\n<\/tr>\n<tr>\n<td><strong>LUX<\/strong><\/td>\n<td>2-300000<\/td>\n<\/tr>\n<tr>\n<td><strong>Spektrum<\/strong><\/td>\n<td>380-800 nm<\/td>\n<\/tr>\n<tr>\n<td><strong>Optischer Messtyp<\/strong><\/td>\n<td>Punktlichtquelle<\/td>\n<\/tr>\n<tr>\n<td><strong>Akzeptierte Lichtquellen<\/strong><\/td>\n<td>Nat\u00fcrlich, LED, Leuchtstoffr\u00f6hre, Gl\u00fchlampe, Gasdampf, HID<\/td>\n<\/tr>\n<tr>\n<td><strong>Messwiederholbarkeit<\/strong><\/td>\n<td>&lt; 0,5 %<\/td>\n<\/tr>\n<tr>\n<td><strong>Kalibrierungsunsicherheit<\/strong><\/td>\n<td>+- 5 %<\/td>\n<\/tr>\n<tr>\n<td><strong>Richtungs-Cosinus-Korrektor<\/strong><\/td>\n<td>Austauschbar<\/td>\n<\/tr>\n<tr>\n<td><strong>Temperaturreaktion<\/strong><\/td>\n<td>Automatische Kompensation<\/td>\n<\/tr>\n<tr>\n<td><strong>Schutzart<\/strong><\/td>\n<td>IP68<\/td>\n<\/tr>\n<tr>\n<td><strong>Abmessungen<\/strong><\/td>\n<td>85 x 40 x 20 mm<\/td>\n<\/tr>\n<tr>\n<td><strong>Ger\u00e4t Gewicht<\/strong><\/td>\n<td>130 g<\/td>\n<\/tr>\n<tr>\n<td><strong>Au\u00dfenma\u00dfe der Verpackung<\/strong><\/td>\n<td>24,5 x 15,5 x 5,5 cm<\/td>\n<\/tr>\n<tr>\n<td><strong>Verpackungsgewicht<\/strong><\/td>\n<td>215 g<\/td>\n<\/tr>\n<\/tbody>\n<\/table>\n<h2 id=\"frequently-asked-questions\">H\u00e4ufig gestellte Fragen<\/h2>\n<h2 id=\"why-would-i-want-one\">Warum sollte ich eins wollen?<\/h2>\n<p>Menschen nehmen Farbe und Intensit\u00e4t nicht genau wahr \u2013 das ist eine Tatsache der menschlichen Evolution, da sich unsere Augen an das Sehen bei verschiedenen Lichtst\u00e4rken angepasst haben. Wenn wir k\u00fcnstliches Licht einrichten, passen wir es daher normalerweise an das an, was wir am liebsten sehen, und nicht an das, was f\u00fcr Korallen oder Pflanzen biologisch optimal ist. Dies f\u00fchrt oft zu Energieverschwendung f\u00fcr unn\u00f6tige Teile des Spektrums und liefert nicht das notwendige Licht, das Korallen brauchen, was zu einer schlechteren Gesundheit und einem schlechteren Wachstum f\u00fchrt. Um erfolgreich zu sein, sind drei Schl\u00fcsselfaktoren erforderlich: das richtige Spektrum, die richtige Lichtmenge und die entsprechende Belichtungsdauer.<\/p>\n<h2 id=\"how-does-it-work\">Wie funktioniert es?<\/h2>\n<p><strong>PARSwise<\/strong> verbindet sich \u00fcber unsere Web-App mit Ihrem Mobilger\u00e4t oder Laptop\/Computer. Sie k\u00f6nnen den Sensor im Aquarium an verschiedenen Punkten und in verschiedenen Tiefen positionieren, die Messwerte und die entsprechenden Positionen aufzeichnen und sich nach und nach ein umfassendes Bild Ihrer Lichteinstellungen machen. Sie k\u00f6nnen dann ver\u00f6ffentlichte Daten und unsere Website zu Rate ziehen, um herauszufinden, wie Sie Ihr Setup verbessern k\u00f6nnen.<\/p>\n<h2 id=\"is-it-just-a-par-meter\">Ist es nur ein PAR-Meter?<\/h2>\n<p>Nein! Wir messen die drei wesentlichen Faktoren, die erforderlich sind, um die photosynthetischen Bewohner Ihres Aquariums erfolgreich mit Licht zu versorgen: Lichtmenge, Spektrum und Belichtungsdauer. Kein herk\u00f6mmliches PAR-Meter kann dies leisten \u2013 aber <strong>PARSwise<\/strong> kann es. Wir haben den Namen <strong>PARSwise<\/strong> gew\u00e4hlt, weil viele Menschen mit diesem Begriff vertraut sind. Jetzt k\u00f6nnen Sie sich besser informiert f\u00fchlen! Wir hoffen auch, dass wir als Hobbyisten alle anfangen k\u00f6nnen, Spektren und Photoperioden (DLI) zusammen mit PAR-Daten zu teilen, um das Wachstumspotenzial unserer Wasserlebewesen wirklich zu maximieren. Denken Sie daran, dass PAR allein wenig bedeutet, ohne Spektrum und Photoperiode (DLI) zu ber\u00fccksichtigen. Sie haben vielleicht 500 PAR, aber wenn das Spektrum nicht stimmt, kann Ihr Organismus nicht viel davon nutzen.<\/p>\n<h2 id=\"is-it-full-spectrum\">Ist es das volle Spektrum?<\/h2>\n<p>Der Begriff \u201evolles Spektrum\u201c kann etwas irref\u00fchrend sein. Beginnen wir mit der Messung von 0 nm bis zu welcher Wellenl\u00e4nge? Es gibt immer einen bestimmten Betriebsbereich. Was jedoch das gesamte f\u00fcr den Menschen sichtbare Spektrum betrifft, ja, wir messen alles, einschlie\u00dflich UV und Infrarot. Wir k\u00f6nnen mehr als nur PAR messen.<\/p>\n<h2 id=\"how-can-i-learn-more-about-lighting-terminology-and-how-its-relevant-to-my-tank\">Wie kann ich mehr \u00fcber die Beleuchtungsterminologie und ihre Relevanz f\u00fcr mein Aquarium erfahren?<\/h2>\n<p>Es gibt viele hervorragende Artikel online, aber wir entwickeln auch eine Beleuchtungsbibliothek auf der <a href=\"https:\/\/www.par-wise.com\/learn\" rel=\"noopener nofollow\" target=\"_blank\">PARwise-Website<\/a>. Wir hoffen, dass diese Ressource f\u00fcr Aquarianer und Enthusiasten gleicherma\u00dfen wertvoll sein wird.<\/p>\n<h2 id=\"will-it-match-my-apogee-or-other-meters-like-seneye-reef\">Passt es zu meinem Apogee oder anderen Messger\u00e4ten wie Seneye Reef?<\/h2>\n<p>Welches Apogee meinen Sie? Es gibt zahlreiche Modelle und sie alle liefern aus triftigen Gr\u00fcnden unterschiedliche Ergebnisse. Jeder Sensor hat einen definierten Betriebsbereich und innerhalb dieses Bereichs gibt es bestimmte Punkte, an denen er empfindlicher ist. Apogee-Sensoren sind nicht \u201eintelligent\u201c; sie haben einen festen Empfindlichkeitsbereich und k\u00f6nnen bestimmte Teile des Spektrums nicht herausfiltern. Einige Modelle schlie\u00dfen f\u00e4lschlicherweise nahes UV in ihre PAR-Messwerte ein, das technisch gesehen nicht Teil des PAR-Bereichs sein sollte. Da <strong>PARSwise<\/strong> Spektrum wahrnehmen kann, k\u00f6nnen wir die Segmente des Spektrums, die nicht der wissenschaftlichen Definition dieser Messung entsprechen, effektiv ignorieren und so eine genauere und zuverl\u00e4ssigere Messung gew\u00e4hrleisten. Seneye Reef verf\u00fcgt \u00fcber einen einfachen Lichtmesser, aber dieser wurde nie als Hauptfunktion konzipiert. Er eignet sich gut f\u00fcr den indikativen Gebrauch, aber sein Kerndesign und seine Konstruktion konzentrieren sich auf den Schutz von Fischen.<\/p>\n<h2 id=\"why-doesnt-it-have-a-domed-lens\">Warum hat es keine gew\u00f6lbte Linse?<\/h2>\n<p><strong>PARSwise<\/strong> verwendet ein echtes wissenschaftliches Kosinuskorrekturmaterial. In der Vergangenheit haben Hersteller versucht, kosteng\u00fcnstige Linsen zu entwickeln, um das Licht auf den Sensor zu fokussieren, was zu einer schlechten Effizienz f\u00fchrte. Die Leistung eines echten wissenschaftlichen Kosinuskorrektors ist deutlich besser beim Sammeln von au\u00dferaxialem Licht von Reflexionen oder mehreren Emissionsquellen, die auf dasselbe Ziel gerichtet sind. Obwohl die Kosinuskorrektur f\u00fcr die Verwendung in Aquarien nicht entscheidend ist, war sie f\u00fcr <strong>PARSwise<\/strong> unerl\u00e4sslich, da es auch \u00fcber die Aquaristik hinaus Anwendungsm\u00f6glichkeiten hat. Wie jede optische Linse muss sie sauber gehalten werden; das Kosinusmaterial besteht jedoch aus einem Polymer mit niedriger Oberfl\u00e4chenenergie, wodurch eine schnelle Verschmutzung verhindert wird. Die Kosinuslinse von <strong>PARSwise<\/strong> ist au\u00dferdem austauschbar.<\/p>\n<h2 id=\"can-it-work-underwater\">Kann es unter Wasser funktionieren?<\/h2>\n<p>Absolut! <strong>PARSwise<\/strong> funktioniert sowohl unter als auch \u00fcber Wasser pr\u00e4zise, \u200b\u200bdank eines speziellen Softwareschalters in der Web-App, mit dem Sie zwischen Luft, Unterwasser, Salzwasser und S\u00fc\u00dfwasser w\u00e4hlen k\u00f6nnen. Ob Sie es glauben oder nicht, die Kalibrierungen unterscheiden sich f\u00fcr jede dieser Bedingungen aufgrund von Abweichungen bei Beugung und gel\u00f6sten Mineralien\/organischen Stoffen.<\/p>\n<h2 id=\"how-deep-can-it-work\">Wie tief kann es funktionieren?<\/h2>\n<p>Die Kabell\u00e4nge vom Sensor bis zum Stecker betr\u00e4gt 2,5 Meter, was nicht wasserdicht ist, obwohl Ihr <strong>PARSwise<\/strong> es ist! Es kann also realistischerweise fast so tief verwendet werden!<\/p>\n<h2 id=\"will-it-work-on-ios-products-iphone--ipad\">Funktioniert es auf iOS-Produkten (iPhone &amp; iPad)?<\/h2>\n<p>Momentan nicht. Der Grund ist, dass Apple USB OTG auf seinen Telefonen und Tablets nicht zul\u00e4sst. Es ist jedoch vollst\u00e4ndig mit macOS kompatibel. Wenn Sie also einen Desktop-Mac oder ein MacBook besitzen, sind Sie bestens ger\u00fcstet. Wir hoffen, dass Apple diese Funktion aktiviert, sobald es bei seinen Mobilger\u00e4ten vollst\u00e4ndig auf USB-C umsteigt. Leider ist dies derzeit nicht m\u00f6glich, w\u00e4hrend dies bei fast allen anderen Mobilger\u00e4teherstellern der Fall ist. Wenn Sie in der Klemme sind, k\u00f6nnen Sie ein Amazon Kindle Fire 7 kaufen, das recht erschwinglich ist und Ihnen dennoch ein cooles kleines Tablet bietet, und das alles f\u00fcr deutlich weniger als die Kosten eines Einparameter-Lichtmessger\u00e4ts anderer Hersteller.<\/p>\n<h2 id=\"will-it-work-on-mac\">Funktioniert es auf einem MAC?<\/h2>\n<p>JA!<\/p>\n<h2 id=\"why-i-need-an-adapter\">Warum brauche ich einen Adapter?<\/h2>\n<p>Der mitgelieferte kostenlose USB-C-Adapter wird mitgeliefert, damit Sie <strong>PARSwise<\/strong> an eine Reihe von alten und neuen Ger\u00e4ten anschlie\u00dfen k\u00f6nnen, von Computern bis hin zu Telefonen.<\/p>\n<h2 id=\"why-it-run-only-in-chrome--edge\">Warum l\u00e4uft es nur in Chrome und Edge?<\/h2>\n<p>Es funktioniert auf jedem Chromium-basierten Browser, einschlie\u00dflich Amazon Silk f\u00fcr Kindle-Besitzer. Mit diesem Ansatz k\u00f6nnen wir Updates f\u00fcr Ihr Ger\u00e4t und Ihre Software schnell und einfach bereitstellen. Es handelt sich um eine fantastische Technologie, die bedeutet, dass nur eine App ben\u00f6tigt wird, um auf einer Vielzahl von Ger\u00e4ten zu funktionieren.<\/p>\n<h2 id=\"can-i-use-it-for-my-own-application\">Kann ich es f\u00fcr meine eigene Anwendung verwenden?<\/h2>\n<p>Wenn es um die Messung von Licht in Luft oder Fl\u00fcssigkeit geht, funktioniert es. Stellen Sie einfach sicher, dass die Fl\u00fcssigkeit keine sch\u00e4dliche Chemikalie ist! Wenn Sie spezielle kommerzielle Anwendungen im Sinn haben, wenden Sie sich bitte an uns unter <a href=\"mailto:Support@itcreefculture.com\">Support@itcreefculture.com<\/a>. Wir beraten Sie gerne individuell.<\/p>\n<h2 id=\"how-do-i-get-the-latest-software\">Wie bekomme ich die neueste Software?<\/h2>\n<p>Wenn Sie sich bei der Web-App anmelden und Ihr Ger\u00e4t mit dem Internet verbunden ist, sucht unsere Site nach der neuesten Version der Web-App und Firmware f\u00fcr Ihr Ger\u00e4t und benachrichtigt Sie \u00fcber alle erforderlichen Upgrades.<\/p>\n","protected":false},"excerpt":{"rendered":"<p>ITC PARwise\u00a0is a unique light meter with the ability to measure\u00a0<strong>spectrum <\/strong><strong>(doesn&#8217;t work on iPhone &amp; iPad)<\/strong><\/p>\n","protected":false},"featured_media":84677,"template":"","meta":[],"pwb-brand":[2305],"product_cat":[1387,1393],"product_tag":[],"class_list":{"0":"post-85072","1":"product","2":"type-product","3":"status-publish","4":"has-post-thumbnail","6":"pwb-brand-itc-reefculture","7":"product_cat-messsysteme","8":"product_cat-beleuchtungszubehoer","10":"first","11":"instock","12":"taxable","13":"shipping-taxable","14":"purchasable","15":"product-type-simple"},"acf":[],"brands":[{"id":2305,"name":"ITC Reefculture","slug":"itc-reefculture"}],"_links":{"self":[{"href":"https:\/\/www.seaflowerstore.com\/de\/wp-json\/wp\/v2\/product\/85072","targetHints":{"allow":["GET"]}}],"collection":[{"href":"https:\/\/www.seaflowerstore.com\/de\/wp-json\/wp\/v2\/product"}],"about":[{"href":"https:\/\/www.seaflowerstore.com\/de\/wp-json\/wp\/v2\/types\/product"}],"wp:featuredmedia":[{"embeddable":true,"href":"https:\/\/www.seaflowerstore.com\/de\/wp-json\/wp\/v2\/media\/84677"}],"wp:attachment":[{"href":"https:\/\/www.seaflowerstore.com\/de\/wp-json\/wp\/v2\/media?parent=85072"}],"wp:term":[{"taxonomy":"pwb-brand","embeddable":true,"href":"https:\/\/www.seaflowerstore.com\/de\/wp-json\/wp\/v2\/pwb-brand?post=85072"},{"taxonomy":"product_cat","embeddable":true,"href":"https:\/\/www.seaflowerstore.com\/de\/wp-json\/wp\/v2\/product_cat?post=85072"},{"taxonomy":"product_tag","embeddable":true,"href":"https:\/\/www.seaflowerstore.com\/de\/wp-json\/wp\/v2\/product_tag?post=85072"}],"curies":[{"name":"wp","href":"https:\/\/api.w.org\/{rel}","templated":true}]}}