{"id":85076,"date":"2023-01-26T14:19:46","date_gmt":"2023-01-26T13:19:47","guid":{"rendered":"https:\/\/www.seaflowerstore.com\/nl\/af-media-bag-xl-30x25cm\/"},"modified":"2023-01-26T14:19:46","modified_gmt":"2023-01-26T13:19:47","slug":"af-media-bag-xl-30x25cm","status":"publish","type":"product","link":"https:\/\/www.seaflowerstore.com\/de\/af-media-bag-xl-30x25cm\/","title":{"rendered":"AF Media Bag XL (30x25cm)"},"content":{"rendered":"<h2>Aqua Forest AF Media Bag XL (30x25cm)<\/h2>\n<p>Der Aqua Forest AF Media Bag XL ist ein <strong>langlebiger Netzbeutel<\/strong>, der einen optimalen Wasserfluss durch Medien wie Aktivkohle gew\u00e4hrleistet. Dieses Produkt ist perfekt f\u00fcr alle, die das Filtersystem ihres Aquariums verbessern m\u00f6chten.<\/p>\n<p>Dank seiner robusten Konstruktion erm\u00f6glicht dieser Medienbeutel eine effiziente Wasserzirkulation, die f\u00fcr die Aufrechterhaltung einer sauberen und gesunden Wasserumgebung unerl\u00e4sslich ist. Sie k\u00f6nnen sich auf seine Leistung verlassen, um Ihr Aquarium in Topform zu halten.<\/p>\n<p>Egal, ob Sie ein erfahrener Aquarianer sind oder gerade erst anfangen, mit dem AF Media Bag XL wird die Handhabung Ihrer Filtermedien zum Kinderspiel. Er ist eine einfache, aber effektive L\u00f6sung zur Verbesserung Ihrer Aquarieneinrichtung.<\/p>\n","protected":false},"excerpt":{"rendered":"<p>AquaForest AF Media Bag XL (30x25cm) Durable mesh bag providing optimal water flow through media like activated carbon<\/p>\n","protected":false},"featured_media":84672,"template":"","meta":[],"pwb-brand":[2199],"product_cat":[1414,1403],"product_tag":[],"class_list":{"0":"post-85076","1":"product","2":"type-product","3":"status-publish","4":"has-post-thumbnail","6":"pwb-brand-aquaforest","7":"product_cat-aquaforest-de","8":"product_cat-beutel-filterung","10":"first","11":"instock","12":"taxable","13":"shipping-taxable","14":"purchasable","15":"product-type-simple"},"acf":[],"brands":[{"id":2199,"name":"Aquaforest","slug":"aquaforest"}],"_links":{"self":[{"href":"https:\/\/www.seaflowerstore.com\/de\/wp-json\/wp\/v2\/product\/85076","targetHints":{"allow":["GET"]}}],"collection":[{"href":"https:\/\/www.seaflowerstore.com\/de\/wp-json\/wp\/v2\/product"}],"about":[{"href":"https:\/\/www.seaflowerstore.com\/de\/wp-json\/wp\/v2\/types\/product"}],"wp:featuredmedia":[{"embeddable":true,"href":"https:\/\/www.seaflowerstore.com\/de\/wp-json\/wp\/v2\/media\/84672"}],"wp:attachment":[{"href":"https:\/\/www.seaflowerstore.com\/de\/wp-json\/wp\/v2\/media?parent=85076"}],"wp:term":[{"taxonomy":"pwb-brand","embeddable":true,"href":"https:\/\/www.seaflowerstore.com\/de\/wp-json\/wp\/v2\/pwb-brand?post=85076"},{"taxonomy":"product_cat","embeddable":true,"href":"https:\/\/www.seaflowerstore.com\/de\/wp-json\/wp\/v2\/product_cat?post=85076"},{"taxonomy":"product_tag","embeddable":true,"href":"https:\/\/www.seaflowerstore.com\/de\/wp-json\/wp\/v2\/product_tag?post=85076"}],"curies":[{"name":"wp","href":"https:\/\/api.w.org\/{rel}","templated":true}]}}