{"id":85078,"date":"2023-01-26T12:30:36","date_gmt":"2023-01-26T11:33:47","guid":{"rendered":"https:\/\/www.seaflowerstore.com\/nl\/lid-seal-for-fmr75-flat-section\/"},"modified":"2023-01-26T12:30:36","modified_gmt":"2023-01-26T11:33:47","slug":"lid-seal-for-fmr75-flat-section","status":"publish","type":"product","link":"https:\/\/www.seaflowerstore.com\/de\/lid-seal-for-fmr75-flat-section\/","title":{"rendered":"Lid Seal for FMR75 (Flat Section)"},"content":{"rendered":"<h2>Lid Seal for FMR75 (Flat Section)<\/h2>\n<p>Der Flachdichtring ist ein wesentliches Bauteil des Medienreaktors FMR75 von DD. Dieses Teil sorgt f\u00fcr eine sichere Abdichtung und bewahrt die Integrit\u00e4t des Reaktors w\u00e4hrend des Betriebs.<\/p>\n","protected":false},"excerpt":{"rendered":"<p>Flat sealing ring which is used in the FMR75 media reactor from DD<\/p>\n","protected":false},"featured_media":84670,"template":"","meta":[],"pwb-brand":[2137],"product_cat":[1389],"product_tag":[],"class_list":{"0":"post-85078","1":"product","2":"type-product","3":"status-publish","4":"has-post-thumbnail","6":"pwb-brand-d-d-the-aquarium-solution","7":"product_cat-wervelbedfilter-media-filter-de","9":"first","10":"instock","11":"taxable","12":"shipping-taxable","13":"purchasable","14":"product-type-simple"},"acf":[],"brands":[{"id":2137,"name":"D-D the aquarium solution","slug":"d-d-the-aquarium-solution"}],"_links":{"self":[{"href":"https:\/\/www.seaflowerstore.com\/de\/wp-json\/wp\/v2\/product\/85078","targetHints":{"allow":["GET"]}}],"collection":[{"href":"https:\/\/www.seaflowerstore.com\/de\/wp-json\/wp\/v2\/product"}],"about":[{"href":"https:\/\/www.seaflowerstore.com\/de\/wp-json\/wp\/v2\/types\/product"}],"wp:featuredmedia":[{"embeddable":true,"href":"https:\/\/www.seaflowerstore.com\/de\/wp-json\/wp\/v2\/media\/84670"}],"wp:attachment":[{"href":"https:\/\/www.seaflowerstore.com\/de\/wp-json\/wp\/v2\/media?parent=85078"}],"wp:term":[{"taxonomy":"pwb-brand","embeddable":true,"href":"https:\/\/www.seaflowerstore.com\/de\/wp-json\/wp\/v2\/pwb-brand?post=85078"},{"taxonomy":"product_cat","embeddable":true,"href":"https:\/\/www.seaflowerstore.com\/de\/wp-json\/wp\/v2\/product_cat?post=85078"},{"taxonomy":"product_tag","embeddable":true,"href":"https:\/\/www.seaflowerstore.com\/de\/wp-json\/wp\/v2\/product_tag?post=85078"}],"curies":[{"name":"wp","href":"https:\/\/api.w.org\/{rel}","templated":true}]}}