{"id":85079,"date":"2023-01-26T11:59:04","date_gmt":"2023-01-26T11:02:15","guid":{"rendered":"https:\/\/www.seaflowerstore.com\/nl\/reef-factory-accessory-pack-for-dosing-pump-dp-x3\/"},"modified":"2023-01-26T11:59:04","modified_gmt":"2023-01-26T11:02:15","slug":"reef-factory-accessory-pack-for-dosing-pump-dp-x3","status":"publish","type":"product","link":"https:\/\/www.seaflowerstore.com\/de\/reef-factory-accessory-pack-for-dosing-pump-dp-x3\/","title":{"rendered":"Reef Factory Accessory pack for Dosing pump \/ DP x3"},"content":{"rendered":"<h2>Reef Factory Accessory pack for Dosing pump \/ DP x3<\/h2>\n<p>Dies ist ein fantastisches Zubeh\u00f6rset f\u00fcr die Verwendung mit der Dosierpumpe X3, der Dosierpumpe und der Dosierpumpe Pro. Mit diesem Set k\u00f6nnen Sie durch durchdacht angeordnete Schl\u00e4uche f\u00fcr Sicherheit sorgen und eine hervorragende Organisation aufrechterhalten.<\/p>\n<p>Diese L\u00f6sung verhindert, dass Sie beim Arbeiten an der Pumpe versehentlich \u00fcber die Schl\u00e4uche stolpern. Das komplette Set enth\u00e4lt bunte Schl\u00e4uche sowie Acrylelemente, damit alles ordentlich organisiert bleibt.<\/p>\n<p>Das Set enth\u00e4lt:<\/p>\n<ul>\n<li>Drei 4-Meter-Schl\u00e4uche<\/li>\n<li>Ein komplettes Set mit Acryl-Organizern<\/li>\n<\/ul>\n<p><strong>Farbe der Schl\u00e4uche:<\/strong> gr\u00fcn, gelb, blau.<\/p>\n<p><strong>Farbe der Acrylelemente:<\/strong> wei\u00df.<\/p>\n","protected":false},"excerpt":{"rendered":"<p>Reef Factory Accessory pack for Dosing pump \/ DP x3 with 3x 4 meter hoses<\/p>\n","protected":false},"featured_media":84669,"template":"","meta":[],"pwb-brand":[2285],"product_cat":[1420],"product_tag":[],"class_list":{"0":"post-85079","1":"product","2":"type-product","3":"status-publish","4":"has-post-thumbnail","6":"pwb-brand-reef-factory","7":"product_cat-doseerpomp-accessoires-de","9":"first","10":"instock","11":"sale","12":"taxable","13":"shipping-taxable","14":"purchasable","15":"product-type-simple"},"acf":[],"brands":[{"id":2285,"name":"Reef Factory","slug":"reef-factory"}],"_links":{"self":[{"href":"https:\/\/www.seaflowerstore.com\/de\/wp-json\/wp\/v2\/product\/85079","targetHints":{"allow":["GET"]}}],"collection":[{"href":"https:\/\/www.seaflowerstore.com\/de\/wp-json\/wp\/v2\/product"}],"about":[{"href":"https:\/\/www.seaflowerstore.com\/de\/wp-json\/wp\/v2\/types\/product"}],"wp:featuredmedia":[{"embeddable":true,"href":"https:\/\/www.seaflowerstore.com\/de\/wp-json\/wp\/v2\/media\/84669"}],"wp:attachment":[{"href":"https:\/\/www.seaflowerstore.com\/de\/wp-json\/wp\/v2\/media?parent=85079"}],"wp:term":[{"taxonomy":"pwb-brand","embeddable":true,"href":"https:\/\/www.seaflowerstore.com\/de\/wp-json\/wp\/v2\/pwb-brand?post=85079"},{"taxonomy":"product_cat","embeddable":true,"href":"https:\/\/www.seaflowerstore.com\/de\/wp-json\/wp\/v2\/product_cat?post=85079"},{"taxonomy":"product_tag","embeddable":true,"href":"https:\/\/www.seaflowerstore.com\/de\/wp-json\/wp\/v2\/product_tag?post=85079"}],"curies":[{"name":"wp","href":"https:\/\/api.w.org\/{rel}","templated":true}]}}