{"id":85081,"date":"2023-01-15T17:46:23","date_gmt":"2023-01-15T16:47:26","guid":{"rendered":"https:\/\/www.seaflowerstore.com\/nl\/aqua-medic-micro-heater\/"},"modified":"2025-08-05T14:36:07","modified_gmt":"2025-08-05T12:36:07","slug":"aqua-medic-micro-heater","status":"publish","type":"product","link":"https:\/\/www.seaflowerstore.com\/de\/aqua-medic-micro-heater\/","title":{"rendered":"Aqua Medic Micro Heater"},"content":{"rendered":"<h2>Aqua Medic Micro Heater Adjustable heater with USB connection for smaller aquaria<\/h2>\n<p>Der <strong>Micro-Heizer<\/strong> eignet sich optimal f\u00fcr kleine Aquarien mit einem maximalen Wasservolumen von 10 Litern. Mithilfe der mitgelieferten Halterung k\u00f6nnen Sie den <strong>Micro-Heizer<\/strong> ganz einfach positionieren. Seine intelligente Elektronik sorgt daf\u00fcr, dass die Wassertemperatur konstant auf der von Ihnen gew\u00fcnschten Temperatur bleibt. Dar\u00fcber hinaus sorgt ein \u00dcberhitzungs- und Trockenlaufschutz f\u00fcr zus\u00e4tzliche Sicherheit.<\/p>\n<p>\u00dcber den externen Regler mit Display l\u00e4sst sich die Wassertemperatur m\u00fchelos einstellen und bietet die M\u00f6glichkeit, zwischen Celsius und Fahrenheit zu w\u00e4hlen.<\/p>\n<table border=\"1\">\n<tbody>\n<tr>\n<td>F\u00fcr Aquarien bis<\/td>\n<td>10 l<\/td>\n<\/tr>\n<tr>\n<td>Spannung<\/td>\n<td>5 V<\/td>\n<\/tr>\n<tr>\n<td>Stromverbrauch ca.<\/td>\n<td>10 W<\/td>\n<\/tr>\n<tr>\n<td>Kabell\u00e4nge ca.<\/td>\n<td>130 cm<\/td>\n<\/tr>\n<tr>\n<td>Temperaturgenauigkeit<\/td>\n<td>+\/- 1\u00b0C \/ +\/- 1\u00b0F<\/td>\n<\/tr>\n<tr>\n<td>Einstellbereich<\/td>\n<td>18 \u00b0C \u2013 34 \u00b0C \/ 64 \u00b0F \u2013 93 \u00b0F<\/td>\n<\/tr>\n<tr>\n<td>Regelschritte<\/td>\n<td>0,5 \u00b0C \/ 1 \u00b0F<\/td>\n<\/tr>\n<tr>\n<td>Ma\u00dfe ca.<\/td>\n<td>\u00d8 20 mm, L 55 mm (ohne Halterung)<\/td>\n<\/tr>\n<\/tbody>\n<\/table>\n<p><strong>Achtung:<\/strong> F\u00fcr den <strong>Mikroheizer wird ein 5 V, mindestens 2,4 A USB-Netzteil oder -Ladeger\u00e4t ben\u00f6tigt (nicht im Lieferumfang enthalten)<\/strong>.<\/p>\n","protected":false},"excerpt":{"rendered":"<p>Adjustable heater with USB connection for smaller aquaria<\/p>\n","protected":false},"featured_media":84661,"template":"","meta":[],"pwb-brand":[2149],"product_cat":[1422,1421],"product_tag":[],"class_list":{"0":"post-85081","1":"product","2":"type-product","3":"status-publish","4":"has-post-thumbnail","6":"pwb-brand-aqua-medic","7":"product_cat-aquariumheizung","8":"product_cat-aqua-medic-de","10":"first","11":"instock","12":"taxable","13":"shipping-taxable","14":"purchasable","15":"product-type-simple"},"acf":[],"brands":[{"id":2149,"name":"Aqua Medic","slug":"aqua-medic"}],"_links":{"self":[{"href":"https:\/\/www.seaflowerstore.com\/de\/wp-json\/wp\/v2\/product\/85081","targetHints":{"allow":["GET"]}}],"collection":[{"href":"https:\/\/www.seaflowerstore.com\/de\/wp-json\/wp\/v2\/product"}],"about":[{"href":"https:\/\/www.seaflowerstore.com\/de\/wp-json\/wp\/v2\/types\/product"}],"wp:featuredmedia":[{"embeddable":true,"href":"https:\/\/www.seaflowerstore.com\/de\/wp-json\/wp\/v2\/media\/84661"}],"wp:attachment":[{"href":"https:\/\/www.seaflowerstore.com\/de\/wp-json\/wp\/v2\/media?parent=85081"}],"wp:term":[{"taxonomy":"pwb-brand","embeddable":true,"href":"https:\/\/www.seaflowerstore.com\/de\/wp-json\/wp\/v2\/pwb-brand?post=85081"},{"taxonomy":"product_cat","embeddable":true,"href":"https:\/\/www.seaflowerstore.com\/de\/wp-json\/wp\/v2\/product_cat?post=85081"},{"taxonomy":"product_tag","embeddable":true,"href":"https:\/\/www.seaflowerstore.com\/de\/wp-json\/wp\/v2\/product_tag?post=85081"}],"curies":[{"name":"wp","href":"https:\/\/api.w.org\/{rel}","templated":true}]}}